{"id":7530,"date":"2026-02-04T14:19:10","date_gmt":"2026-02-04T13:19:10","guid":{"rendered":"https:\/\/bioplace.biz\/?post_type=product&#038;p=7530"},"modified":"2026-02-11T17:30:54","modified_gmt":"2026-02-11T16:30:54","slug":"pellet-a-domicilio","status":"publish","type":"product","link":"https:\/\/bioplace.biz\/en\/producto\/pellet-a-domicilio\/","title":{"rendered":"1 Palet de Pellets. Entrega a tu domicilio en Tarragona y la Plana de Lleida en cami\u00f3n incluida."},"content":{"rendered":"<p data-start=\"313\" data-end=\"559\">Servicio de <strong data-start=\"325\" data-end=\"360\">pellet a domicilio en Tarragona<\/strong> y en la <strong data-start=\"369\" data-end=\"402\">zona de Plana de Lleida<\/strong>, con <strong data-start=\"408\" data-end=\"429\">entrega en cami\u00f3n<\/strong> de <strong data-start=\"433\" data-end=\"474\">1 palet completo de pellets de madera<\/strong>, compuesto por <strong data-start=\"490\" data-end=\"511\">77 sacos de 15 kg<\/strong> cada uno (peso total aproximado: <strong data-start=\"545\" data-end=\"557\">1.155 kg<\/strong>).<\/p>\n<p data-start=\"561\" data-end=\"720\">Ideal para particulares y empresas que buscan <strong data-start=\"607\" data-end=\"666\">pellets de alta calidad con entrega directa a domicilio<\/strong>, listos para su uso en estufas y calderas de biomasa.<\/p>\n<h3 data-start=\"722\" data-end=\"768\">\ud83d\udd25 <strong data-start=\"729\" data-end=\"768\">Caracter\u00edsticas t\u00e9cnicas del pellet<\/strong><\/h3>\n<ul data-start=\"769\" data-end=\"914\">\n<li data-start=\"769\" data-end=\"789\">\n<p data-start=\"771\" data-end=\"789\">Humedad: <strong data-start=\"780\" data-end=\"789\">5,9 %<\/strong><\/p>\n<\/li>\n<li data-start=\"790\" data-end=\"808\">\n<p data-start=\"792\" data-end=\"808\">Finos: <strong data-start=\"799\" data-end=\"808\">0,2 %<\/strong><\/p>\n<\/li>\n<li data-start=\"809\" data-end=\"829\">\n<p data-start=\"811\" data-end=\"829\">Cenizas: <strong data-start=\"820\" data-end=\"829\">0,4 %<\/strong><\/p>\n<\/li>\n<li data-start=\"830\" data-end=\"864\">\n<p data-start=\"832\" data-end=\"864\">Durabilidad mec\u00e1nica: <strong data-start=\"854\" data-end=\"864\">98,9 %<\/strong><\/p>\n<\/li>\n<li data-start=\"865\" data-end=\"914\">\n<p data-start=\"867\" data-end=\"914\">Poder calor\u00edfico inferior: <strong data-start=\"894\" data-end=\"914\">4,9 \u2013 5,3 kWh\/kg<\/strong><\/p>\n<\/li>\n<\/ul>\n<h3 data-start=\"916\" data-end=\"948\">\ud83c\udf32 <strong data-start=\"923\" data-end=\"948\">Composici\u00f3n y calidad<\/strong><\/h3>\n<ul data-start=\"949\" data-end=\"1192\">\n<li data-start=\"949\" data-end=\"1028\">\n<p data-start=\"951\" data-end=\"1028\">Pellet fabricado con <strong data-start=\"972\" data-end=\"1004\">madera de pino 100 % natural<\/strong>, sin aditivos ni colas.<\/p>\n<\/li>\n<li data-start=\"1029\" data-end=\"1105\">\n<p data-start=\"1031\" data-end=\"1105\">Combusti\u00f3n limpia, alto rendimiento energ\u00e9tico y m\u00ednimo residuo de ceniza.<\/p>\n<\/li>\n<li data-start=\"1106\" data-end=\"1192\">\n<p data-start=\"1108\" data-end=\"1192\">Producto respetuoso con el medio ambiente, ideal para un uso eficiente y sostenible.<\/p>\n<\/li>\n<\/ul>\n<h3 data-start=\"1194\" data-end=\"1219\">\u2705 <strong data-start=\"1200\" data-end=\"1219\">Certificaciones<\/strong><\/h3>\n<ul data-start=\"1220\" data-end=\"1249\">\n<li data-start=\"1220\" data-end=\"1235\">\n<p data-start=\"1222\" data-end=\"1235\"><strong data-start=\"1222\" data-end=\"1235\">ENplus A1<\/strong><\/p>\n<\/li>\n<li data-start=\"1236\" data-end=\"1249\">\n<p data-start=\"1238\" data-end=\"1249\"><strong data-start=\"1238\" data-end=\"1249\">DINplus<\/strong><\/p>\n<\/li>\n<\/ul>\n<p data-start=\"1251\" data-end=\"1440\">Estas certificaciones garantizan un control exhaustivo de la calidad, desde la materia prima hasta el producto final ensacado, asegurando un funcionamiento \u00f3ptimo de los equipos de biomasa.<\/p>\n<h3 data-start=\"1447\" data-end=\"1524\">\ud83d\ude9a <strong data-start=\"1454\" data-end=\"1524\">Condiciones de acceso para entrega de pellet a domicilio en cami\u00f3n<\/strong><\/h3>\n<p data-start=\"1526\" data-end=\"1698\">Para realizar la <strong data-start=\"1543\" data-end=\"1635\">entrega de pellet a domicilio en Tarragona en cami\u00f3n con plataforma elevadora hidr\u00e1ulica<\/strong>, el punto de descarga debe cumplir las siguientes condiciones:<\/p>\n<ul data-start=\"1700\" data-end=\"2006\">\n<li data-start=\"1700\" data-end=\"1762\">\n<p data-start=\"1702\" data-end=\"1762\">Acceso apto para cami\u00f3n y espacio suficiente para maniobrar.<\/p>\n<\/li>\n<li data-start=\"1763\" data-end=\"1820\">\n<p data-start=\"1765\" data-end=\"1820\">Superficie firme y nivelada para la descarga del palet.<\/p>\n<\/li>\n<li data-start=\"1821\" data-end=\"1867\">\n<p data-start=\"1823\" data-end=\"1867\">Espacio adecuado para el uso de transpaleta.<\/p>\n<\/li>\n<li data-start=\"1868\" data-end=\"1926\">\n<p data-start=\"1870\" data-end=\"1926\">Ausencia de escalones, rampas pronunciadas o desniveles.<\/p>\n<\/li>\n<li data-start=\"1927\" data-end=\"2006\">\n<p data-start=\"1929\" data-end=\"2006\">Sin limitaciones de altura, anchura o peso que impidan la entrada del cami\u00f3n.<\/p>\n<\/li>\n<\/ul>\n<p data-start=\"2008\" data-end=\"2210\">En caso de que el acceso <strong data-start=\"2033\" data-end=\"2069\">no permita la entrada del cami\u00f3n<\/strong>, la entrega se realizar\u00e1 con <strong data-start=\"2099\" data-end=\"2112\">furgoneta<\/strong>, lo que implica <strong data-start=\"2129\" data-end=\"2148\">descarga manual<\/strong>, mayor tiempo de servicio y posibles limitaciones log\u00edsticas.<\/p>\n<p data-start=\"2212\" data-end=\"2419\">\ud83d\udccc Para garantizar un servicio de <strong data-start=\"2246\" data-end=\"2287\">pellet a domicilio eficiente y seguro<\/strong>, es imprescindible informar previamente sobre cualquier restricci\u00f3n de acceso (escaleras, rampas, desniveles o espacios reducidos).<\/p>\n","protected":false},"excerpt":{"rendered":"<p>Servicio de <strong data-start=\"325\" data-end=\"360\">pellet a domicilio en Tarragona<\/strong> y en la <strong data-start=\"369\" data-end=\"402\">zona de Plana de Lleida<\/strong>, con <strong data-start=\"408\" data-end=\"429\">entrega en cami\u00f3n<\/strong> de <strong data-start=\"433\" data-end=\"474\">1 palet completo de pellets de madera<\/strong>, compuesto por <strong data-start=\"490\" data-end=\"511\">77 sacos de 15 kg<\/strong> cada uno (peso total aproximado: <strong data-start=\"545\" data-end=\"557\">1.155 kg<\/strong>).<\/p>\n","protected":false},"featured_media":0,"comment_status":"open","ping_status":"closed","template":"","meta":{"_acf_changed":false},"product_brand":[],"product_cat":[34,22],"product_tag":[432],"class_list":{"0":"post-7530","1":"product","2":"type-product","3":"status-publish","5":"product_cat-quality-pellets","6":"product_cat-wood-pellets","7":"product_tag-pellet","9":"first","10":"instock","11":"purchasable","12":"product-type-simple"},"acf":[],"yoast_head":"<!-- This site is optimized with the Yoast SEO plugin v27.3 - https:\/\/yoast.com\/product\/yoast-seo-wordpress\/ -->\n<title>1 Palet de Pellets. Entrega a tu domicilio en Tarragona y la Plana de Lleida en cami\u00f3n incluida. - BioPlace Pellet a domicilio Tarragona | Palet de pellets certificado ENplus A1<\/title>\n<meta name=\"description\" content=\"Pellet a domicilio en Tarragona. Palet de 77 sacos de 15 kg, pellets 100 % pino con certificaci\u00f3n ENplus A1 y DINplus. Entrega en cami\u00f3n.\" \/>\n<meta name=\"robots\" content=\"index, follow, max-snippet:-1, max-image-preview:large, max-video-preview:-1\" \/>\n<link rel=\"canonical\" href=\"https:\/\/bioplace.biz\/en\/producto\/pellet-a-domicilio\/\" \/>\n<meta property=\"og:locale\" content=\"en_US\" \/>\n<meta property=\"og:type\" content=\"article\" \/>\n<meta property=\"og:title\" content=\"1 Palet de Pellets. Entrega a tu domicilio en Tarragona y la Plana de Lleida en cami\u00f3n incluida. - BioPlace Pellet a domicilio Tarragona | Palet de pellets certificado ENplus A1\" \/>\n<meta property=\"og:description\" content=\"Pellet a domicilio en Tarragona. Palet de 77 sacos de 15 kg, pellets 100 % pino con certificaci\u00f3n ENplus A1 y DINplus. Entrega en cami\u00f3n.\" \/>\n<meta property=\"og:url\" content=\"https:\/\/bioplace.biz\/en\/producto\/pellet-a-domicilio\/\" \/>\n<meta property=\"og:site_name\" content=\"BioPlace\" \/>\n<meta property=\"article:modified_time\" content=\"2026-02-11T16:30:54+00:00\" \/>\n<meta name=\"twitter:card\" content=\"summary_large_image\" \/>\n<meta name=\"twitter:label1\" content=\"Est. reading time\" \/>\n\t<meta name=\"twitter:data1\" content=\"2 minutes\" \/>\n<script type=\"application\/ld+json\" class=\"yoast-schema-graph\">{\"@context\":\"https:\\\/\\\/schema.org\",\"@graph\":[{\"@type\":\"WebPage\",\"@id\":\"https:\\\/\\\/bioplace.biz\\\/en\\\/producto\\\/pellet-a-domicilio\\\/\",\"url\":\"https:\\\/\\\/bioplace.biz\\\/en\\\/producto\\\/pellet-a-domicilio\\\/\",\"name\":\"1 Palet de Pellets. Entrega a tu domicilio en Tarragona y la Plana de Lleida en cami\u00f3n incluida. - BioPlace Pellet a domicilio Tarragona | Palet de pellets certificado ENplus A1\",\"isPartOf\":{\"@id\":\"https:\\\/\\\/bioplace.biz\\\/en\\\/#website\"},\"datePublished\":\"2026-02-04T13:19:10+00:00\",\"dateModified\":\"2026-02-11T16:30:54+00:00\",\"description\":\"Pellet a domicilio en Tarragona. Palet de 77 sacos de 15 kg, pellets 100 % pino con certificaci\u00f3n ENplus A1 y DINplus. Entrega en cami\u00f3n.\",\"breadcrumb\":{\"@id\":\"https:\\\/\\\/bioplace.biz\\\/en\\\/producto\\\/pellet-a-domicilio\\\/#breadcrumb\"},\"inLanguage\":\"en-US\",\"potentialAction\":[{\"@type\":\"ReadAction\",\"target\":[\"https:\\\/\\\/bioplace.biz\\\/en\\\/producto\\\/pellet-a-domicilio\\\/\"]}]},{\"@type\":\"BreadcrumbList\",\"@id\":\"https:\\\/\\\/bioplace.biz\\\/en\\\/producto\\\/pellet-a-domicilio\\\/#breadcrumb\",\"itemListElement\":[{\"@type\":\"ListItem\",\"position\":1,\"name\":\"Home\",\"item\":\"https:\\\/\\\/bioplace.biz\\\/en\\\/\"},{\"@type\":\"ListItem\",\"position\":2,\"name\":\"Shop\",\"item\":\"https:\\\/\\\/bioplace.biz\\\/en\\\/shop\\\/\"},{\"@type\":\"ListItem\",\"position\":3,\"name\":\"1 Palet de Pellets. Entrega a tu domicilio en Tarragona y la Plana de Lleida en cami\u00f3n incluida.\"}]},{\"@type\":\"WebSite\",\"@id\":\"https:\\\/\\\/bioplace.biz\\\/en\\\/#website\",\"url\":\"https:\\\/\\\/bioplace.biz\\\/en\\\/\",\"name\":\"BioPlace\",\"description\":\"Bioenergy Products\u00a0Marketplace\",\"publisher\":{\"@id\":\"https:\\\/\\\/bioplace.biz\\\/en\\\/#organization\"},\"potentialAction\":[{\"@type\":\"SearchAction\",\"target\":{\"@type\":\"EntryPoint\",\"urlTemplate\":\"https:\\\/\\\/bioplace.biz\\\/en\\\/?s={search_term_string}\"},\"query-input\":{\"@type\":\"PropertyValueSpecification\",\"valueRequired\":true,\"valueName\":\"search_term_string\"}}],\"inLanguage\":\"en-US\"},{\"@type\":\"Organization\",\"@id\":\"https:\\\/\\\/bioplace.biz\\\/en\\\/#organization\",\"name\":\"BioPlace\",\"url\":\"https:\\\/\\\/bioplace.biz\\\/en\\\/\",\"logo\":{\"@type\":\"ImageObject\",\"inLanguage\":\"en-US\",\"@id\":\"https:\\\/\\\/bioplace.biz\\\/en\\\/#\\\/schema\\\/logo\\\/image\\\/\",\"url\":\"https:\\\/\\\/bioplace.biz\\\/wp-content\\\/uploads\\\/2024\\\/09\\\/Logo-Biohome_1.webp\",\"contentUrl\":\"https:\\\/\\\/bioplace.biz\\\/wp-content\\\/uploads\\\/2024\\\/09\\\/Logo-Biohome_1.webp\",\"width\":435,\"height\":60,\"caption\":\"BioPlace\"},\"image\":{\"@id\":\"https:\\\/\\\/bioplace.biz\\\/en\\\/#\\\/schema\\\/logo\\\/image\\\/\"}}]}<\/script>\n<!-- \/ Yoast SEO plugin. -->","yoast_head_json":{"title":"1 Palet de Pellets. Entrega a tu domicilio en Tarragona y la Plana de Lleida en cami\u00f3n incluida. - BioPlace Pellet a domicilio Tarragona | Palet de pellets certificado ENplus A1","description":"Pellet a domicilio en Tarragona. Palet de 77 sacos de 15 kg, pellets 100 % pino con certificaci\u00f3n ENplus A1 y DINplus. Entrega en cami\u00f3n.","robots":{"index":"index","follow":"follow","max-snippet":"max-snippet:-1","max-image-preview":"max-image-preview:large","max-video-preview":"max-video-preview:-1"},"canonical":"https:\/\/bioplace.biz\/en\/producto\/pellet-a-domicilio\/","og_locale":"en_US","og_type":"article","og_title":"1 Palet de Pellets. Entrega a tu domicilio en Tarragona y la Plana de Lleida en cami\u00f3n incluida. - BioPlace Pellet a domicilio Tarragona | Palet de pellets certificado ENplus A1","og_description":"Pellet a domicilio en Tarragona. Palet de 77 sacos de 15 kg, pellets 100 % pino con certificaci\u00f3n ENplus A1 y DINplus. Entrega en cami\u00f3n.","og_url":"https:\/\/bioplace.biz\/en\/producto\/pellet-a-domicilio\/","og_site_name":"BioPlace","article_modified_time":"2026-02-11T16:30:54+00:00","twitter_card":"summary_large_image","twitter_misc":{"Est. reading time":"2 minutes"},"schema":{"@context":"https:\/\/schema.org","@graph":[{"@type":"WebPage","@id":"https:\/\/bioplace.biz\/en\/producto\/pellet-a-domicilio\/","url":"https:\/\/bioplace.biz\/en\/producto\/pellet-a-domicilio\/","name":"1 Palet de Pellets. Entrega a tu domicilio en Tarragona y la Plana de Lleida en cami\u00f3n incluida. - BioPlace Pellet a domicilio Tarragona | Palet de pellets certificado ENplus A1","isPartOf":{"@id":"https:\/\/bioplace.biz\/en\/#website"},"datePublished":"2026-02-04T13:19:10+00:00","dateModified":"2026-02-11T16:30:54+00:00","description":"Pellet a domicilio en Tarragona. Palet de 77 sacos de 15 kg, pellets 100 % pino con certificaci\u00f3n ENplus A1 y DINplus. Entrega en cami\u00f3n.","breadcrumb":{"@id":"https:\/\/bioplace.biz\/en\/producto\/pellet-a-domicilio\/#breadcrumb"},"inLanguage":"en-US","potentialAction":[{"@type":"ReadAction","target":["https:\/\/bioplace.biz\/en\/producto\/pellet-a-domicilio\/"]}]},{"@type":"BreadcrumbList","@id":"https:\/\/bioplace.biz\/en\/producto\/pellet-a-domicilio\/#breadcrumb","itemListElement":[{"@type":"ListItem","position":1,"name":"Home","item":"https:\/\/bioplace.biz\/en\/"},{"@type":"ListItem","position":2,"name":"Shop","item":"https:\/\/bioplace.biz\/en\/shop\/"},{"@type":"ListItem","position":3,"name":"1 Palet de Pellets. Entrega a tu domicilio en Tarragona y la Plana de Lleida en cami\u00f3n incluida."}]},{"@type":"WebSite","@id":"https:\/\/bioplace.biz\/en\/#website","url":"https:\/\/bioplace.biz\/en\/","name":"BioPlace","description":"Bioenergy Products\u00a0Marketplace","publisher":{"@id":"https:\/\/bioplace.biz\/en\/#organization"},"potentialAction":[{"@type":"SearchAction","target":{"@type":"EntryPoint","urlTemplate":"https:\/\/bioplace.biz\/en\/?s={search_term_string}"},"query-input":{"@type":"PropertyValueSpecification","valueRequired":true,"valueName":"search_term_string"}}],"inLanguage":"en-US"},{"@type":"Organization","@id":"https:\/\/bioplace.biz\/en\/#organization","name":"BioPlace","url":"https:\/\/bioplace.biz\/en\/","logo":{"@type":"ImageObject","inLanguage":"en-US","@id":"https:\/\/bioplace.biz\/en\/#\/schema\/logo\/image\/","url":"https:\/\/bioplace.biz\/wp-content\/uploads\/2024\/09\/Logo-Biohome_1.webp","contentUrl":"https:\/\/bioplace.biz\/wp-content\/uploads\/2024\/09\/Logo-Biohome_1.webp","width":435,"height":60,"caption":"BioPlace"},"image":{"@id":"https:\/\/bioplace.biz\/en\/#\/schema\/logo\/image\/"}}]}},"_links":{"self":[{"href":"https:\/\/bioplace.biz\/en\/wp-json\/wp\/v2\/product\/7530","targetHints":{"allow":["GET"]}}],"collection":[{"href":"https:\/\/bioplace.biz\/en\/wp-json\/wp\/v2\/product"}],"about":[{"href":"https:\/\/bioplace.biz\/en\/wp-json\/wp\/v2\/types\/product"}],"replies":[{"embeddable":true,"href":"https:\/\/bioplace.biz\/en\/wp-json\/wp\/v2\/comments?post=7530"}],"version-history":[{"count":0,"href":"https:\/\/bioplace.biz\/en\/wp-json\/wp\/v2\/product\/7530\/revisions"}],"wp:attachment":[{"href":"https:\/\/bioplace.biz\/en\/wp-json\/wp\/v2\/media?parent=7530"}],"wp:term":[{"taxonomy":"product_brand","embeddable":true,"href":"https:\/\/bioplace.biz\/en\/wp-json\/wp\/v2\/product_brand?post=7530"},{"taxonomy":"product_cat","embeddable":true,"href":"https:\/\/bioplace.biz\/en\/wp-json\/wp\/v2\/product_cat?post=7530"},{"taxonomy":"product_tag","embeddable":true,"href":"https:\/\/bioplace.biz\/en\/wp-json\/wp\/v2\/product_tag?post=7530"}],"curies":[{"name":"wp","href":"https:\/\/api.w.org\/{rel}","templated":true}]}}