{"id":7663,"date":"2026-02-06T13:52:55","date_gmt":"2026-02-06T12:52:55","guid":{"rendered":"https:\/\/bioplace.biz\/product\/gestio-forestal-responsable-als-boscos-de-tarragona\/"},"modified":"2026-03-03T15:56:19","modified_gmt":"2026-03-03T14:56:19","slug":"gestio-forestal-responsable-als-boscos-de-tarragona","status":"publish","type":"product","link":"https:\/\/bioplace.biz\/ca\/producto\/gestio-forestal-responsable-als-boscos-de-tarragona\/","title":{"rendered":"Gesti\u00f3 forestal responsable als boscos de Tarragona"},"content":{"rendered":"<p data-start=\"220\" data-end=\"743\">Som un <strong data-start=\"229\" data-end=\"250\">grup d&#8217;ecologistes<\/strong> compromesos amb la <strong data-start=\"272\" data-end=\"304\">gesti\u00f3 forestal responsable<\/strong> i la cura dels ecosistemes a Tarragona. Ajudem a <strong data-start=\"362\" data-end=\"410\">propietaris de finques i terrenys forestals<\/strong> que busquen una empresa especialitzada en la neteja del seu bosc segons criteris responsables i ben definits. El nostre objectiu \u00e9s acompanyar els propietaris en la millora de la salut dels seus boscos mitjan\u00e7ant una <strong data-start=\"619\" data-end=\"667\">neteja planificada, ecol\u00f2gica i sostenible<\/strong>. Sempre respectem la biodiversitat i l&#8217;estructura natural del terreny.   <\/p>\n<p data-start=\"745\" data-end=\"1230\">El nostre treball se centra en la <strong data-start=\"777\" data-end=\"818\">recuperaci\u00f3 del mosaic agroforestal<\/strong>, l&#8217;<strong data-start=\"823\" data-end=\"858\">obertura d&#8217;espais forestals<\/strong> i la <strong data-start=\"864\" data-end=\"895\">retirada selectiva de pins<\/strong>. Aix\u00f2 fomenta el desenvolupament de <strong data-start=\"927\" data-end=\"946\">boscos madurs<\/strong>, m\u00e9s resilients davant d&#8217;incendis i amb un ecosistema m\u00e9s equilibrat. Cada intervenci\u00f3 t\u00e9 com a finalitat <strong data-start=\"1059\" data-end=\"1093\">reduir el risc d&#8217;incendis<\/strong>, millorar l&#8217;estructura del bosc i afavorir la <strong data-start=\"1143\" data-end=\"1167\">regeneraci\u00f3 natural<\/strong>. D&#8217;aquesta manera, la flora i fauna aut\u00f2ctona poden prosperar.   <\/p>\n<p data-start=\"1232\" data-end=\"1524\">Apliquem criteris de <strong data-start=\"1255\" data-end=\"1286\">gesti\u00f3 forestal sostenible<\/strong> adaptats a cada finca. Aix\u00ed, la neteja forestal no es converteix en una acci\u00f3 agressiva o destructiva. Per contra, \u00e9s una <strong data-start=\"1416\" data-end=\"1444\">intervenci\u00f3 responsable<\/strong> que aporta valor ecol\u00f2gic i garanteix el futur del <strong data-start=\"1498\" data-end=\"1521\">bosc a Tarragona<\/strong>.  <\/p>\n<p data-start=\"1526\" data-end=\"1814\">Estem <strong data-start=\"1534\" data-end=\"1571\">oberts a col\u00b7laborar amb empreses<\/strong> que ofereixin serveis de neteja forestal responsable. Treballem juntament amb elles per combinar experi\u00e8ncia t\u00e8cnica i coneixement ecol\u00f2gic. Aix\u00f2 permet crear solucions personalitzades que optimitzin la salut i la biodiversitat del bosc.  <\/p>\n<p data-start=\"1816\" data-end=\"2143\">El nostre enfocament integra <strong data-start=\"1840\" data-end=\"1911\">conservaci\u00f3, prevenci\u00f3 d&#8217;incendis i foment de la biodiversitat<\/strong>. Cada acci\u00f3 t\u00e9 un impacte positiu durador en l&#8217;ecosistema i en el benestar dels propietaris. Amb el nostre assessorament, la gesti\u00f3 del bosc es converteix en una estrat\u00e8gia sostenible, segura i respectuosa amb la natura.  <\/p>\n","protected":false},"excerpt":{"rendered":"<p>Som un <strong data-start=\"229\" data-end=\"250\">grup d&#8217;ecologistes<\/strong> compromesos amb la <strong data-start=\"272\" data-end=\"304\">gesti\u00f3 forestal responsable<\/strong> i la cura dels ecosistemes a Tarragona.<\/p>\n<p>Estem <strong data-start=\"1534\" data-end=\"1571\">oberts a col\u00b7laborar amb empreses<\/strong> que ofereixin serveis de neteja forestal responsable.<\/p>\n","protected":false},"featured_media":7664,"comment_status":"open","ping_status":"closed","template":"","meta":{"_acf_changed":false},"product_brand":[],"product_cat":[403],"product_tag":[],"class_list":{"0":"post-7663","1":"product","2":"type-product","3":"status-publish","4":"has-post-thumbnail","6":"product_cat-serveis-de-consultoria","8":"first","9":"instock","10":"purchasable","11":"product-type-simple"},"acf":[],"yoast_head":"<!-- This site is optimized with the Yoast SEO plugin v27.3 - https:\/\/yoast.com\/product\/yoast-seo-wordpress\/ -->\n<title>Gesti\u00f3 forestal responsable als boscos de Tarragona - BioPlace<\/title>\n<meta name=\"description\" content=\"Grup d&#039;ecologistes especialitzat en gesti\u00f3 forestal responsable a Tarragona, assessorant en neteja sostenible del bosc.\" \/>\n<meta name=\"robots\" content=\"index, follow, max-snippet:-1, max-image-preview:large, max-video-preview:-1\" \/>\n<link rel=\"canonical\" href=\"https:\/\/bioplace.biz\/ca\/producto\/gestio-forestal-responsable-als-boscos-de-tarragona\/\" \/>\n<meta property=\"og:locale\" content=\"ca_ES\" \/>\n<meta property=\"og:type\" content=\"article\" \/>\n<meta property=\"og:title\" content=\"Gesti\u00f3 forestal responsable als boscos de Tarragona - BioPlace\" \/>\n<meta property=\"og:description\" content=\"Grup d&#039;ecologistes especialitzat en gesti\u00f3 forestal responsable a Tarragona, assessorant en neteja sostenible del bosc.\" \/>\n<meta property=\"og:url\" content=\"https:\/\/bioplace.biz\/ca\/producto\/gestio-forestal-responsable-als-boscos-de-tarragona\/\" \/>\n<meta property=\"og:site_name\" content=\"BioPlace\" \/>\n<meta property=\"article:modified_time\" content=\"2026-03-03T14:56:19+00:00\" \/>\n<meta property=\"og:image\" content=\"https:\/\/bioplace.biz\/wp-content\/uploads\/2026\/02\/IMG-20260204-WA0080-1.jpg\" \/>\n\t<meta property=\"og:image:width\" content=\"1000\" \/>\n\t<meta property=\"og:image:height\" content=\"750\" \/>\n\t<meta property=\"og:image:type\" content=\"image\/jpeg\" \/>\n<meta name=\"twitter:card\" content=\"summary_large_image\" \/>\n<meta name=\"twitter:label1\" content=\"Temps estimat de lectura\" \/>\n\t<meta name=\"twitter:data1\" content=\"1 minut\" \/>\n<script type=\"application\/ld+json\" class=\"yoast-schema-graph\">{\"@context\":\"https:\\\/\\\/schema.org\",\"@graph\":[{\"@type\":\"WebPage\",\"@id\":\"https:\\\/\\\/bioplace.biz\\\/ca\\\/producto\\\/gestio-forestal-responsable-als-boscos-de-tarragona\\\/\",\"url\":\"https:\\\/\\\/bioplace.biz\\\/ca\\\/producto\\\/gestio-forestal-responsable-als-boscos-de-tarragona\\\/\",\"name\":\"Gesti\u00f3 forestal responsable als boscos de Tarragona - BioPlace\",\"isPartOf\":{\"@id\":\"https:\\\/\\\/bioplace.biz\\\/ca\\\/#website\"},\"primaryImageOfPage\":{\"@id\":\"https:\\\/\\\/bioplace.biz\\\/ca\\\/producto\\\/gestio-forestal-responsable-als-boscos-de-tarragona\\\/#primaryimage\"},\"image\":{\"@id\":\"https:\\\/\\\/bioplace.biz\\\/ca\\\/producto\\\/gestio-forestal-responsable-als-boscos-de-tarragona\\\/#primaryimage\"},\"thumbnailUrl\":\"https:\\\/\\\/bioplace.biz\\\/wp-content\\\/uploads\\\/2026\\\/02\\\/IMG-20260204-WA0080-1.jpg\",\"datePublished\":\"2026-02-06T12:52:55+00:00\",\"dateModified\":\"2026-03-03T14:56:19+00:00\",\"description\":\"Grup d'ecologistes especialitzat en gesti\u00f3 forestal responsable a Tarragona, assessorant en neteja sostenible del bosc.\",\"breadcrumb\":{\"@id\":\"https:\\\/\\\/bioplace.biz\\\/ca\\\/producto\\\/gestio-forestal-responsable-als-boscos-de-tarragona\\\/#breadcrumb\"},\"inLanguage\":\"ca\",\"potentialAction\":[{\"@type\":\"ReadAction\",\"target\":[\"https:\\\/\\\/bioplace.biz\\\/ca\\\/producto\\\/gestio-forestal-responsable-als-boscos-de-tarragona\\\/\"]}]},{\"@type\":\"ImageObject\",\"inLanguage\":\"ca\",\"@id\":\"https:\\\/\\\/bioplace.biz\\\/ca\\\/producto\\\/gestio-forestal-responsable-als-boscos-de-tarragona\\\/#primaryimage\",\"url\":\"https:\\\/\\\/bioplace.biz\\\/wp-content\\\/uploads\\\/2026\\\/02\\\/IMG-20260204-WA0080-1.jpg\",\"contentUrl\":\"https:\\\/\\\/bioplace.biz\\\/wp-content\\\/uploads\\\/2026\\\/02\\\/IMG-20260204-WA0080-1.jpg\",\"width\":1000,\"height\":750,\"caption\":\"Gesti\u00f3 forestal\"},{\"@type\":\"BreadcrumbList\",\"@id\":\"https:\\\/\\\/bioplace.biz\\\/ca\\\/producto\\\/gestio-forestal-responsable-als-boscos-de-tarragona\\\/#breadcrumb\",\"itemListElement\":[{\"@type\":\"ListItem\",\"position\":1,\"name\":\"Casa\",\"item\":\"https:\\\/\\\/bioplace.biz\\\/ca\\\/\"},{\"@type\":\"ListItem\",\"position\":2,\"name\":\"Botiga\",\"item\":\"https:\\\/\\\/bioplace.biz\\\/ca\\\/botiga\\\/\"},{\"@type\":\"ListItem\",\"position\":3,\"name\":\"Gesti\u00f3 forestal responsable als boscos de Tarragona\"}]},{\"@type\":\"WebSite\",\"@id\":\"https:\\\/\\\/bioplace.biz\\\/ca\\\/#website\",\"url\":\"https:\\\/\\\/bioplace.biz\\\/ca\\\/\",\"name\":\"BioPlace\",\"description\":\"Bioenergy Products\u00a0Marketplace\",\"publisher\":{\"@id\":\"https:\\\/\\\/bioplace.biz\\\/ca\\\/#organization\"},\"potentialAction\":[{\"@type\":\"SearchAction\",\"target\":{\"@type\":\"EntryPoint\",\"urlTemplate\":\"https:\\\/\\\/bioplace.biz\\\/ca\\\/?s={search_term_string}\"},\"query-input\":{\"@type\":\"PropertyValueSpecification\",\"valueRequired\":true,\"valueName\":\"search_term_string\"}}],\"inLanguage\":\"ca\"},{\"@type\":\"Organization\",\"@id\":\"https:\\\/\\\/bioplace.biz\\\/ca\\\/#organization\",\"name\":\"BioPlace\",\"url\":\"https:\\\/\\\/bioplace.biz\\\/ca\\\/\",\"logo\":{\"@type\":\"ImageObject\",\"inLanguage\":\"ca\",\"@id\":\"https:\\\/\\\/bioplace.biz\\\/ca\\\/#\\\/schema\\\/logo\\\/image\\\/\",\"url\":\"https:\\\/\\\/bioplace.biz\\\/wp-content\\\/uploads\\\/2024\\\/09\\\/Logo-Biohome_1.webp\",\"contentUrl\":\"https:\\\/\\\/bioplace.biz\\\/wp-content\\\/uploads\\\/2024\\\/09\\\/Logo-Biohome_1.webp\",\"width\":435,\"height\":60,\"caption\":\"BioPlace\"},\"image\":{\"@id\":\"https:\\\/\\\/bioplace.biz\\\/ca\\\/#\\\/schema\\\/logo\\\/image\\\/\"}}]}<\/script>\n<!-- \/ Yoast SEO plugin. -->","yoast_head_json":{"title":"Gesti\u00f3 forestal responsable als boscos de Tarragona - BioPlace","description":"Grup d'ecologistes especialitzat en gesti\u00f3 forestal responsable a Tarragona, assessorant en neteja sostenible del bosc.","robots":{"index":"index","follow":"follow","max-snippet":"max-snippet:-1","max-image-preview":"max-image-preview:large","max-video-preview":"max-video-preview:-1"},"canonical":"https:\/\/bioplace.biz\/ca\/producto\/gestio-forestal-responsable-als-boscos-de-tarragona\/","og_locale":"ca_ES","og_type":"article","og_title":"Gesti\u00f3 forestal responsable als boscos de Tarragona - BioPlace","og_description":"Grup d'ecologistes especialitzat en gesti\u00f3 forestal responsable a Tarragona, assessorant en neteja sostenible del bosc.","og_url":"https:\/\/bioplace.biz\/ca\/producto\/gestio-forestal-responsable-als-boscos-de-tarragona\/","og_site_name":"BioPlace","article_modified_time":"2026-03-03T14:56:19+00:00","og_image":[{"width":1000,"height":750,"url":"https:\/\/bioplace.biz\/wp-content\/uploads\/2026\/02\/IMG-20260204-WA0080-1.jpg","type":"image\/jpeg"}],"twitter_card":"summary_large_image","twitter_misc":{"Temps estimat de lectura":"1 minut"},"schema":{"@context":"https:\/\/schema.org","@graph":[{"@type":"WebPage","@id":"https:\/\/bioplace.biz\/ca\/producto\/gestio-forestal-responsable-als-boscos-de-tarragona\/","url":"https:\/\/bioplace.biz\/ca\/producto\/gestio-forestal-responsable-als-boscos-de-tarragona\/","name":"Gesti\u00f3 forestal responsable als boscos de Tarragona - BioPlace","isPartOf":{"@id":"https:\/\/bioplace.biz\/ca\/#website"},"primaryImageOfPage":{"@id":"https:\/\/bioplace.biz\/ca\/producto\/gestio-forestal-responsable-als-boscos-de-tarragona\/#primaryimage"},"image":{"@id":"https:\/\/bioplace.biz\/ca\/producto\/gestio-forestal-responsable-als-boscos-de-tarragona\/#primaryimage"},"thumbnailUrl":"https:\/\/bioplace.biz\/wp-content\/uploads\/2026\/02\/IMG-20260204-WA0080-1.jpg","datePublished":"2026-02-06T12:52:55+00:00","dateModified":"2026-03-03T14:56:19+00:00","description":"Grup d'ecologistes especialitzat en gesti\u00f3 forestal responsable a Tarragona, assessorant en neteja sostenible del bosc.","breadcrumb":{"@id":"https:\/\/bioplace.biz\/ca\/producto\/gestio-forestal-responsable-als-boscos-de-tarragona\/#breadcrumb"},"inLanguage":"ca","potentialAction":[{"@type":"ReadAction","target":["https:\/\/bioplace.biz\/ca\/producto\/gestio-forestal-responsable-als-boscos-de-tarragona\/"]}]},{"@type":"ImageObject","inLanguage":"ca","@id":"https:\/\/bioplace.biz\/ca\/producto\/gestio-forestal-responsable-als-boscos-de-tarragona\/#primaryimage","url":"https:\/\/bioplace.biz\/wp-content\/uploads\/2026\/02\/IMG-20260204-WA0080-1.jpg","contentUrl":"https:\/\/bioplace.biz\/wp-content\/uploads\/2026\/02\/IMG-20260204-WA0080-1.jpg","width":1000,"height":750,"caption":"Gesti\u00f3 forestal"},{"@type":"BreadcrumbList","@id":"https:\/\/bioplace.biz\/ca\/producto\/gestio-forestal-responsable-als-boscos-de-tarragona\/#breadcrumb","itemListElement":[{"@type":"ListItem","position":1,"name":"Casa","item":"https:\/\/bioplace.biz\/ca\/"},{"@type":"ListItem","position":2,"name":"Botiga","item":"https:\/\/bioplace.biz\/ca\/botiga\/"},{"@type":"ListItem","position":3,"name":"Gesti\u00f3 forestal responsable als boscos de Tarragona"}]},{"@type":"WebSite","@id":"https:\/\/bioplace.biz\/ca\/#website","url":"https:\/\/bioplace.biz\/ca\/","name":"BioPlace","description":"Bioenergy Products\u00a0Marketplace","publisher":{"@id":"https:\/\/bioplace.biz\/ca\/#organization"},"potentialAction":[{"@type":"SearchAction","target":{"@type":"EntryPoint","urlTemplate":"https:\/\/bioplace.biz\/ca\/?s={search_term_string}"},"query-input":{"@type":"PropertyValueSpecification","valueRequired":true,"valueName":"search_term_string"}}],"inLanguage":"ca"},{"@type":"Organization","@id":"https:\/\/bioplace.biz\/ca\/#organization","name":"BioPlace","url":"https:\/\/bioplace.biz\/ca\/","logo":{"@type":"ImageObject","inLanguage":"ca","@id":"https:\/\/bioplace.biz\/ca\/#\/schema\/logo\/image\/","url":"https:\/\/bioplace.biz\/wp-content\/uploads\/2024\/09\/Logo-Biohome_1.webp","contentUrl":"https:\/\/bioplace.biz\/wp-content\/uploads\/2024\/09\/Logo-Biohome_1.webp","width":435,"height":60,"caption":"BioPlace"},"image":{"@id":"https:\/\/bioplace.biz\/ca\/#\/schema\/logo\/image\/"}}]}},"_links":{"self":[{"href":"https:\/\/bioplace.biz\/ca\/wp-json\/wp\/v2\/product\/7663","targetHints":{"allow":["GET"]}}],"collection":[{"href":"https:\/\/bioplace.biz\/ca\/wp-json\/wp\/v2\/product"}],"about":[{"href":"https:\/\/bioplace.biz\/ca\/wp-json\/wp\/v2\/types\/product"}],"replies":[{"embeddable":true,"href":"https:\/\/bioplace.biz\/ca\/wp-json\/wp\/v2\/comments?post=7663"}],"version-history":[{"count":0,"href":"https:\/\/bioplace.biz\/ca\/wp-json\/wp\/v2\/product\/7663\/revisions"}],"wp:featuredmedia":[{"embeddable":true,"href":"https:\/\/bioplace.biz\/ca\/wp-json\/wp\/v2\/media\/7664"}],"wp:attachment":[{"href":"https:\/\/bioplace.biz\/ca\/wp-json\/wp\/v2\/media?parent=7663"}],"wp:term":[{"taxonomy":"product_brand","embeddable":true,"href":"https:\/\/bioplace.biz\/ca\/wp-json\/wp\/v2\/product_brand?post=7663"},{"taxonomy":"product_cat","embeddable":true,"href":"https:\/\/bioplace.biz\/ca\/wp-json\/wp\/v2\/product_cat?post=7663"},{"taxonomy":"product_tag","embeddable":true,"href":"https:\/\/bioplace.biz\/ca\/wp-json\/wp\/v2\/product_tag?post=7663"}],"curies":[{"name":"wp","href":"https:\/\/api.w.org\/{rel}","templated":true}]}}