{"id":7538,"date":"2026-02-04T14:19:10","date_gmt":"2026-02-04T13:19:10","guid":{"rendered":"https:\/\/bioplace.biz\/product\/palet-complet-amb-77-sacs-de-pellets-lliurament-a-domicili-a-tarragona-amb-camio\/"},"modified":"2026-02-06T13:00:28","modified_gmt":"2026-02-06T12:00:28","slug":"palet-complet-amb-77-sacs-de-pellets-lliurament-a-domicili-a-tarragona-amb-camio","status":"publish","type":"product","link":"https:\/\/bioplace.biz\/ca\/producto\/palet-complet-amb-77-sacs-de-pellets-lliurament-a-domicili-a-tarragona-amb-camio\/","title":{"rendered":"1 palet de pellets. Entrega a domicili a Tarragona i a la Plana de Lleida, inclosa en cami\u00f3."},"content":{"rendered":"<p data-start=\"313\" data-end=\"559\">Servei de <strong>p\u00e8l\u00b7let a domicili a Tarragona<\/strong> i a la<strong> zona de la Plana de Lleida<\/strong> (no arribem al Prepirineu, nom\u00e9s a la Plana de Lleida), amb lliurament en cami\u00f3 d\u2019<strong>1 palet complet<\/strong> de p\u00e8l\u00b7lets de fusta, <strong>format per 77 sacs de 15 kg cadascun (pes total aproximat: 1.155 kg).<\/strong><\/p>\n<p data-start=\"561\" data-end=\"720\">Ideal per a particulars i empreses que busquen <strong data-start=\"607\" data-end=\"666\">p\u00e8l\u00b7lets d&#8217;alta qualitat amb lliurament directe a domicili<\/strong>, llestos per al seu \u00fas en estufes i calderes de biomassa.<\/p>\n<h3 data-start=\"722\" data-end=\"768\">\ud83d\udd25 <strong data-start=\"729\" data-end=\"768\">Caracter\u00edstiques t\u00e8cniques del p\u00e8l\u00b7let<\/strong><\/h3>\n<ul data-start=\"769\" data-end=\"914\">\n<li data-start=\"769\" data-end=\"789\">\n<p data-start=\"771\" data-end=\"789\">Humitat: <strong data-start=\"780\" data-end=\"789\">5,9 %<\/strong><\/p>\n<\/li>\n<li data-start=\"790\" data-end=\"808\">\n<p data-start=\"792\" data-end=\"808\">Fins: <strong data-start=\"799\" data-end=\"808\">0,2 %<\/strong><\/p>\n<\/li>\n<li data-start=\"809\" data-end=\"829\">\n<p data-start=\"811\" data-end=\"829\">Cendres: <strong data-start=\"820\" data-end=\"829\">0,4 %<\/strong><\/p>\n<\/li>\n<li data-start=\"830\" data-end=\"864\">\n<p data-start=\"832\" data-end=\"864\">Durabilitat mec\u00e0nica: <strong data-start=\"854\" data-end=\"864\">98,9 %<\/strong><\/p>\n<\/li>\n<li data-start=\"865\" data-end=\"914\">\n<p data-start=\"867\" data-end=\"914\">Poder calor\u00edfic inferior: <strong data-start=\"894\" data-end=\"914\">4,9 \u2013 5,3 kWh\/kg<\/strong><\/p>\n<\/li>\n<\/ul>\n<h3 data-start=\"916\" data-end=\"948\">\ud83c\udf32 <strong data-start=\"923\" data-end=\"948\">Composici\u00f3 i qualitat<\/strong><\/h3>\n<ul data-start=\"949\" data-end=\"1192\">\n<li data-start=\"949\" data-end=\"1028\">\n<p data-start=\"951\" data-end=\"1028\">P\u00e8l\u00b7let fabricat amb <strong data-start=\"972\" data-end=\"1004\">fusta de pi 100 % natural<\/strong>, sense additius ni coles.<\/p>\n<\/li>\n<li data-start=\"1029\" data-end=\"1105\">\n<p data-start=\"1031\" data-end=\"1105\">Combusti\u00f3 neta, alt rendiment energ\u00e8tic i m\u00ednim residu de cendra.<\/p>\n<\/li>\n<li data-start=\"1106\" data-end=\"1192\">\n<p data-start=\"1108\" data-end=\"1192\">Producte respectu\u00f3s amb el medi ambient, ideal per a un \u00fas eficient i sostenible.<\/p>\n<\/li>\n<\/ul>\n<h3 data-start=\"1194\" data-end=\"1219\">\u2705 <strong data-start=\"1200\" data-end=\"1219\">Certificacions<\/strong><\/h3>\n<ul data-start=\"1220\" data-end=\"1249\">\n<li data-start=\"1220\" data-end=\"1235\">\n<p data-start=\"1222\" data-end=\"1235\"><strong data-start=\"1222\" data-end=\"1235\">ENplus A1<\/strong><\/p>\n<\/li>\n<li data-start=\"1236\" data-end=\"1249\">\n<p data-start=\"1238\" data-end=\"1249\"><strong data-start=\"1238\" data-end=\"1249\">DINplus<\/strong><\/p>\n<\/li>\n<\/ul>\n<p data-start=\"1251\" data-end=\"1440\">Aquestes certificacions garanteixen un control exhaustiu de la qualitat, des de la mat\u00e8ria primera fins al producte final ensacat, assegurant un funcionament \u00f2ptim dels equips de biomassa.<\/p>\n<h3 data-start=\"1447\" data-end=\"1524\">\ud83d\ude9a <strong data-start=\"1454\" data-end=\"1524\">Condicions d&#8217;acc\u00e9s per a lliurament de p\u00e8l\u00b7let a domicili amb cami\u00f3<\/strong><\/h3>\n<p data-start=\"1526\" data-end=\"1698\">Per realitzar el <strong data-start=\"1543\" data-end=\"1635\">lliurament de p\u00e8l\u00b7let a domicili a Tarragona amb cami\u00f3 amb plataforma elevadora hidr\u00e0ulica<\/strong>, el punt de desc\u00e0rrega ha de complir les seg\u00fcents condicions:<\/p>\n<ul data-start=\"1700\" data-end=\"2006\">\n<li data-start=\"1700\" data-end=\"1762\">\n<p data-start=\"1702\" data-end=\"1762\">Acc\u00e9s apte per a cami\u00f3 i espai suficient per maniobrar.<\/p>\n<\/li>\n<li data-start=\"1763\" data-end=\"1820\">\n<p data-start=\"1765\" data-end=\"1820\">Superf\u00edcie ferma i anivellada per a la desc\u00e0rrega del palet.<\/p>\n<\/li>\n<li data-start=\"1821\" data-end=\"1867\">\n<p data-start=\"1823\" data-end=\"1867\">Espai adequat per a l&#8217;\u00fas de transpaleta.<\/p>\n<\/li>\n<li data-start=\"1868\" data-end=\"1926\">\n<p data-start=\"1870\" data-end=\"1926\">Abs\u00e8ncia d&#8217;esglaons, rampes pronunciades o desnivells.<\/p>\n<\/li>\n<li data-start=\"1927\" data-end=\"2006\">\n<p data-start=\"1929\" data-end=\"2006\">Sense limitacions d&#8217;altura, amplada o pes que impedeixin l&#8217;entrada del cami\u00f3.<\/p>\n<\/li>\n<\/ul>\n<p data-start=\"2008\" data-end=\"2210\">En cas que l&#8217;acc\u00e9s <strong data-start=\"2033\" data-end=\"2069\">no permeti l&#8217;entrada del cami\u00f3<\/strong>, el lliurament es realitzar\u00e0 amb <strong data-start=\"2099\" data-end=\"2112\">furgoneta<\/strong>, la qual cosa implica <strong data-start=\"2129\" data-end=\"2148\">desc\u00e0rrega manual<\/strong>, m\u00e9s temps de servei i possibles limitacions log\u00edstiques.<\/p>\n<p data-start=\"2212\" data-end=\"2419\">\ud83d\udccc Per garantir un servei de <strong data-start=\"2246\" data-end=\"2287\">p\u00e8l\u00b7let a domicili eficient i segur<\/strong>, \u00e9s imprescindible informar pr\u00e8viament sobre qualsevol restricci\u00f3 d&#8217;acc\u00e9s (escales, rampes, desnivells o espais redu\u00efts).<\/p>\n","protected":false},"excerpt":{"rendered":"<p>Servei de <strong data-start=\"325\" data-end=\"360\">p\u00e8l\u00b7let a domicili a Tarragona<\/strong> i a la <strong data-start=\"369\" data-end=\"402\">zona del Prepirineu de Lleida<\/strong>, amb <strong data-start=\"408\" data-end=\"429\">lliurament amb cami\u00f3<\/strong> d&#8217;<strong data-start=\"433\" data-end=\"474\">1 palet complet de p\u00e8l\u00b7lets de fusta<\/strong>, compost per <strong data-start=\"490\" data-end=\"511\">77 sacs de 15 kg<\/strong> cadascun (pes total aproximat: <strong data-start=\"545\" data-end=\"557\">1.155 kg<\/strong>).<\/p>\n","protected":false},"featured_media":7614,"comment_status":"open","ping_status":"closed","template":"","meta":{"_acf_changed":false},"product_brand":[],"product_cat":[419,322],"product_tag":[434],"class_list":{"0":"post-7538","1":"product","2":"type-product","3":"status-publish","4":"has-post-thumbnail","6":"product_cat-pellets-de-fusta","7":"product_cat-pellets-de-fusta-de-qualitat","8":"product_tag-pellet","10":"first","11":"instock","12":"purchasable","13":"product-type-simple"},"acf":[],"yoast_head":"<!-- This site is optimized with the Yoast SEO plugin v27.3 - https:\/\/yoast.com\/product\/yoast-seo-wordpress\/ -->\n<title>1 palet de pellets. Entrega a domicili a Tarragona i a la Plana de Lleida, inclosa en cami\u00f3. - BioPlace P\u00e8l\u00b7let a domicili Tarragona | Palet de p\u00e8l\u00b7lets certificat ENplus A1<\/title>\n<meta name=\"description\" content=\"P\u00e8l\u00b7let a domicili a Tarragona. Palet de 77 sacs de 15 kg, p\u00e8l\u00b7lets 100 % pi amb certificaci\u00f3 ENplus A1 i DINplus. Lliurament amb cami\u00f3.\" \/>\n<meta name=\"robots\" content=\"index, follow, max-snippet:-1, max-image-preview:large, max-video-preview:-1\" \/>\n<link rel=\"canonical\" href=\"https:\/\/bioplace.biz\/ca\/producto\/palet-complet-amb-77-sacs-de-pellets-lliurament-a-domicili-a-tarragona-amb-camio\/\" \/>\n<meta property=\"og:locale\" content=\"ca_ES\" \/>\n<meta property=\"og:type\" content=\"article\" \/>\n<meta property=\"og:title\" content=\"1 palet de pellets. Entrega a domicili a Tarragona i a la Plana de Lleida, inclosa en cami\u00f3. - BioPlace P\u00e8l\u00b7let a domicili Tarragona | Palet de p\u00e8l\u00b7lets certificat ENplus A1\" \/>\n<meta property=\"og:description\" content=\"P\u00e8l\u00b7let a domicili a Tarragona. Palet de 77 sacs de 15 kg, p\u00e8l\u00b7lets 100 % pi amb certificaci\u00f3 ENplus A1 i DINplus. Lliurament amb cami\u00f3.\" \/>\n<meta property=\"og:url\" content=\"https:\/\/bioplace.biz\/ca\/producto\/palet-complet-amb-77-sacs-de-pellets-lliurament-a-domicili-a-tarragona-amb-camio\/\" \/>\n<meta property=\"og:site_name\" content=\"BioPlace\" \/>\n<meta property=\"article:modified_time\" content=\"2026-02-06T12:00:28+00:00\" \/>\n<meta property=\"og:image\" content=\"https:\/\/bioplace.biz\/wp-content\/uploads\/2026\/02\/pellet-a-domilici-logo-1.jpg\" \/>\n\t<meta property=\"og:image:width\" content=\"1000\" \/>\n\t<meta property=\"og:image:height\" content=\"1000\" \/>\n\t<meta property=\"og:image:type\" content=\"image\/jpeg\" \/>\n<meta name=\"twitter:card\" content=\"summary_large_image\" \/>\n<meta name=\"twitter:label1\" content=\"Temps estimat de lectura\" \/>\n\t<meta name=\"twitter:data1\" content=\"2 minuts\" \/>\n<script type=\"application\/ld+json\" class=\"yoast-schema-graph\">{\"@context\":\"https:\\\/\\\/schema.org\",\"@graph\":[{\"@type\":\"WebPage\",\"@id\":\"https:\\\/\\\/bioplace.biz\\\/ca\\\/producto\\\/palet-complet-amb-77-sacs-de-pellets-lliurament-a-domicili-a-tarragona-amb-camio\\\/\",\"url\":\"https:\\\/\\\/bioplace.biz\\\/ca\\\/producto\\\/palet-complet-amb-77-sacs-de-pellets-lliurament-a-domicili-a-tarragona-amb-camio\\\/\",\"name\":\"1 palet de pellets. Entrega a domicili a Tarragona i a la Plana de Lleida, inclosa en cami\u00f3. - BioPlace P\u00e8l\u00b7let a domicili Tarragona | Palet de p\u00e8l\u00b7lets certificat ENplus A1\",\"isPartOf\":{\"@id\":\"https:\\\/\\\/bioplace.biz\\\/ca\\\/#website\"},\"primaryImageOfPage\":{\"@id\":\"https:\\\/\\\/bioplace.biz\\\/ca\\\/producto\\\/palet-complet-amb-77-sacs-de-pellets-lliurament-a-domicili-a-tarragona-amb-camio\\\/#primaryimage\"},\"image\":{\"@id\":\"https:\\\/\\\/bioplace.biz\\\/ca\\\/producto\\\/palet-complet-amb-77-sacs-de-pellets-lliurament-a-domicili-a-tarragona-amb-camio\\\/#primaryimage\"},\"thumbnailUrl\":\"https:\\\/\\\/bioplace.biz\\\/wp-content\\\/uploads\\\/2026\\\/02\\\/pellet-a-domilici-logo-1.jpg\",\"datePublished\":\"2026-02-04T13:19:10+00:00\",\"dateModified\":\"2026-02-06T12:00:28+00:00\",\"description\":\"P\u00e8l\u00b7let a domicili a Tarragona. Palet de 77 sacs de 15 kg, p\u00e8l\u00b7lets 100 % pi amb certificaci\u00f3 ENplus A1 i DINplus. Lliurament amb cami\u00f3.\",\"breadcrumb\":{\"@id\":\"https:\\\/\\\/bioplace.biz\\\/ca\\\/producto\\\/palet-complet-amb-77-sacs-de-pellets-lliurament-a-domicili-a-tarragona-amb-camio\\\/#breadcrumb\"},\"inLanguage\":\"ca\",\"potentialAction\":[{\"@type\":\"ReadAction\",\"target\":[\"https:\\\/\\\/bioplace.biz\\\/ca\\\/producto\\\/palet-complet-amb-77-sacs-de-pellets-lliurament-a-domicili-a-tarragona-amb-camio\\\/\"]}]},{\"@type\":\"ImageObject\",\"inLanguage\":\"ca\",\"@id\":\"https:\\\/\\\/bioplace.biz\\\/ca\\\/producto\\\/palet-complet-amb-77-sacs-de-pellets-lliurament-a-domicili-a-tarragona-amb-camio\\\/#primaryimage\",\"url\":\"https:\\\/\\\/bioplace.biz\\\/wp-content\\\/uploads\\\/2026\\\/02\\\/pellet-a-domilici-logo-1.jpg\",\"contentUrl\":\"https:\\\/\\\/bioplace.biz\\\/wp-content\\\/uploads\\\/2026\\\/02\\\/pellet-a-domilici-logo-1.jpg\",\"width\":1000,\"height\":1000,\"caption\":\"pellet a domicilio tarragona\"},{\"@type\":\"BreadcrumbList\",\"@id\":\"https:\\\/\\\/bioplace.biz\\\/ca\\\/producto\\\/palet-complet-amb-77-sacs-de-pellets-lliurament-a-domicili-a-tarragona-amb-camio\\\/#breadcrumb\",\"itemListElement\":[{\"@type\":\"ListItem\",\"position\":1,\"name\":\"Casa\",\"item\":\"https:\\\/\\\/bioplace.biz\\\/ca\\\/\"},{\"@type\":\"ListItem\",\"position\":2,\"name\":\"Botiga\",\"item\":\"https:\\\/\\\/bioplace.biz\\\/ca\\\/botiga\\\/\"},{\"@type\":\"ListItem\",\"position\":3,\"name\":\"1 palet de pellets. Entrega a domicili a Tarragona i a la Plana de Lleida, inclosa en cami\u00f3.\"}]},{\"@type\":\"WebSite\",\"@id\":\"https:\\\/\\\/bioplace.biz\\\/ca\\\/#website\",\"url\":\"https:\\\/\\\/bioplace.biz\\\/ca\\\/\",\"name\":\"BioPlace\",\"description\":\"Bioenergy Products\u00a0Marketplace\",\"publisher\":{\"@id\":\"https:\\\/\\\/bioplace.biz\\\/ca\\\/#organization\"},\"potentialAction\":[{\"@type\":\"SearchAction\",\"target\":{\"@type\":\"EntryPoint\",\"urlTemplate\":\"https:\\\/\\\/bioplace.biz\\\/ca\\\/?s={search_term_string}\"},\"query-input\":{\"@type\":\"PropertyValueSpecification\",\"valueRequired\":true,\"valueName\":\"search_term_string\"}}],\"inLanguage\":\"ca\"},{\"@type\":\"Organization\",\"@id\":\"https:\\\/\\\/bioplace.biz\\\/ca\\\/#organization\",\"name\":\"BioPlace\",\"url\":\"https:\\\/\\\/bioplace.biz\\\/ca\\\/\",\"logo\":{\"@type\":\"ImageObject\",\"inLanguage\":\"ca\",\"@id\":\"https:\\\/\\\/bioplace.biz\\\/ca\\\/#\\\/schema\\\/logo\\\/image\\\/\",\"url\":\"https:\\\/\\\/bioplace.biz\\\/wp-content\\\/uploads\\\/2024\\\/09\\\/Logo-Biohome_1.webp\",\"contentUrl\":\"https:\\\/\\\/bioplace.biz\\\/wp-content\\\/uploads\\\/2024\\\/09\\\/Logo-Biohome_1.webp\",\"width\":435,\"height\":60,\"caption\":\"BioPlace\"},\"image\":{\"@id\":\"https:\\\/\\\/bioplace.biz\\\/ca\\\/#\\\/schema\\\/logo\\\/image\\\/\"}}]}<\/script>\n<!-- \/ Yoast SEO plugin. -->","yoast_head_json":{"title":"1 palet de pellets. Entrega a domicili a Tarragona i a la Plana de Lleida, inclosa en cami\u00f3. - BioPlace P\u00e8l\u00b7let a domicili Tarragona | Palet de p\u00e8l\u00b7lets certificat ENplus A1","description":"P\u00e8l\u00b7let a domicili a Tarragona. Palet de 77 sacs de 15 kg, p\u00e8l\u00b7lets 100 % pi amb certificaci\u00f3 ENplus A1 i DINplus. Lliurament amb cami\u00f3.","robots":{"index":"index","follow":"follow","max-snippet":"max-snippet:-1","max-image-preview":"max-image-preview:large","max-video-preview":"max-video-preview:-1"},"canonical":"https:\/\/bioplace.biz\/ca\/producto\/palet-complet-amb-77-sacs-de-pellets-lliurament-a-domicili-a-tarragona-amb-camio\/","og_locale":"ca_ES","og_type":"article","og_title":"1 palet de pellets. Entrega a domicili a Tarragona i a la Plana de Lleida, inclosa en cami\u00f3. - BioPlace P\u00e8l\u00b7let a domicili Tarragona | Palet de p\u00e8l\u00b7lets certificat ENplus A1","og_description":"P\u00e8l\u00b7let a domicili a Tarragona. Palet de 77 sacs de 15 kg, p\u00e8l\u00b7lets 100 % pi amb certificaci\u00f3 ENplus A1 i DINplus. Lliurament amb cami\u00f3.","og_url":"https:\/\/bioplace.biz\/ca\/producto\/palet-complet-amb-77-sacs-de-pellets-lliurament-a-domicili-a-tarragona-amb-camio\/","og_site_name":"BioPlace","article_modified_time":"2026-02-06T12:00:28+00:00","og_image":[{"width":1000,"height":1000,"url":"https:\/\/bioplace.biz\/wp-content\/uploads\/2026\/02\/pellet-a-domilici-logo-1.jpg","type":"image\/jpeg"}],"twitter_card":"summary_large_image","twitter_misc":{"Temps estimat de lectura":"2 minuts"},"schema":{"@context":"https:\/\/schema.org","@graph":[{"@type":"WebPage","@id":"https:\/\/bioplace.biz\/ca\/producto\/palet-complet-amb-77-sacs-de-pellets-lliurament-a-domicili-a-tarragona-amb-camio\/","url":"https:\/\/bioplace.biz\/ca\/producto\/palet-complet-amb-77-sacs-de-pellets-lliurament-a-domicili-a-tarragona-amb-camio\/","name":"1 palet de pellets. Entrega a domicili a Tarragona i a la Plana de Lleida, inclosa en cami\u00f3. - BioPlace P\u00e8l\u00b7let a domicili Tarragona | Palet de p\u00e8l\u00b7lets certificat ENplus A1","isPartOf":{"@id":"https:\/\/bioplace.biz\/ca\/#website"},"primaryImageOfPage":{"@id":"https:\/\/bioplace.biz\/ca\/producto\/palet-complet-amb-77-sacs-de-pellets-lliurament-a-domicili-a-tarragona-amb-camio\/#primaryimage"},"image":{"@id":"https:\/\/bioplace.biz\/ca\/producto\/palet-complet-amb-77-sacs-de-pellets-lliurament-a-domicili-a-tarragona-amb-camio\/#primaryimage"},"thumbnailUrl":"https:\/\/bioplace.biz\/wp-content\/uploads\/2026\/02\/pellet-a-domilici-logo-1.jpg","datePublished":"2026-02-04T13:19:10+00:00","dateModified":"2026-02-06T12:00:28+00:00","description":"P\u00e8l\u00b7let a domicili a Tarragona. Palet de 77 sacs de 15 kg, p\u00e8l\u00b7lets 100 % pi amb certificaci\u00f3 ENplus A1 i DINplus. Lliurament amb cami\u00f3.","breadcrumb":{"@id":"https:\/\/bioplace.biz\/ca\/producto\/palet-complet-amb-77-sacs-de-pellets-lliurament-a-domicili-a-tarragona-amb-camio\/#breadcrumb"},"inLanguage":"ca","potentialAction":[{"@type":"ReadAction","target":["https:\/\/bioplace.biz\/ca\/producto\/palet-complet-amb-77-sacs-de-pellets-lliurament-a-domicili-a-tarragona-amb-camio\/"]}]},{"@type":"ImageObject","inLanguage":"ca","@id":"https:\/\/bioplace.biz\/ca\/producto\/palet-complet-amb-77-sacs-de-pellets-lliurament-a-domicili-a-tarragona-amb-camio\/#primaryimage","url":"https:\/\/bioplace.biz\/wp-content\/uploads\/2026\/02\/pellet-a-domilici-logo-1.jpg","contentUrl":"https:\/\/bioplace.biz\/wp-content\/uploads\/2026\/02\/pellet-a-domilici-logo-1.jpg","width":1000,"height":1000,"caption":"pellet a domicilio tarragona"},{"@type":"BreadcrumbList","@id":"https:\/\/bioplace.biz\/ca\/producto\/palet-complet-amb-77-sacs-de-pellets-lliurament-a-domicili-a-tarragona-amb-camio\/#breadcrumb","itemListElement":[{"@type":"ListItem","position":1,"name":"Casa","item":"https:\/\/bioplace.biz\/ca\/"},{"@type":"ListItem","position":2,"name":"Botiga","item":"https:\/\/bioplace.biz\/ca\/botiga\/"},{"@type":"ListItem","position":3,"name":"1 palet de pellets. Entrega a domicili a Tarragona i a la Plana de Lleida, inclosa en cami\u00f3."}]},{"@type":"WebSite","@id":"https:\/\/bioplace.biz\/ca\/#website","url":"https:\/\/bioplace.biz\/ca\/","name":"BioPlace","description":"Bioenergy Products\u00a0Marketplace","publisher":{"@id":"https:\/\/bioplace.biz\/ca\/#organization"},"potentialAction":[{"@type":"SearchAction","target":{"@type":"EntryPoint","urlTemplate":"https:\/\/bioplace.biz\/ca\/?s={search_term_string}"},"query-input":{"@type":"PropertyValueSpecification","valueRequired":true,"valueName":"search_term_string"}}],"inLanguage":"ca"},{"@type":"Organization","@id":"https:\/\/bioplace.biz\/ca\/#organization","name":"BioPlace","url":"https:\/\/bioplace.biz\/ca\/","logo":{"@type":"ImageObject","inLanguage":"ca","@id":"https:\/\/bioplace.biz\/ca\/#\/schema\/logo\/image\/","url":"https:\/\/bioplace.biz\/wp-content\/uploads\/2024\/09\/Logo-Biohome_1.webp","contentUrl":"https:\/\/bioplace.biz\/wp-content\/uploads\/2024\/09\/Logo-Biohome_1.webp","width":435,"height":60,"caption":"BioPlace"},"image":{"@id":"https:\/\/bioplace.biz\/ca\/#\/schema\/logo\/image\/"}}]}},"_links":{"self":[{"href":"https:\/\/bioplace.biz\/ca\/wp-json\/wp\/v2\/product\/7538","targetHints":{"allow":["GET"]}}],"collection":[{"href":"https:\/\/bioplace.biz\/ca\/wp-json\/wp\/v2\/product"}],"about":[{"href":"https:\/\/bioplace.biz\/ca\/wp-json\/wp\/v2\/types\/product"}],"replies":[{"embeddable":true,"href":"https:\/\/bioplace.biz\/ca\/wp-json\/wp\/v2\/comments?post=7538"}],"version-history":[{"count":0,"href":"https:\/\/bioplace.biz\/ca\/wp-json\/wp\/v2\/product\/7538\/revisions"}],"wp:featuredmedia":[{"embeddable":true,"href":"https:\/\/bioplace.biz\/ca\/wp-json\/wp\/v2\/media\/7614"}],"wp:attachment":[{"href":"https:\/\/bioplace.biz\/ca\/wp-json\/wp\/v2\/media?parent=7538"}],"wp:term":[{"taxonomy":"product_brand","embeddable":true,"href":"https:\/\/bioplace.biz\/ca\/wp-json\/wp\/v2\/product_brand?post=7538"},{"taxonomy":"product_cat","embeddable":true,"href":"https:\/\/bioplace.biz\/ca\/wp-json\/wp\/v2\/product_cat?post=7538"},{"taxonomy":"product_tag","embeddable":true,"href":"https:\/\/bioplace.biz\/ca\/wp-json\/wp\/v2\/product_tag?post=7538"}],"curies":[{"name":"wp","href":"https:\/\/api.w.org\/{rel}","templated":true}]}}