{"id":6248,"date":"2025-11-04T12:18:42","date_gmt":"2025-11-04T11:18:42","guid":{"rendered":"https:\/\/bioplace.biz\/product\/astella-dalzina-20-kg-4\/"},"modified":"2025-12-31T11:07:53","modified_gmt":"2025-12-31T10:07:53","slug":"astella-dalzina-20-kg-4","status":"publish","type":"product","link":"https:\/\/bioplace.biz\/ca\/producto\/astella-dalzina-20-kg-4\/","title":{"rendered":"Llenya d&#8217;alzina 20 kg"},"content":{"rendered":"<p>Producte de qualitat ofert per EbreBio Coop. Confian\u00e7a en la qualitat i en l&#8217;experi\u00e8ncia sostenible, amb garantia de log\u00edstica eficient, qualitat circular i un equip professional al servei del territori.<\/p>\n","protected":false},"excerpt":{"rendered":"<p>Llenya d&#8217;alzina 20 kg &#8211; EbreBio Coop.<\/p>\n","protected":false},"featured_media":6909,"comment_status":"open","ping_status":"closed","template":"","meta":{"_acf_changed":false},"product_brand":[],"product_cat":[308],"product_tag":[],"class_list":{"0":"post-6248","1":"product","2":"type-product","3":"status-publish","4":"has-post-thumbnail","6":"product_cat-estelles-de-fusta","8":"first","9":"onbackorder","10":"sale","11":"featured","12":"taxable","13":"shipping-taxable","14":"purchasable","15":"product-type-simple"},"acf":[],"yoast_head":"<!-- This site is optimized with the Yoast SEO plugin v27.3 - https:\/\/yoast.com\/product\/yoast-seo-wordpress\/ -->\n<title>Llenya d&#039;alzina 20 kg - BioPlace<\/title>\n<meta name=\"robots\" content=\"index, follow, max-snippet:-1, max-image-preview:large, max-video-preview:-1\" \/>\n<link rel=\"canonical\" href=\"https:\/\/bioplace.biz\/ca\/producto\/astella-dalzina-20-kg-4\/\" \/>\n<meta property=\"og:locale\" content=\"ca_ES\" \/>\n<meta property=\"og:type\" content=\"article\" \/>\n<meta property=\"og:title\" content=\"Llenya d&#039;alzina 20 kg - BioPlace\" \/>\n<meta property=\"og:description\" content=\"Llenya d&#039;alzina 20 kg - EbreBio Coop.\" \/>\n<meta property=\"og:url\" content=\"https:\/\/bioplace.biz\/ca\/producto\/astella-dalzina-20-kg-4\/\" \/>\n<meta property=\"og:site_name\" content=\"BioPlace\" \/>\n<meta property=\"article:modified_time\" content=\"2025-12-31T10:07:53+00:00\" \/>\n<meta property=\"og:image\" content=\"https:\/\/bioplace.biz\/wp-content\/uploads\/2025\/11\/mick-haupt-8lyUhiJ7CUQ-unsplash-scaled.jpg\" \/>\n\t<meta property=\"og:image:width\" content=\"2560\" \/>\n\t<meta property=\"og:image:height\" content=\"1707\" \/>\n\t<meta property=\"og:image:type\" content=\"image\/jpeg\" \/>\n<meta name=\"twitter:card\" content=\"summary_large_image\" \/>\n<script type=\"application\/ld+json\" class=\"yoast-schema-graph\">{\"@context\":\"https:\\\/\\\/schema.org\",\"@graph\":[{\"@type\":\"WebPage\",\"@id\":\"https:\\\/\\\/bioplace.biz\\\/ca\\\/producto\\\/astella-dalzina-20-kg-4\\\/\",\"url\":\"https:\\\/\\\/bioplace.biz\\\/ca\\\/producto\\\/astella-dalzina-20-kg-4\\\/\",\"name\":\"Llenya d'alzina 20 kg - BioPlace\",\"isPartOf\":{\"@id\":\"https:\\\/\\\/bioplace.biz\\\/ca\\\/#website\"},\"primaryImageOfPage\":{\"@id\":\"https:\\\/\\\/bioplace.biz\\\/ca\\\/producto\\\/astella-dalzina-20-kg-4\\\/#primaryimage\"},\"image\":{\"@id\":\"https:\\\/\\\/bioplace.biz\\\/ca\\\/producto\\\/astella-dalzina-20-kg-4\\\/#primaryimage\"},\"thumbnailUrl\":\"https:\\\/\\\/bioplace.biz\\\/wp-content\\\/uploads\\\/2025\\\/11\\\/mick-haupt-8lyUhiJ7CUQ-unsplash-scaled.jpg\",\"datePublished\":\"2025-11-04T11:18:42+00:00\",\"dateModified\":\"2025-12-31T10:07:53+00:00\",\"breadcrumb\":{\"@id\":\"https:\\\/\\\/bioplace.biz\\\/ca\\\/producto\\\/astella-dalzina-20-kg-4\\\/#breadcrumb\"},\"inLanguage\":\"ca\",\"potentialAction\":[{\"@type\":\"ReadAction\",\"target\":[\"https:\\\/\\\/bioplace.biz\\\/ca\\\/producto\\\/astella-dalzina-20-kg-4\\\/\"]}]},{\"@type\":\"ImageObject\",\"inLanguage\":\"ca\",\"@id\":\"https:\\\/\\\/bioplace.biz\\\/ca\\\/producto\\\/astella-dalzina-20-kg-4\\\/#primaryimage\",\"url\":\"https:\\\/\\\/bioplace.biz\\\/wp-content\\\/uploads\\\/2025\\\/11\\\/mick-haupt-8lyUhiJ7CUQ-unsplash-scaled.jpg\",\"contentUrl\":\"https:\\\/\\\/bioplace.biz\\\/wp-content\\\/uploads\\\/2025\\\/11\\\/mick-haupt-8lyUhiJ7CUQ-unsplash-scaled.jpg\",\"width\":2560,\"height\":1707},{\"@type\":\"BreadcrumbList\",\"@id\":\"https:\\\/\\\/bioplace.biz\\\/ca\\\/producto\\\/astella-dalzina-20-kg-4\\\/#breadcrumb\",\"itemListElement\":[{\"@type\":\"ListItem\",\"position\":1,\"name\":\"Casa\",\"item\":\"https:\\\/\\\/bioplace.biz\\\/ca\\\/\"},{\"@type\":\"ListItem\",\"position\":2,\"name\":\"Botiga\",\"item\":\"https:\\\/\\\/bioplace.biz\\\/ca\\\/botiga\\\/\"},{\"@type\":\"ListItem\",\"position\":3,\"name\":\"Llenya d&#8217;alzina 20 kg\"}]},{\"@type\":\"WebSite\",\"@id\":\"https:\\\/\\\/bioplace.biz\\\/ca\\\/#website\",\"url\":\"https:\\\/\\\/bioplace.biz\\\/ca\\\/\",\"name\":\"BioPlace\",\"description\":\"Bioenergy Products\u00a0Marketplace\",\"publisher\":{\"@id\":\"https:\\\/\\\/bioplace.biz\\\/ca\\\/#organization\"},\"potentialAction\":[{\"@type\":\"SearchAction\",\"target\":{\"@type\":\"EntryPoint\",\"urlTemplate\":\"https:\\\/\\\/bioplace.biz\\\/ca\\\/?s={search_term_string}\"},\"query-input\":{\"@type\":\"PropertyValueSpecification\",\"valueRequired\":true,\"valueName\":\"search_term_string\"}}],\"inLanguage\":\"ca\"},{\"@type\":\"Organization\",\"@id\":\"https:\\\/\\\/bioplace.biz\\\/ca\\\/#organization\",\"name\":\"BioPlace\",\"url\":\"https:\\\/\\\/bioplace.biz\\\/ca\\\/\",\"logo\":{\"@type\":\"ImageObject\",\"inLanguage\":\"ca\",\"@id\":\"https:\\\/\\\/bioplace.biz\\\/ca\\\/#\\\/schema\\\/logo\\\/image\\\/\",\"url\":\"https:\\\/\\\/bioplace.biz\\\/wp-content\\\/uploads\\\/2024\\\/09\\\/Logo-Biohome_1.webp\",\"contentUrl\":\"https:\\\/\\\/bioplace.biz\\\/wp-content\\\/uploads\\\/2024\\\/09\\\/Logo-Biohome_1.webp\",\"width\":435,\"height\":60,\"caption\":\"BioPlace\"},\"image\":{\"@id\":\"https:\\\/\\\/bioplace.biz\\\/ca\\\/#\\\/schema\\\/logo\\\/image\\\/\"}}]}<\/script>\n<!-- \/ Yoast SEO plugin. -->","yoast_head_json":{"title":"Llenya d'alzina 20 kg - BioPlace","robots":{"index":"index","follow":"follow","max-snippet":"max-snippet:-1","max-image-preview":"max-image-preview:large","max-video-preview":"max-video-preview:-1"},"canonical":"https:\/\/bioplace.biz\/ca\/producto\/astella-dalzina-20-kg-4\/","og_locale":"ca_ES","og_type":"article","og_title":"Llenya d'alzina 20 kg - BioPlace","og_description":"Llenya d'alzina 20 kg - EbreBio Coop.","og_url":"https:\/\/bioplace.biz\/ca\/producto\/astella-dalzina-20-kg-4\/","og_site_name":"BioPlace","article_modified_time":"2025-12-31T10:07:53+00:00","og_image":[{"width":2560,"height":1707,"url":"https:\/\/bioplace.biz\/wp-content\/uploads\/2025\/11\/mick-haupt-8lyUhiJ7CUQ-unsplash-scaled.jpg","type":"image\/jpeg"}],"twitter_card":"summary_large_image","schema":{"@context":"https:\/\/schema.org","@graph":[{"@type":"WebPage","@id":"https:\/\/bioplace.biz\/ca\/producto\/astella-dalzina-20-kg-4\/","url":"https:\/\/bioplace.biz\/ca\/producto\/astella-dalzina-20-kg-4\/","name":"Llenya d'alzina 20 kg - BioPlace","isPartOf":{"@id":"https:\/\/bioplace.biz\/ca\/#website"},"primaryImageOfPage":{"@id":"https:\/\/bioplace.biz\/ca\/producto\/astella-dalzina-20-kg-4\/#primaryimage"},"image":{"@id":"https:\/\/bioplace.biz\/ca\/producto\/astella-dalzina-20-kg-4\/#primaryimage"},"thumbnailUrl":"https:\/\/bioplace.biz\/wp-content\/uploads\/2025\/11\/mick-haupt-8lyUhiJ7CUQ-unsplash-scaled.jpg","datePublished":"2025-11-04T11:18:42+00:00","dateModified":"2025-12-31T10:07:53+00:00","breadcrumb":{"@id":"https:\/\/bioplace.biz\/ca\/producto\/astella-dalzina-20-kg-4\/#breadcrumb"},"inLanguage":"ca","potentialAction":[{"@type":"ReadAction","target":["https:\/\/bioplace.biz\/ca\/producto\/astella-dalzina-20-kg-4\/"]}]},{"@type":"ImageObject","inLanguage":"ca","@id":"https:\/\/bioplace.biz\/ca\/producto\/astella-dalzina-20-kg-4\/#primaryimage","url":"https:\/\/bioplace.biz\/wp-content\/uploads\/2025\/11\/mick-haupt-8lyUhiJ7CUQ-unsplash-scaled.jpg","contentUrl":"https:\/\/bioplace.biz\/wp-content\/uploads\/2025\/11\/mick-haupt-8lyUhiJ7CUQ-unsplash-scaled.jpg","width":2560,"height":1707},{"@type":"BreadcrumbList","@id":"https:\/\/bioplace.biz\/ca\/producto\/astella-dalzina-20-kg-4\/#breadcrumb","itemListElement":[{"@type":"ListItem","position":1,"name":"Casa","item":"https:\/\/bioplace.biz\/ca\/"},{"@type":"ListItem","position":2,"name":"Botiga","item":"https:\/\/bioplace.biz\/ca\/botiga\/"},{"@type":"ListItem","position":3,"name":"Llenya d&#8217;alzina 20 kg"}]},{"@type":"WebSite","@id":"https:\/\/bioplace.biz\/ca\/#website","url":"https:\/\/bioplace.biz\/ca\/","name":"BioPlace","description":"Bioenergy Products\u00a0Marketplace","publisher":{"@id":"https:\/\/bioplace.biz\/ca\/#organization"},"potentialAction":[{"@type":"SearchAction","target":{"@type":"EntryPoint","urlTemplate":"https:\/\/bioplace.biz\/ca\/?s={search_term_string}"},"query-input":{"@type":"PropertyValueSpecification","valueRequired":true,"valueName":"search_term_string"}}],"inLanguage":"ca"},{"@type":"Organization","@id":"https:\/\/bioplace.biz\/ca\/#organization","name":"BioPlace","url":"https:\/\/bioplace.biz\/ca\/","logo":{"@type":"ImageObject","inLanguage":"ca","@id":"https:\/\/bioplace.biz\/ca\/#\/schema\/logo\/image\/","url":"https:\/\/bioplace.biz\/wp-content\/uploads\/2024\/09\/Logo-Biohome_1.webp","contentUrl":"https:\/\/bioplace.biz\/wp-content\/uploads\/2024\/09\/Logo-Biohome_1.webp","width":435,"height":60,"caption":"BioPlace"},"image":{"@id":"https:\/\/bioplace.biz\/ca\/#\/schema\/logo\/image\/"}}]}},"_links":{"self":[{"href":"https:\/\/bioplace.biz\/ca\/wp-json\/wp\/v2\/product\/6248","targetHints":{"allow":["GET"]}}],"collection":[{"href":"https:\/\/bioplace.biz\/ca\/wp-json\/wp\/v2\/product"}],"about":[{"href":"https:\/\/bioplace.biz\/ca\/wp-json\/wp\/v2\/types\/product"}],"replies":[{"embeddable":true,"href":"https:\/\/bioplace.biz\/ca\/wp-json\/wp\/v2\/comments?post=6248"}],"version-history":[{"count":0,"href":"https:\/\/bioplace.biz\/ca\/wp-json\/wp\/v2\/product\/6248\/revisions"}],"wp:featuredmedia":[{"embeddable":true,"href":"https:\/\/bioplace.biz\/ca\/wp-json\/wp\/v2\/media\/6909"}],"wp:attachment":[{"href":"https:\/\/bioplace.biz\/ca\/wp-json\/wp\/v2\/media?parent=6248"}],"wp:term":[{"taxonomy":"product_brand","embeddable":true,"href":"https:\/\/bioplace.biz\/ca\/wp-json\/wp\/v2\/product_brand?post=6248"},{"taxonomy":"product_cat","embeddable":true,"href":"https:\/\/bioplace.biz\/ca\/wp-json\/wp\/v2\/product_cat?post=6248"},{"taxonomy":"product_tag","embeddable":true,"href":"https:\/\/bioplace.biz\/ca\/wp-json\/wp\/v2\/product_tag?post=6248"}],"curies":[{"name":"wp","href":"https:\/\/api.w.org\/{rel}","templated":true}]}}