{"id":5882,"date":"2025-11-03T11:57:03","date_gmt":"2025-11-03T10:57:03","guid":{"rendered":"https:\/\/bioplace.biz\/product\/troncs-de-pi-50cm-3\/"},"modified":"2026-01-15T12:41:44","modified_gmt":"2026-01-15T11:41:44","slug":"troncs-de-pi-50cm-3","status":"publish","type":"product","link":"https:\/\/bioplace.biz\/ca\/producto\/troncs-de-pi-50cm-3\/","title":{"rendered":"Troncs de pi 50 cm"},"content":{"rendered":"<p dir=\"auto\">Producte de qualitat ofert per FustaPlus Energia SL. Garantia d&#8217;equipament, rendiment d&#8217;equipament, rendiment, qualitat, garantia, professional, experi\u00e8ncia, experi\u00e8ncia, log\u00edstica, qualitat, confian\u00e7a, professional, qualitat, manteniment, circular, eficient, servei, professional. <\/p>\n","protected":false},"excerpt":{"rendered":"<p>Troncs de pi 50 cm &#8211; FustaPlus Energia SL<\/p>\n","protected":false},"featured_media":5884,"comment_status":"open","ping_status":"closed","template":"","meta":{"_acf_changed":false},"product_brand":[],"product_cat":[360],"product_tag":[],"class_list":{"0":"post-5882","1":"product","2":"type-product","3":"status-publish","4":"has-post-thumbnail","6":"product_cat-trons-de-fusta","8":"first","9":"onbackorder","10":"sale","11":"taxable","12":"shipping-taxable","13":"purchasable","14":"product-type-simple"},"acf":[],"yoast_head":"<!-- This site is optimized with the Yoast SEO plugin v27.3 - https:\/\/yoast.com\/product\/yoast-seo-wordpress\/ -->\n<title>Troncs de pi 50 cm - BioPlace<\/title>\n<meta name=\"robots\" content=\"index, follow, max-snippet:-1, max-image-preview:large, max-video-preview:-1\" \/>\n<link rel=\"canonical\" href=\"https:\/\/bioplace.biz\/ca\/producto\/troncs-de-pi-50cm-3\/\" \/>\n<meta property=\"og:locale\" content=\"ca_ES\" \/>\n<meta property=\"og:type\" content=\"article\" \/>\n<meta property=\"og:title\" content=\"Troncs de pi 50 cm - BioPlace\" \/>\n<meta property=\"og:description\" content=\"Troncs de pi 50 cm - FustaPlus Energia SL\" \/>\n<meta property=\"og:url\" content=\"https:\/\/bioplace.biz\/ca\/producto\/troncs-de-pi-50cm-3\/\" \/>\n<meta property=\"og:site_name\" content=\"BioPlace\" \/>\n<meta property=\"article:modified_time\" content=\"2026-01-15T11:41:44+00:00\" \/>\n<meta property=\"og:image\" content=\"https:\/\/bioplace.biz\/wp-content\/uploads\/2025\/11\/jon-sailer-vS1BnABwcLY-unsplash-1-scaled.jpg\" \/>\n\t<meta property=\"og:image:width\" content=\"2560\" \/>\n\t<meta property=\"og:image:height\" content=\"1706\" \/>\n\t<meta property=\"og:image:type\" content=\"image\/jpeg\" \/>\n<meta name=\"twitter:card\" content=\"summary_large_image\" \/>\n<script type=\"application\/ld+json\" class=\"yoast-schema-graph\">{\"@context\":\"https:\\\/\\\/schema.org\",\"@graph\":[{\"@type\":\"WebPage\",\"@id\":\"https:\\\/\\\/bioplace.biz\\\/ca\\\/producto\\\/troncs-de-pi-50cm-3\\\/\",\"url\":\"https:\\\/\\\/bioplace.biz\\\/ca\\\/producto\\\/troncs-de-pi-50cm-3\\\/\",\"name\":\"Troncs de pi 50 cm - BioPlace\",\"isPartOf\":{\"@id\":\"https:\\\/\\\/bioplace.biz\\\/ca\\\/#website\"},\"primaryImageOfPage\":{\"@id\":\"https:\\\/\\\/bioplace.biz\\\/ca\\\/producto\\\/troncs-de-pi-50cm-3\\\/#primaryimage\"},\"image\":{\"@id\":\"https:\\\/\\\/bioplace.biz\\\/ca\\\/producto\\\/troncs-de-pi-50cm-3\\\/#primaryimage\"},\"thumbnailUrl\":\"https:\\\/\\\/bioplace.biz\\\/wp-content\\\/uploads\\\/2025\\\/11\\\/jon-sailer-vS1BnABwcLY-unsplash-1-scaled.jpg\",\"datePublished\":\"2025-11-03T10:57:03+00:00\",\"dateModified\":\"2026-01-15T11:41:44+00:00\",\"breadcrumb\":{\"@id\":\"https:\\\/\\\/bioplace.biz\\\/ca\\\/producto\\\/troncs-de-pi-50cm-3\\\/#breadcrumb\"},\"inLanguage\":\"ca\",\"potentialAction\":[{\"@type\":\"ReadAction\",\"target\":[\"https:\\\/\\\/bioplace.biz\\\/ca\\\/producto\\\/troncs-de-pi-50cm-3\\\/\"]}]},{\"@type\":\"ImageObject\",\"inLanguage\":\"ca\",\"@id\":\"https:\\\/\\\/bioplace.biz\\\/ca\\\/producto\\\/troncs-de-pi-50cm-3\\\/#primaryimage\",\"url\":\"https:\\\/\\\/bioplace.biz\\\/wp-content\\\/uploads\\\/2025\\\/11\\\/jon-sailer-vS1BnABwcLY-unsplash-1-scaled.jpg\",\"contentUrl\":\"https:\\\/\\\/bioplace.biz\\\/wp-content\\\/uploads\\\/2025\\\/11\\\/jon-sailer-vS1BnABwcLY-unsplash-1-scaled.jpg\",\"width\":2560,\"height\":1706},{\"@type\":\"BreadcrumbList\",\"@id\":\"https:\\\/\\\/bioplace.biz\\\/ca\\\/producto\\\/troncs-de-pi-50cm-3\\\/#breadcrumb\",\"itemListElement\":[{\"@type\":\"ListItem\",\"position\":1,\"name\":\"Casa\",\"item\":\"https:\\\/\\\/bioplace.biz\\\/ca\\\/\"},{\"@type\":\"ListItem\",\"position\":2,\"name\":\"Botiga\",\"item\":\"https:\\\/\\\/bioplace.biz\\\/ca\\\/botiga\\\/\"},{\"@type\":\"ListItem\",\"position\":3,\"name\":\"Troncs de pi 50 cm\"}]},{\"@type\":\"WebSite\",\"@id\":\"https:\\\/\\\/bioplace.biz\\\/ca\\\/#website\",\"url\":\"https:\\\/\\\/bioplace.biz\\\/ca\\\/\",\"name\":\"BioPlace\",\"description\":\"Bioenergy Products\u00a0Marketplace\",\"publisher\":{\"@id\":\"https:\\\/\\\/bioplace.biz\\\/ca\\\/#organization\"},\"potentialAction\":[{\"@type\":\"SearchAction\",\"target\":{\"@type\":\"EntryPoint\",\"urlTemplate\":\"https:\\\/\\\/bioplace.biz\\\/ca\\\/?s={search_term_string}\"},\"query-input\":{\"@type\":\"PropertyValueSpecification\",\"valueRequired\":true,\"valueName\":\"search_term_string\"}}],\"inLanguage\":\"ca\"},{\"@type\":\"Organization\",\"@id\":\"https:\\\/\\\/bioplace.biz\\\/ca\\\/#organization\",\"name\":\"BioPlace\",\"url\":\"https:\\\/\\\/bioplace.biz\\\/ca\\\/\",\"logo\":{\"@type\":\"ImageObject\",\"inLanguage\":\"ca\",\"@id\":\"https:\\\/\\\/bioplace.biz\\\/ca\\\/#\\\/schema\\\/logo\\\/image\\\/\",\"url\":\"https:\\\/\\\/bioplace.biz\\\/wp-content\\\/uploads\\\/2024\\\/09\\\/Logo-Biohome_1.webp\",\"contentUrl\":\"https:\\\/\\\/bioplace.biz\\\/wp-content\\\/uploads\\\/2024\\\/09\\\/Logo-Biohome_1.webp\",\"width\":435,\"height\":60,\"caption\":\"BioPlace\"},\"image\":{\"@id\":\"https:\\\/\\\/bioplace.biz\\\/ca\\\/#\\\/schema\\\/logo\\\/image\\\/\"}}]}<\/script>\n<!-- \/ Yoast SEO plugin. -->","yoast_head_json":{"title":"Troncs de pi 50 cm - BioPlace","robots":{"index":"index","follow":"follow","max-snippet":"max-snippet:-1","max-image-preview":"max-image-preview:large","max-video-preview":"max-video-preview:-1"},"canonical":"https:\/\/bioplace.biz\/ca\/producto\/troncs-de-pi-50cm-3\/","og_locale":"ca_ES","og_type":"article","og_title":"Troncs de pi 50 cm - BioPlace","og_description":"Troncs de pi 50 cm - FustaPlus Energia SL","og_url":"https:\/\/bioplace.biz\/ca\/producto\/troncs-de-pi-50cm-3\/","og_site_name":"BioPlace","article_modified_time":"2026-01-15T11:41:44+00:00","og_image":[{"width":2560,"height":1706,"url":"https:\/\/bioplace.biz\/wp-content\/uploads\/2025\/11\/jon-sailer-vS1BnABwcLY-unsplash-1-scaled.jpg","type":"image\/jpeg"}],"twitter_card":"summary_large_image","schema":{"@context":"https:\/\/schema.org","@graph":[{"@type":"WebPage","@id":"https:\/\/bioplace.biz\/ca\/producto\/troncs-de-pi-50cm-3\/","url":"https:\/\/bioplace.biz\/ca\/producto\/troncs-de-pi-50cm-3\/","name":"Troncs de pi 50 cm - BioPlace","isPartOf":{"@id":"https:\/\/bioplace.biz\/ca\/#website"},"primaryImageOfPage":{"@id":"https:\/\/bioplace.biz\/ca\/producto\/troncs-de-pi-50cm-3\/#primaryimage"},"image":{"@id":"https:\/\/bioplace.biz\/ca\/producto\/troncs-de-pi-50cm-3\/#primaryimage"},"thumbnailUrl":"https:\/\/bioplace.biz\/wp-content\/uploads\/2025\/11\/jon-sailer-vS1BnABwcLY-unsplash-1-scaled.jpg","datePublished":"2025-11-03T10:57:03+00:00","dateModified":"2026-01-15T11:41:44+00:00","breadcrumb":{"@id":"https:\/\/bioplace.biz\/ca\/producto\/troncs-de-pi-50cm-3\/#breadcrumb"},"inLanguage":"ca","potentialAction":[{"@type":"ReadAction","target":["https:\/\/bioplace.biz\/ca\/producto\/troncs-de-pi-50cm-3\/"]}]},{"@type":"ImageObject","inLanguage":"ca","@id":"https:\/\/bioplace.biz\/ca\/producto\/troncs-de-pi-50cm-3\/#primaryimage","url":"https:\/\/bioplace.biz\/wp-content\/uploads\/2025\/11\/jon-sailer-vS1BnABwcLY-unsplash-1-scaled.jpg","contentUrl":"https:\/\/bioplace.biz\/wp-content\/uploads\/2025\/11\/jon-sailer-vS1BnABwcLY-unsplash-1-scaled.jpg","width":2560,"height":1706},{"@type":"BreadcrumbList","@id":"https:\/\/bioplace.biz\/ca\/producto\/troncs-de-pi-50cm-3\/#breadcrumb","itemListElement":[{"@type":"ListItem","position":1,"name":"Casa","item":"https:\/\/bioplace.biz\/ca\/"},{"@type":"ListItem","position":2,"name":"Botiga","item":"https:\/\/bioplace.biz\/ca\/botiga\/"},{"@type":"ListItem","position":3,"name":"Troncs de pi 50 cm"}]},{"@type":"WebSite","@id":"https:\/\/bioplace.biz\/ca\/#website","url":"https:\/\/bioplace.biz\/ca\/","name":"BioPlace","description":"Bioenergy Products\u00a0Marketplace","publisher":{"@id":"https:\/\/bioplace.biz\/ca\/#organization"},"potentialAction":[{"@type":"SearchAction","target":{"@type":"EntryPoint","urlTemplate":"https:\/\/bioplace.biz\/ca\/?s={search_term_string}"},"query-input":{"@type":"PropertyValueSpecification","valueRequired":true,"valueName":"search_term_string"}}],"inLanguage":"ca"},{"@type":"Organization","@id":"https:\/\/bioplace.biz\/ca\/#organization","name":"BioPlace","url":"https:\/\/bioplace.biz\/ca\/","logo":{"@type":"ImageObject","inLanguage":"ca","@id":"https:\/\/bioplace.biz\/ca\/#\/schema\/logo\/image\/","url":"https:\/\/bioplace.biz\/wp-content\/uploads\/2024\/09\/Logo-Biohome_1.webp","contentUrl":"https:\/\/bioplace.biz\/wp-content\/uploads\/2024\/09\/Logo-Biohome_1.webp","width":435,"height":60,"caption":"BioPlace"},"image":{"@id":"https:\/\/bioplace.biz\/ca\/#\/schema\/logo\/image\/"}}]}},"_links":{"self":[{"href":"https:\/\/bioplace.biz\/ca\/wp-json\/wp\/v2\/product\/5882","targetHints":{"allow":["GET"]}}],"collection":[{"href":"https:\/\/bioplace.biz\/ca\/wp-json\/wp\/v2\/product"}],"about":[{"href":"https:\/\/bioplace.biz\/ca\/wp-json\/wp\/v2\/types\/product"}],"replies":[{"embeddable":true,"href":"https:\/\/bioplace.biz\/ca\/wp-json\/wp\/v2\/comments?post=5882"}],"version-history":[{"count":0,"href":"https:\/\/bioplace.biz\/ca\/wp-json\/wp\/v2\/product\/5882\/revisions"}],"wp:featuredmedia":[{"embeddable":true,"href":"https:\/\/bioplace.biz\/ca\/wp-json\/wp\/v2\/media\/5884"}],"wp:attachment":[{"href":"https:\/\/bioplace.biz\/ca\/wp-json\/wp\/v2\/media?parent=5882"}],"wp:term":[{"taxonomy":"product_brand","embeddable":true,"href":"https:\/\/bioplace.biz\/ca\/wp-json\/wp\/v2\/product_brand?post=5882"},{"taxonomy":"product_cat","embeddable":true,"href":"https:\/\/bioplace.biz\/ca\/wp-json\/wp\/v2\/product_cat?post=5882"},{"taxonomy":"product_tag","embeddable":true,"href":"https:\/\/bioplace.biz\/ca\/wp-json\/wp\/v2\/product_tag?post=5882"}],"curies":[{"name":"wp","href":"https:\/\/api.w.org\/{rel}","templated":true}]}}