{"id":5675,"date":"2024-10-29T18:49:09","date_gmt":"2024-10-29T17:49:09","guid":{"rendered":"https:\/\/bioplace.biz\/product\/smart-meter-per-a-sitges-aeries-de-pellets-en-edificis\/"},"modified":"2024-10-29T18:49:09","modified_gmt":"2024-10-29T17:49:09","slug":"smart-meter-per-a-sitges-aeries-de-pellets-en-edificis","status":"publish","type":"product","link":"https:\/\/bioplace.biz\/ca\/producto\/smart-meter-per-a-sitges-aeries-de-pellets-en-edificis\/","title":{"rendered":"Smart-Meter per a sitges a\u00e8ries de pellets en edificis"},"content":{"rendered":"<pre>Un comptador intel\u00b7ligent senzill d'utilitzar que us ajudar\u00e0 a gestionar les vostres c\u00e0rregues, consums i rec\u00e0rregues de pellets a la vostra sitja del vostre edifici o local. Us ajudar\u00e0 a controlar les vostres c\u00e0rregues existents evitant l'escassetat d'energia, predir el vostre consum futur segons les vostres prediccions meteorol\u00f2giques locals i el vostre perfil de consumidor, i automatitzar els vostres lliuraments i pagaments. \n\nConsta d'un sensor de gran capacitat amb una capacitat de sitja de fins a 10 Tn, una unitat de connexi\u00f3 a Internet (Wifi o Ethernet amb cable) i una plataforma digital per gestionar totes les transaccions (gratu\u00efta per a usuaris b\u00e0sics).\n\nEl producte ha estat dissenyat per bricolatge perqu\u00e8 qualsevol pugui instal\u00b7lar-lo (cal una sitja buida), connectar-lo i configurar-lo amb el vostre tel\u00e8fon intel\u00b7ligent (iPhone o Android).<\/pre>\n<p id=\"stock-info\" class=\"stock-class\"><strong>Stock del MarketPlace 3<\/strong><\/p>\n","protected":false},"excerpt":{"rendered":"<pre><strong>Comptador intel\u00b7ligent d'alta resist\u00e8ncia per a lliuraments automatitzats de pellets de biomassa en sitges aeris per a la calefacci\u00f3 d'edificis. Assequible, f\u00e0cil d'usar i instal\u00b7lar amb tecnologia punta. <\/strong>\n<\/pre>\n<ul class=\"products\">\n<li style=\"list-style-type: none\">\n<\/li>\n<\/ul>\n<pre><img fetchpriority=\"high\" decoding=\"async\" class=\"alignnone size-medium wp-image-485\" src=\"https:\/\/bioplace.biz\/wp-content\/uploads\/2024\/10\/SM1Sensor-300x190.png\" alt=\"\" width=\"300\" height=\"190\" srcset=\"https:\/\/bioplace.biz\/wp-content\/uploads\/2024\/10\/SM1Sensor-300x190.png 300w, https:\/\/bioplace.biz\/wp-content\/uploads\/2024\/10\/SM1Sensor.png 497w\" sizes=\"(max-width: 300px) 100vw, 300px\" \/><\/pre>\n","protected":false},"featured_media":1271,"comment_status":"open","ping_status":"closed","template":"","meta":{"_acf_changed":false},"product_brand":[],"product_cat":[328],"product_tag":[341,342,343,340],"class_list":{"0":"post-5675","1":"product","2":"type-product","3":"status-publish","4":"has-post-thumbnail","6":"product_cat-equipaments-i-accessoris","7":"product_tag-iot-wifi-ethernet-ca","8":"product_tag-lliuraments-automatitzats","9":"product_tag-pagaments-automatitzats","10":"product_tag-plataforma-digital","12":"first","13":"outofstock","14":"featured","15":"taxable","16":"shipping-taxable","17":"purchasable","18":"product-type-simple"},"acf":[],"yoast_head":"<!-- This site is optimized with the Yoast SEO plugin v27.3 - https:\/\/yoast.com\/product\/yoast-seo-wordpress\/ -->\n<title>Smart-Meter per a sitges a\u00e8ries de pellets en edificis - BioPlace<\/title>\n<meta name=\"robots\" content=\"index, follow, max-snippet:-1, max-image-preview:large, max-video-preview:-1\" \/>\n<link rel=\"canonical\" href=\"https:\/\/bioplace.biz\/ca\/producto\/smart-meter-per-a-sitges-aeries-de-pellets-en-edificis\/\" \/>\n<meta property=\"og:locale\" content=\"ca_ES\" \/>\n<meta property=\"og:type\" content=\"article\" \/>\n<meta property=\"og:title\" content=\"Smart-Meter per a sitges a\u00e8ries de pellets en edificis - BioPlace\" \/>\n<meta property=\"og:description\" content=\"Comptador intel\u00b7ligent d&#039;alta resist\u00e8ncia per a lliuraments automatitzats de pellets de biomassa en sitges aeris per a la calefacci\u00f3 d&#039;edificis. Assequible, f\u00e0cil d&#039;usar i instal\u00b7lar amb tecnologia punta.\" \/>\n<meta property=\"og:url\" content=\"https:\/\/bioplace.biz\/ca\/producto\/smart-meter-per-a-sitges-aeries-de-pellets-en-edificis\/\" \/>\n<meta property=\"og:site_name\" content=\"BioPlace\" \/>\n<meta property=\"og:image\" content=\"https:\/\/bioplace.biz\/wp-content\/uploads\/2024\/10\/SM1Sensor-1.png\" \/>\n\t<meta property=\"og:image:width\" content=\"497\" \/>\n\t<meta property=\"og:image:height\" content=\"314\" \/>\n\t<meta property=\"og:image:type\" content=\"image\/png\" \/>\n<meta name=\"twitter:card\" content=\"summary_large_image\" \/>\n<meta name=\"twitter:label1\" content=\"Temps estimat de lectura\" \/>\n\t<meta name=\"twitter:data1\" content=\"1 minut\" \/>\n<script type=\"application\/ld+json\" class=\"yoast-schema-graph\">{\"@context\":\"https:\\\/\\\/schema.org\",\"@graph\":[{\"@type\":\"WebPage\",\"@id\":\"https:\\\/\\\/bioplace.biz\\\/ca\\\/producto\\\/smart-meter-per-a-sitges-aeries-de-pellets-en-edificis\\\/\",\"url\":\"https:\\\/\\\/bioplace.biz\\\/ca\\\/producto\\\/smart-meter-per-a-sitges-aeries-de-pellets-en-edificis\\\/\",\"name\":\"Smart-Meter per a sitges a\u00e8ries de pellets en edificis - BioPlace\",\"isPartOf\":{\"@id\":\"https:\\\/\\\/bioplace.biz\\\/ca\\\/#website\"},\"primaryImageOfPage\":{\"@id\":\"https:\\\/\\\/bioplace.biz\\\/ca\\\/producto\\\/smart-meter-per-a-sitges-aeries-de-pellets-en-edificis\\\/#primaryimage\"},\"image\":{\"@id\":\"https:\\\/\\\/bioplace.biz\\\/ca\\\/producto\\\/smart-meter-per-a-sitges-aeries-de-pellets-en-edificis\\\/#primaryimage\"},\"thumbnailUrl\":\"https:\\\/\\\/bioplace.biz\\\/wp-content\\\/uploads\\\/2024\\\/10\\\/SM1Sensor-1.png\",\"datePublished\":\"2024-10-29T17:49:09+00:00\",\"breadcrumb\":{\"@id\":\"https:\\\/\\\/bioplace.biz\\\/ca\\\/producto\\\/smart-meter-per-a-sitges-aeries-de-pellets-en-edificis\\\/#breadcrumb\"},\"inLanguage\":\"ca\",\"potentialAction\":[{\"@type\":\"ReadAction\",\"target\":[\"https:\\\/\\\/bioplace.biz\\\/ca\\\/producto\\\/smart-meter-per-a-sitges-aeries-de-pellets-en-edificis\\\/\"]}]},{\"@type\":\"ImageObject\",\"inLanguage\":\"ca\",\"@id\":\"https:\\\/\\\/bioplace.biz\\\/ca\\\/producto\\\/smart-meter-per-a-sitges-aeries-de-pellets-en-edificis\\\/#primaryimage\",\"url\":\"https:\\\/\\\/bioplace.biz\\\/wp-content\\\/uploads\\\/2024\\\/10\\\/SM1Sensor-1.png\",\"contentUrl\":\"https:\\\/\\\/bioplace.biz\\\/wp-content\\\/uploads\\\/2024\\\/10\\\/SM1Sensor-1.png\",\"width\":497,\"height\":314},{\"@type\":\"BreadcrumbList\",\"@id\":\"https:\\\/\\\/bioplace.biz\\\/ca\\\/producto\\\/smart-meter-per-a-sitges-aeries-de-pellets-en-edificis\\\/#breadcrumb\",\"itemListElement\":[{\"@type\":\"ListItem\",\"position\":1,\"name\":\"Casa\",\"item\":\"https:\\\/\\\/bioplace.biz\\\/ca\\\/\"},{\"@type\":\"ListItem\",\"position\":2,\"name\":\"Botiga\",\"item\":\"https:\\\/\\\/bioplace.biz\\\/ca\\\/botiga\\\/\"},{\"@type\":\"ListItem\",\"position\":3,\"name\":\"Smart-Meter per a sitges a\u00e8ries de pellets en edificis\"}]},{\"@type\":\"WebSite\",\"@id\":\"https:\\\/\\\/bioplace.biz\\\/ca\\\/#website\",\"url\":\"https:\\\/\\\/bioplace.biz\\\/ca\\\/\",\"name\":\"BioPlace\",\"description\":\"Bioenergy Products\u00a0Marketplace\",\"publisher\":{\"@id\":\"https:\\\/\\\/bioplace.biz\\\/ca\\\/#organization\"},\"potentialAction\":[{\"@type\":\"SearchAction\",\"target\":{\"@type\":\"EntryPoint\",\"urlTemplate\":\"https:\\\/\\\/bioplace.biz\\\/ca\\\/?s={search_term_string}\"},\"query-input\":{\"@type\":\"PropertyValueSpecification\",\"valueRequired\":true,\"valueName\":\"search_term_string\"}}],\"inLanguage\":\"ca\"},{\"@type\":\"Organization\",\"@id\":\"https:\\\/\\\/bioplace.biz\\\/ca\\\/#organization\",\"name\":\"BioPlace\",\"url\":\"https:\\\/\\\/bioplace.biz\\\/ca\\\/\",\"logo\":{\"@type\":\"ImageObject\",\"inLanguage\":\"ca\",\"@id\":\"https:\\\/\\\/bioplace.biz\\\/ca\\\/#\\\/schema\\\/logo\\\/image\\\/\",\"url\":\"https:\\\/\\\/bioplace.biz\\\/wp-content\\\/uploads\\\/2024\\\/09\\\/Logo-Biohome_1.webp\",\"contentUrl\":\"https:\\\/\\\/bioplace.biz\\\/wp-content\\\/uploads\\\/2024\\\/09\\\/Logo-Biohome_1.webp\",\"width\":435,\"height\":60,\"caption\":\"BioPlace\"},\"image\":{\"@id\":\"https:\\\/\\\/bioplace.biz\\\/ca\\\/#\\\/schema\\\/logo\\\/image\\\/\"}}]}<\/script>\n<!-- \/ Yoast SEO plugin. -->","yoast_head_json":{"title":"Smart-Meter per a sitges a\u00e8ries de pellets en edificis - BioPlace","robots":{"index":"index","follow":"follow","max-snippet":"max-snippet:-1","max-image-preview":"max-image-preview:large","max-video-preview":"max-video-preview:-1"},"canonical":"https:\/\/bioplace.biz\/ca\/producto\/smart-meter-per-a-sitges-aeries-de-pellets-en-edificis\/","og_locale":"ca_ES","og_type":"article","og_title":"Smart-Meter per a sitges a\u00e8ries de pellets en edificis - BioPlace","og_description":"Comptador intel\u00b7ligent d'alta resist\u00e8ncia per a lliuraments automatitzats de pellets de biomassa en sitges aeris per a la calefacci\u00f3 d'edificis. Assequible, f\u00e0cil d'usar i instal\u00b7lar amb tecnologia punta.","og_url":"https:\/\/bioplace.biz\/ca\/producto\/smart-meter-per-a-sitges-aeries-de-pellets-en-edificis\/","og_site_name":"BioPlace","og_image":[{"width":497,"height":314,"url":"https:\/\/bioplace.biz\/wp-content\/uploads\/2024\/10\/SM1Sensor-1.png","type":"image\/png"}],"twitter_card":"summary_large_image","twitter_misc":{"Temps estimat de lectura":"1 minut"},"schema":{"@context":"https:\/\/schema.org","@graph":[{"@type":"WebPage","@id":"https:\/\/bioplace.biz\/ca\/producto\/smart-meter-per-a-sitges-aeries-de-pellets-en-edificis\/","url":"https:\/\/bioplace.biz\/ca\/producto\/smart-meter-per-a-sitges-aeries-de-pellets-en-edificis\/","name":"Smart-Meter per a sitges a\u00e8ries de pellets en edificis - BioPlace","isPartOf":{"@id":"https:\/\/bioplace.biz\/ca\/#website"},"primaryImageOfPage":{"@id":"https:\/\/bioplace.biz\/ca\/producto\/smart-meter-per-a-sitges-aeries-de-pellets-en-edificis\/#primaryimage"},"image":{"@id":"https:\/\/bioplace.biz\/ca\/producto\/smart-meter-per-a-sitges-aeries-de-pellets-en-edificis\/#primaryimage"},"thumbnailUrl":"https:\/\/bioplace.biz\/wp-content\/uploads\/2024\/10\/SM1Sensor-1.png","datePublished":"2024-10-29T17:49:09+00:00","breadcrumb":{"@id":"https:\/\/bioplace.biz\/ca\/producto\/smart-meter-per-a-sitges-aeries-de-pellets-en-edificis\/#breadcrumb"},"inLanguage":"ca","potentialAction":[{"@type":"ReadAction","target":["https:\/\/bioplace.biz\/ca\/producto\/smart-meter-per-a-sitges-aeries-de-pellets-en-edificis\/"]}]},{"@type":"ImageObject","inLanguage":"ca","@id":"https:\/\/bioplace.biz\/ca\/producto\/smart-meter-per-a-sitges-aeries-de-pellets-en-edificis\/#primaryimage","url":"https:\/\/bioplace.biz\/wp-content\/uploads\/2024\/10\/SM1Sensor-1.png","contentUrl":"https:\/\/bioplace.biz\/wp-content\/uploads\/2024\/10\/SM1Sensor-1.png","width":497,"height":314},{"@type":"BreadcrumbList","@id":"https:\/\/bioplace.biz\/ca\/producto\/smart-meter-per-a-sitges-aeries-de-pellets-en-edificis\/#breadcrumb","itemListElement":[{"@type":"ListItem","position":1,"name":"Casa","item":"https:\/\/bioplace.biz\/ca\/"},{"@type":"ListItem","position":2,"name":"Botiga","item":"https:\/\/bioplace.biz\/ca\/botiga\/"},{"@type":"ListItem","position":3,"name":"Smart-Meter per a sitges a\u00e8ries de pellets en edificis"}]},{"@type":"WebSite","@id":"https:\/\/bioplace.biz\/ca\/#website","url":"https:\/\/bioplace.biz\/ca\/","name":"BioPlace","description":"Bioenergy Products\u00a0Marketplace","publisher":{"@id":"https:\/\/bioplace.biz\/ca\/#organization"},"potentialAction":[{"@type":"SearchAction","target":{"@type":"EntryPoint","urlTemplate":"https:\/\/bioplace.biz\/ca\/?s={search_term_string}"},"query-input":{"@type":"PropertyValueSpecification","valueRequired":true,"valueName":"search_term_string"}}],"inLanguage":"ca"},{"@type":"Organization","@id":"https:\/\/bioplace.biz\/ca\/#organization","name":"BioPlace","url":"https:\/\/bioplace.biz\/ca\/","logo":{"@type":"ImageObject","inLanguage":"ca","@id":"https:\/\/bioplace.biz\/ca\/#\/schema\/logo\/image\/","url":"https:\/\/bioplace.biz\/wp-content\/uploads\/2024\/09\/Logo-Biohome_1.webp","contentUrl":"https:\/\/bioplace.biz\/wp-content\/uploads\/2024\/09\/Logo-Biohome_1.webp","width":435,"height":60,"caption":"BioPlace"},"image":{"@id":"https:\/\/bioplace.biz\/ca\/#\/schema\/logo\/image\/"}}]}},"_links":{"self":[{"href":"https:\/\/bioplace.biz\/ca\/wp-json\/wp\/v2\/product\/5675","targetHints":{"allow":["GET"]}}],"collection":[{"href":"https:\/\/bioplace.biz\/ca\/wp-json\/wp\/v2\/product"}],"about":[{"href":"https:\/\/bioplace.biz\/ca\/wp-json\/wp\/v2\/types\/product"}],"replies":[{"embeddable":true,"href":"https:\/\/bioplace.biz\/ca\/wp-json\/wp\/v2\/comments?post=5675"}],"version-history":[{"count":0,"href":"https:\/\/bioplace.biz\/ca\/wp-json\/wp\/v2\/product\/5675\/revisions"}],"wp:featuredmedia":[{"embeddable":true,"href":"https:\/\/bioplace.biz\/ca\/wp-json\/wp\/v2\/media\/1271"}],"wp:attachment":[{"href":"https:\/\/bioplace.biz\/ca\/wp-json\/wp\/v2\/media?parent=5675"}],"wp:term":[{"taxonomy":"product_brand","embeddable":true,"href":"https:\/\/bioplace.biz\/ca\/wp-json\/wp\/v2\/product_brand?post=5675"},{"taxonomy":"product_cat","embeddable":true,"href":"https:\/\/bioplace.biz\/ca\/wp-json\/wp\/v2\/product_cat?post=5675"},{"taxonomy":"product_tag","embeddable":true,"href":"https:\/\/bioplace.biz\/ca\/wp-json\/wp\/v2\/product_tag?post=5675"}],"curies":[{"name":"wp","href":"https:\/\/api.w.org\/{rel}","templated":true}]}}