{"id":5540,"date":"2024-11-22T13:33:41","date_gmt":"2024-11-22T13:33:41","guid":{"rendered":"https:\/\/bioplace.biz\/product\/projecte-basic-per-a-llicencia-dobres-per-a-instal%c2%b7lacio-de-generacio-termica-a-partir-de-biomassa-forestal\/"},"modified":"2024-11-22T13:33:41","modified_gmt":"2024-11-22T12:33:41","slug":"projecte-basic-per-a-llicencia-dobres-per-a-instal%c2%b7lacio-de-generacio-termica-a-partir-de-biomassa-forestal","status":"publish","type":"product","link":"https:\/\/bioplace.biz\/ca\/producto\/projecte-basic-per-a-llicencia-dobres-per-a-instal%c2%b7lacio-de-generacio-termica-a-partir-de-biomassa-forestal\/","title":{"rendered":"PROJECTE B\u00c0SIC PER A LLIC\u00c8NCIA D&#8217;OBRES PER A INSTAL\u00b7LACI\u00d3 DE GENERACI\u00d3 T\u00c8RMICA A PARTIR DE BIOMASSA FORESTAL"},"content":{"rendered":"<p>Descripci\u00f3 general del projecte amb la definici\u00f3 de l&#8217;equipament principal, el sistema d&#8217;emmagatzematge i transport de biomassa i les interconnexions electromec\u00e0niques.<\/p>\n<p>Llista de normes i normatives aplicables.<\/p>\n<p>Definici\u00f3 formal, amb caracter\u00edstiques t\u00e8cniques dels materials de construcci\u00f3 i construcci\u00f3.<\/p>\n<p>Descripci\u00f3 b\u00e0sica de l&#8217;obra civil: obres generals i fonamentacions, estructures i acabats d&#8217;edificis.<\/p>\n<p>pressupost<\/p>\n<p>Planificaci\u00f3 del projecte.<\/p>\n<p>Annexos<\/p>\n<p>Estat d&#8217;avan\u00e7 i desglossament pressupostari de l&#8217;obra civil<\/p>\n<p>Termes i condicions<\/p>\n<p>Mem\u00f2ria de c\u00e0lcul<\/p>\n<p>Pla de gesti\u00f3 de residus<\/p>\n<p>Estudi b\u00e0sic de seguretat i salut<\/p>\n<p>Estudi geot\u00e8cnic<\/p>\n<p>pl\u00e0nols<\/p>\n<p>Pla de situaci\u00f3<\/p>\n<p>Pla general de zones<\/p>\n<p>Pl\u00e0nols d&#8217;execuci\u00f3 (pl\u00e0nol i al\u00e7at)<\/p>\n<p>Pl\u00e0nol b\u00e0sic de disposici\u00f3 de canonades en bastidors<\/p>\n<p>Pl\u00e0nol general de fonamentaci\u00f3 de l&#8217;edifici, caldera i sistema d&#8217;emmagatzematge i transport de biomassa<\/p>\n<p>Pl\u00e0nols de fa\u00e7anes d&#8217;edificis<\/p>\n<p>Pl\u00e0nol de xarxes subterr\u00e0nies preliminars<\/p>\n","protected":false},"excerpt":{"rendered":"<p>Descripci\u00f3 general del projecte amb la definici\u00f3 de l&#8217;equipament principal, el sistema d&#8217;emmagatzematge i transport de biomassa i les interconnexions electromec\u00e0niques.<\/p>\n","protected":false},"featured_media":1136,"comment_status":"open","ping_status":"closed","template":"","meta":{"_acf_changed":false},"product_brand":[],"product_cat":[331,339],"product_tag":[345],"class_list":{"0":"post-5540","1":"product","2":"type-product","3":"status-publish","4":"has-post-thumbnail","6":"product_cat-serveis","7":"product_cat-serveis-denginyeria","8":"product_tag-iso-9001-ca","10":"first","11":"instock","12":"virtual","13":"taxable","14":"purchasable","15":"product-type-simple"},"acf":[],"yoast_head":"<!-- This site is optimized with the Yoast SEO plugin v27.3 - https:\/\/yoast.com\/product\/yoast-seo-wordpress\/ -->\n<title>PROJECTE B\u00c0SIC PER A LLIC\u00c8NCIA D&#039;OBRES PER A INSTAL\u00b7LACI\u00d3 DE GENERACI\u00d3 T\u00c8RMICA A PARTIR DE BIOMASSA FORESTAL - BioPlace<\/title>\n<meta name=\"robots\" content=\"index, follow, max-snippet:-1, max-image-preview:large, max-video-preview:-1\" \/>\n<link rel=\"canonical\" href=\"https:\/\/bioplace.biz\/ca\/producto\/projecte-basic-per-a-llicencia-dobres-per-a-instal%c2%b7lacio-de-generacio-termica-a-partir-de-biomassa-forestal\/\" \/>\n<meta property=\"og:locale\" content=\"ca_ES\" \/>\n<meta property=\"og:type\" content=\"article\" \/>\n<meta property=\"og:title\" content=\"PROJECTE B\u00c0SIC PER A LLIC\u00c8NCIA D&#039;OBRES PER A INSTAL\u00b7LACI\u00d3 DE GENERACI\u00d3 T\u00c8RMICA A PARTIR DE BIOMASSA FORESTAL - BioPlace\" \/>\n<meta property=\"og:description\" content=\"Descripci\u00f3 general del projecte amb la definici\u00f3 de l&#039;equipament principal, el sistema d&#039;emmagatzematge i transport de biomassa i les interconnexions electromec\u00e0niques.\" \/>\n<meta property=\"og:url\" content=\"https:\/\/bioplace.biz\/ca\/producto\/projecte-basic-per-a-llicencia-dobres-per-a-instal%c2%b7lacio-de-generacio-termica-a-partir-de-biomassa-forestal\/\" \/>\n<meta property=\"og:site_name\" content=\"BioPlace\" \/>\n<meta property=\"og:image\" content=\"https:\/\/bioplace.biz\/wp-content\/uploads\/2024\/11\/ingenieria-basica-conceptual-_y_detallada-de-plantas-industriales.webp\" \/>\n\t<meta property=\"og:image:width\" content=\"1400\" \/>\n\t<meta property=\"og:image:height\" content=\"735\" \/>\n\t<meta property=\"og:image:type\" content=\"image\/webp\" \/>\n<meta name=\"twitter:card\" content=\"summary_large_image\" \/>\n<meta name=\"twitter:label1\" content=\"Temps estimat de lectura\" \/>\n\t<meta name=\"twitter:data1\" content=\"1 minut\" \/>\n<script type=\"application\/ld+json\" class=\"yoast-schema-graph\">{\"@context\":\"https:\\\/\\\/schema.org\",\"@graph\":[{\"@type\":\"WebPage\",\"@id\":\"https:\\\/\\\/bioplace.biz\\\/ca\\\/producto\\\/projecte-basic-per-a-llicencia-dobres-per-a-instal%c2%b7lacio-de-generacio-termica-a-partir-de-biomassa-forestal\\\/\",\"url\":\"https:\\\/\\\/bioplace.biz\\\/ca\\\/producto\\\/projecte-basic-per-a-llicencia-dobres-per-a-instal%c2%b7lacio-de-generacio-termica-a-partir-de-biomassa-forestal\\\/\",\"name\":\"PROJECTE B\u00c0SIC PER A LLIC\u00c8NCIA D'OBRES PER A INSTAL\u00b7LACI\u00d3 DE GENERACI\u00d3 T\u00c8RMICA A PARTIR DE BIOMASSA FORESTAL - BioPlace\",\"isPartOf\":{\"@id\":\"https:\\\/\\\/bioplace.biz\\\/ca\\\/#website\"},\"primaryImageOfPage\":{\"@id\":\"https:\\\/\\\/bioplace.biz\\\/ca\\\/producto\\\/projecte-basic-per-a-llicencia-dobres-per-a-instal%c2%b7lacio-de-generacio-termica-a-partir-de-biomassa-forestal\\\/#primaryimage\"},\"image\":{\"@id\":\"https:\\\/\\\/bioplace.biz\\\/ca\\\/producto\\\/projecte-basic-per-a-llicencia-dobres-per-a-instal%c2%b7lacio-de-generacio-termica-a-partir-de-biomassa-forestal\\\/#primaryimage\"},\"thumbnailUrl\":\"https:\\\/\\\/bioplace.biz\\\/wp-content\\\/uploads\\\/2024\\\/11\\\/ingenieria-basica-conceptual-_y_detallada-de-plantas-industriales.webp\",\"datePublished\":\"2024-11-22T13:33:41+00:00\",\"breadcrumb\":{\"@id\":\"https:\\\/\\\/bioplace.biz\\\/ca\\\/producto\\\/projecte-basic-per-a-llicencia-dobres-per-a-instal%c2%b7lacio-de-generacio-termica-a-partir-de-biomassa-forestal\\\/#breadcrumb\"},\"inLanguage\":\"ca\",\"potentialAction\":[{\"@type\":\"ReadAction\",\"target\":[\"https:\\\/\\\/bioplace.biz\\\/ca\\\/producto\\\/projecte-basic-per-a-llicencia-dobres-per-a-instal%c2%b7lacio-de-generacio-termica-a-partir-de-biomassa-forestal\\\/\"]}]},{\"@type\":\"ImageObject\",\"inLanguage\":\"ca\",\"@id\":\"https:\\\/\\\/bioplace.biz\\\/ca\\\/producto\\\/projecte-basic-per-a-llicencia-dobres-per-a-instal%c2%b7lacio-de-generacio-termica-a-partir-de-biomassa-forestal\\\/#primaryimage\",\"url\":\"https:\\\/\\\/bioplace.biz\\\/wp-content\\\/uploads\\\/2024\\\/11\\\/ingenieria-basica-conceptual-_y_detallada-de-plantas-industriales.webp\",\"contentUrl\":\"https:\\\/\\\/bioplace.biz\\\/wp-content\\\/uploads\\\/2024\\\/11\\\/ingenieria-basica-conceptual-_y_detallada-de-plantas-industriales.webp\",\"width\":1400,\"height\":735},{\"@type\":\"BreadcrumbList\",\"@id\":\"https:\\\/\\\/bioplace.biz\\\/ca\\\/producto\\\/projecte-basic-per-a-llicencia-dobres-per-a-instal%c2%b7lacio-de-generacio-termica-a-partir-de-biomassa-forestal\\\/#breadcrumb\",\"itemListElement\":[{\"@type\":\"ListItem\",\"position\":1,\"name\":\"Casa\",\"item\":\"https:\\\/\\\/bioplace.biz\\\/ca\\\/\"},{\"@type\":\"ListItem\",\"position\":2,\"name\":\"Botiga\",\"item\":\"https:\\\/\\\/bioplace.biz\\\/ca\\\/botiga\\\/\"},{\"@type\":\"ListItem\",\"position\":3,\"name\":\"PROJECTE B\u00c0SIC PER A LLIC\u00c8NCIA D&#8217;OBRES PER A INSTAL\u00b7LACI\u00d3 DE GENERACI\u00d3 T\u00c8RMICA A PARTIR DE BIOMASSA FORESTAL\"}]},{\"@type\":\"WebSite\",\"@id\":\"https:\\\/\\\/bioplace.biz\\\/ca\\\/#website\",\"url\":\"https:\\\/\\\/bioplace.biz\\\/ca\\\/\",\"name\":\"BioPlace\",\"description\":\"Bioenergy Products\u00a0Marketplace\",\"publisher\":{\"@id\":\"https:\\\/\\\/bioplace.biz\\\/ca\\\/#organization\"},\"potentialAction\":[{\"@type\":\"SearchAction\",\"target\":{\"@type\":\"EntryPoint\",\"urlTemplate\":\"https:\\\/\\\/bioplace.biz\\\/ca\\\/?s={search_term_string}\"},\"query-input\":{\"@type\":\"PropertyValueSpecification\",\"valueRequired\":true,\"valueName\":\"search_term_string\"}}],\"inLanguage\":\"ca\"},{\"@type\":\"Organization\",\"@id\":\"https:\\\/\\\/bioplace.biz\\\/ca\\\/#organization\",\"name\":\"BioPlace\",\"url\":\"https:\\\/\\\/bioplace.biz\\\/ca\\\/\",\"logo\":{\"@type\":\"ImageObject\",\"inLanguage\":\"ca\",\"@id\":\"https:\\\/\\\/bioplace.biz\\\/ca\\\/#\\\/schema\\\/logo\\\/image\\\/\",\"url\":\"https:\\\/\\\/bioplace.biz\\\/wp-content\\\/uploads\\\/2024\\\/09\\\/Logo-Biohome_1.webp\",\"contentUrl\":\"https:\\\/\\\/bioplace.biz\\\/wp-content\\\/uploads\\\/2024\\\/09\\\/Logo-Biohome_1.webp\",\"width\":435,\"height\":60,\"caption\":\"BioPlace\"},\"image\":{\"@id\":\"https:\\\/\\\/bioplace.biz\\\/ca\\\/#\\\/schema\\\/logo\\\/image\\\/\"}}]}<\/script>\n<!-- \/ Yoast SEO plugin. -->","yoast_head_json":{"title":"PROJECTE B\u00c0SIC PER A LLIC\u00c8NCIA D'OBRES PER A INSTAL\u00b7LACI\u00d3 DE GENERACI\u00d3 T\u00c8RMICA A PARTIR DE BIOMASSA FORESTAL - BioPlace","robots":{"index":"index","follow":"follow","max-snippet":"max-snippet:-1","max-image-preview":"max-image-preview:large","max-video-preview":"max-video-preview:-1"},"canonical":"https:\/\/bioplace.biz\/ca\/producto\/projecte-basic-per-a-llicencia-dobres-per-a-instal%c2%b7lacio-de-generacio-termica-a-partir-de-biomassa-forestal\/","og_locale":"ca_ES","og_type":"article","og_title":"PROJECTE B\u00c0SIC PER A LLIC\u00c8NCIA D'OBRES PER A INSTAL\u00b7LACI\u00d3 DE GENERACI\u00d3 T\u00c8RMICA A PARTIR DE BIOMASSA FORESTAL - BioPlace","og_description":"Descripci\u00f3 general del projecte amb la definici\u00f3 de l'equipament principal, el sistema d'emmagatzematge i transport de biomassa i les interconnexions electromec\u00e0niques.","og_url":"https:\/\/bioplace.biz\/ca\/producto\/projecte-basic-per-a-llicencia-dobres-per-a-instal%c2%b7lacio-de-generacio-termica-a-partir-de-biomassa-forestal\/","og_site_name":"BioPlace","og_image":[{"width":1400,"height":735,"url":"https:\/\/bioplace.biz\/wp-content\/uploads\/2024\/11\/ingenieria-basica-conceptual-_y_detallada-de-plantas-industriales.webp","type":"image\/webp"}],"twitter_card":"summary_large_image","twitter_misc":{"Temps estimat de lectura":"1 minut"},"schema":{"@context":"https:\/\/schema.org","@graph":[{"@type":"WebPage","@id":"https:\/\/bioplace.biz\/ca\/producto\/projecte-basic-per-a-llicencia-dobres-per-a-instal%c2%b7lacio-de-generacio-termica-a-partir-de-biomassa-forestal\/","url":"https:\/\/bioplace.biz\/ca\/producto\/projecte-basic-per-a-llicencia-dobres-per-a-instal%c2%b7lacio-de-generacio-termica-a-partir-de-biomassa-forestal\/","name":"PROJECTE B\u00c0SIC PER A LLIC\u00c8NCIA D'OBRES PER A INSTAL\u00b7LACI\u00d3 DE GENERACI\u00d3 T\u00c8RMICA A PARTIR DE BIOMASSA FORESTAL - BioPlace","isPartOf":{"@id":"https:\/\/bioplace.biz\/ca\/#website"},"primaryImageOfPage":{"@id":"https:\/\/bioplace.biz\/ca\/producto\/projecte-basic-per-a-llicencia-dobres-per-a-instal%c2%b7lacio-de-generacio-termica-a-partir-de-biomassa-forestal\/#primaryimage"},"image":{"@id":"https:\/\/bioplace.biz\/ca\/producto\/projecte-basic-per-a-llicencia-dobres-per-a-instal%c2%b7lacio-de-generacio-termica-a-partir-de-biomassa-forestal\/#primaryimage"},"thumbnailUrl":"https:\/\/bioplace.biz\/wp-content\/uploads\/2024\/11\/ingenieria-basica-conceptual-_y_detallada-de-plantas-industriales.webp","datePublished":"2024-11-22T13:33:41+00:00","breadcrumb":{"@id":"https:\/\/bioplace.biz\/ca\/producto\/projecte-basic-per-a-llicencia-dobres-per-a-instal%c2%b7lacio-de-generacio-termica-a-partir-de-biomassa-forestal\/#breadcrumb"},"inLanguage":"ca","potentialAction":[{"@type":"ReadAction","target":["https:\/\/bioplace.biz\/ca\/producto\/projecte-basic-per-a-llicencia-dobres-per-a-instal%c2%b7lacio-de-generacio-termica-a-partir-de-biomassa-forestal\/"]}]},{"@type":"ImageObject","inLanguage":"ca","@id":"https:\/\/bioplace.biz\/ca\/producto\/projecte-basic-per-a-llicencia-dobres-per-a-instal%c2%b7lacio-de-generacio-termica-a-partir-de-biomassa-forestal\/#primaryimage","url":"https:\/\/bioplace.biz\/wp-content\/uploads\/2024\/11\/ingenieria-basica-conceptual-_y_detallada-de-plantas-industriales.webp","contentUrl":"https:\/\/bioplace.biz\/wp-content\/uploads\/2024\/11\/ingenieria-basica-conceptual-_y_detallada-de-plantas-industriales.webp","width":1400,"height":735},{"@type":"BreadcrumbList","@id":"https:\/\/bioplace.biz\/ca\/producto\/projecte-basic-per-a-llicencia-dobres-per-a-instal%c2%b7lacio-de-generacio-termica-a-partir-de-biomassa-forestal\/#breadcrumb","itemListElement":[{"@type":"ListItem","position":1,"name":"Casa","item":"https:\/\/bioplace.biz\/ca\/"},{"@type":"ListItem","position":2,"name":"Botiga","item":"https:\/\/bioplace.biz\/ca\/botiga\/"},{"@type":"ListItem","position":3,"name":"PROJECTE B\u00c0SIC PER A LLIC\u00c8NCIA D&#8217;OBRES PER A INSTAL\u00b7LACI\u00d3 DE GENERACI\u00d3 T\u00c8RMICA A PARTIR DE BIOMASSA FORESTAL"}]},{"@type":"WebSite","@id":"https:\/\/bioplace.biz\/ca\/#website","url":"https:\/\/bioplace.biz\/ca\/","name":"BioPlace","description":"Bioenergy Products\u00a0Marketplace","publisher":{"@id":"https:\/\/bioplace.biz\/ca\/#organization"},"potentialAction":[{"@type":"SearchAction","target":{"@type":"EntryPoint","urlTemplate":"https:\/\/bioplace.biz\/ca\/?s={search_term_string}"},"query-input":{"@type":"PropertyValueSpecification","valueRequired":true,"valueName":"search_term_string"}}],"inLanguage":"ca"},{"@type":"Organization","@id":"https:\/\/bioplace.biz\/ca\/#organization","name":"BioPlace","url":"https:\/\/bioplace.biz\/ca\/","logo":{"@type":"ImageObject","inLanguage":"ca","@id":"https:\/\/bioplace.biz\/ca\/#\/schema\/logo\/image\/","url":"https:\/\/bioplace.biz\/wp-content\/uploads\/2024\/09\/Logo-Biohome_1.webp","contentUrl":"https:\/\/bioplace.biz\/wp-content\/uploads\/2024\/09\/Logo-Biohome_1.webp","width":435,"height":60,"caption":"BioPlace"},"image":{"@id":"https:\/\/bioplace.biz\/ca\/#\/schema\/logo\/image\/"}}]}},"_links":{"self":[{"href":"https:\/\/bioplace.biz\/ca\/wp-json\/wp\/v2\/product\/5540","targetHints":{"allow":["GET"]}}],"collection":[{"href":"https:\/\/bioplace.biz\/ca\/wp-json\/wp\/v2\/product"}],"about":[{"href":"https:\/\/bioplace.biz\/ca\/wp-json\/wp\/v2\/types\/product"}],"replies":[{"embeddable":true,"href":"https:\/\/bioplace.biz\/ca\/wp-json\/wp\/v2\/comments?post=5540"}],"version-history":[{"count":0,"href":"https:\/\/bioplace.biz\/ca\/wp-json\/wp\/v2\/product\/5540\/revisions"}],"wp:featuredmedia":[{"embeddable":true,"href":"https:\/\/bioplace.biz\/ca\/wp-json\/wp\/v2\/media\/1136"}],"wp:attachment":[{"href":"https:\/\/bioplace.biz\/ca\/wp-json\/wp\/v2\/media?parent=5540"}],"wp:term":[{"taxonomy":"product_brand","embeddable":true,"href":"https:\/\/bioplace.biz\/ca\/wp-json\/wp\/v2\/product_brand?post=5540"},{"taxonomy":"product_cat","embeddable":true,"href":"https:\/\/bioplace.biz\/ca\/wp-json\/wp\/v2\/product_cat?post=5540"},{"taxonomy":"product_tag","embeddable":true,"href":"https:\/\/bioplace.biz\/ca\/wp-json\/wp\/v2\/product_tag?post=5540"}],"curies":[{"name":"wp","href":"https:\/\/api.w.org\/{rel}","templated":true}]}}