{"id":5538,"date":"2024-11-25T20:00:21","date_gmt":"2024-11-25T20:00:21","guid":{"rendered":"https:\/\/bioplace.biz\/product\/projecte-basic-per-a-la-sol%c2%b7licitud-dautoritzacio-ambiental-duna-instal%c2%b7lacio-de-generacio-termica-a-partir-de-biomassa-forestal\/"},"modified":"2024-11-25T20:00:21","modified_gmt":"2024-11-25T19:00:21","slug":"projecte-basic-per-a-la-sol%c2%b7licitud-dautoritzacio-ambiental-duna-instal%c2%b7lacio-de-generacio-termica-a-partir-de-biomassa-forestal","status":"publish","type":"product","link":"https:\/\/bioplace.biz\/ca\/producto\/projecte-basic-per-a-la-sol%c2%b7licitud-dautoritzacio-ambiental-duna-instal%c2%b7lacio-de-generacio-termica-a-partir-de-biomassa-forestal\/","title":{"rendered":"PROJECTE B\u00c0SIC PER A LA SOL\u00b7LICITUD D&#8217;AUTORITZACI\u00d3 AMBIENTAL D&#8217;UNA INSTAL\u00b7LACI\u00d3 DE GENERACI\u00d3 T\u00c8RMICA A PARTIR DE BIOMASSA FORESTAL"},"content":{"rendered":"<p>Descripci\u00f3 general del projecte amb abast b\u00e0sic d&#8217;equips, sistema d&#8217;emmagatzematge i transport de biomassa i interconnexions electromec\u00e0niques.<\/p>\n<p>Normes i normatives aplicables.<\/p>\n<p>Descripci\u00f3 detallada del projecte<\/p>\n<p>Ubicaci\u00f3<\/p>\n<p>Caracter\u00edstiques del s\u00f2l<\/p>\n<p>Descripci\u00f3 de les instal\u00b7lacions<\/p>\n<p>Consum de mat\u00e8ries primeres<\/p>\n<p>Consum d&#8217;energia<\/p>\n<p>Consum d&#8217;aigua<\/p>\n<p>Balan\u00e7os globals anuals<\/p>\n<p>Emissions, abocaments i generaci\u00f3 de residus<\/p>\n<p>Emissions a l&#8217;atmosfera<\/p>\n<p>Abocaments d&#8217;aig\u00fces residuals<\/p>\n<p>Generaci\u00f3 de residus<\/p>\n<p>Emissions de soroll i vibracions<\/p>\n<p>Emissi\u00f3 d&#8217;olors<\/p>\n<p>Estudi de la il\u00b7luminaci\u00f3 exterior<\/p>\n<p>Efectes de les aig\u00fces subterr\u00e0nies i del subs\u00f2l en general<\/p>\n<p>Accidents importants<\/p>\n<p>Projecte Contra Incendis<\/p>\n<p>pl\u00e0nols<\/p>\n<p>Situaci\u00f3 geogr\u00e0fica<\/p>\n<p>Interconnexions<\/p>\n<p>Diagrama de processos<\/p>\n<p>Instal\u00b7laci\u00f3 d&#8217;equips de planta<\/p>\n<p>Serveis d&#8217;Edifici de Distribuci\u00f3<\/p>\n<p>superf\u00edcies<\/p>\n","protected":false},"excerpt":{"rendered":"<p>Descripci\u00f3 general del projecte amb abast b\u00e0sic de l&#8217;equipament, sistema d&#8217;emmagatzematge i transport de biomassa i interconnexions electromec\u00e0niques<\/p>\n","protected":false},"featured_media":1134,"comment_status":"open","ping_status":"closed","template":"","meta":{"_acf_changed":false},"product_brand":[],"product_cat":[339],"product_tag":[345],"class_list":{"0":"post-5538","1":"product","2":"type-product","3":"status-publish","4":"has-post-thumbnail","6":"product_cat-serveis-denginyeria","7":"product_tag-iso-9001-ca","9":"first","10":"instock","11":"virtual","12":"taxable","13":"purchasable","14":"product-type-simple"},"acf":[],"yoast_head":"<!-- This site is optimized with the Yoast SEO plugin v27.3 - https:\/\/yoast.com\/product\/yoast-seo-wordpress\/ -->\n<title>PROJECTE B\u00c0SIC PER A LA SOL\u00b7LICITUD D&#039;AUTORITZACI\u00d3 AMBIENTAL D&#039;UNA INSTAL\u00b7LACI\u00d3 DE GENERACI\u00d3 T\u00c8RMICA A PARTIR DE BIOMASSA FORESTAL - BioPlace<\/title>\n<meta name=\"robots\" content=\"index, follow, max-snippet:-1, max-image-preview:large, max-video-preview:-1\" \/>\n<link rel=\"canonical\" href=\"https:\/\/bioplace.biz\/ca\/producto\/projecte-basic-per-a-la-sol%c2%b7licitud-dautoritzacio-ambiental-duna-instal%c2%b7lacio-de-generacio-termica-a-partir-de-biomassa-forestal\/\" \/>\n<meta property=\"og:locale\" content=\"ca_ES\" \/>\n<meta property=\"og:type\" content=\"article\" \/>\n<meta property=\"og:title\" content=\"PROJECTE B\u00c0SIC PER A LA SOL\u00b7LICITUD D&#039;AUTORITZACI\u00d3 AMBIENTAL D&#039;UNA INSTAL\u00b7LACI\u00d3 DE GENERACI\u00d3 T\u00c8RMICA A PARTIR DE BIOMASSA FORESTAL - BioPlace\" \/>\n<meta property=\"og:description\" content=\"Descripci\u00f3 general del projecte amb abast b\u00e0sic de l&#039;equipament, sistema d&#039;emmagatzematge i transport de biomassa i interconnexions electromec\u00e0niques\" \/>\n<meta property=\"og:url\" content=\"https:\/\/bioplace.biz\/ca\/producto\/projecte-basic-per-a-la-sol%c2%b7licitud-dautoritzacio-ambiental-duna-instal%c2%b7lacio-de-generacio-termica-a-partir-de-biomassa-forestal\/\" \/>\n<meta property=\"og:site_name\" content=\"BioPlace\" \/>\n<meta property=\"og:image\" content=\"https:\/\/bioplace.biz\/wp-content\/uploads\/2024\/11\/Engineering-NEW.jpg\" \/>\n\t<meta property=\"og:image:width\" content=\"800\" \/>\n\t<meta property=\"og:image:height\" content=\"600\" \/>\n\t<meta property=\"og:image:type\" content=\"image\/jpeg\" \/>\n<meta name=\"twitter:card\" content=\"summary_large_image\" \/>\n<meta name=\"twitter:label1\" content=\"Temps estimat de lectura\" \/>\n\t<meta name=\"twitter:data1\" content=\"1 minut\" \/>\n<script type=\"application\/ld+json\" class=\"yoast-schema-graph\">{\"@context\":\"https:\\\/\\\/schema.org\",\"@graph\":[{\"@type\":\"WebPage\",\"@id\":\"https:\\\/\\\/bioplace.biz\\\/ca\\\/producto\\\/projecte-basic-per-a-la-sol%c2%b7licitud-dautoritzacio-ambiental-duna-instal%c2%b7lacio-de-generacio-termica-a-partir-de-biomassa-forestal\\\/\",\"url\":\"https:\\\/\\\/bioplace.biz\\\/ca\\\/producto\\\/projecte-basic-per-a-la-sol%c2%b7licitud-dautoritzacio-ambiental-duna-instal%c2%b7lacio-de-generacio-termica-a-partir-de-biomassa-forestal\\\/\",\"name\":\"PROJECTE B\u00c0SIC PER A LA SOL\u00b7LICITUD D'AUTORITZACI\u00d3 AMBIENTAL D'UNA INSTAL\u00b7LACI\u00d3 DE GENERACI\u00d3 T\u00c8RMICA A PARTIR DE BIOMASSA FORESTAL - BioPlace\",\"isPartOf\":{\"@id\":\"https:\\\/\\\/bioplace.biz\\\/ca\\\/#website\"},\"primaryImageOfPage\":{\"@id\":\"https:\\\/\\\/bioplace.biz\\\/ca\\\/producto\\\/projecte-basic-per-a-la-sol%c2%b7licitud-dautoritzacio-ambiental-duna-instal%c2%b7lacio-de-generacio-termica-a-partir-de-biomassa-forestal\\\/#primaryimage\"},\"image\":{\"@id\":\"https:\\\/\\\/bioplace.biz\\\/ca\\\/producto\\\/projecte-basic-per-a-la-sol%c2%b7licitud-dautoritzacio-ambiental-duna-instal%c2%b7lacio-de-generacio-termica-a-partir-de-biomassa-forestal\\\/#primaryimage\"},\"thumbnailUrl\":\"https:\\\/\\\/bioplace.biz\\\/wp-content\\\/uploads\\\/2024\\\/11\\\/Engineering-NEW.jpg\",\"datePublished\":\"2024-11-25T20:00:21+00:00\",\"breadcrumb\":{\"@id\":\"https:\\\/\\\/bioplace.biz\\\/ca\\\/producto\\\/projecte-basic-per-a-la-sol%c2%b7licitud-dautoritzacio-ambiental-duna-instal%c2%b7lacio-de-generacio-termica-a-partir-de-biomassa-forestal\\\/#breadcrumb\"},\"inLanguage\":\"ca\",\"potentialAction\":[{\"@type\":\"ReadAction\",\"target\":[\"https:\\\/\\\/bioplace.biz\\\/ca\\\/producto\\\/projecte-basic-per-a-la-sol%c2%b7licitud-dautoritzacio-ambiental-duna-instal%c2%b7lacio-de-generacio-termica-a-partir-de-biomassa-forestal\\\/\"]}]},{\"@type\":\"ImageObject\",\"inLanguage\":\"ca\",\"@id\":\"https:\\\/\\\/bioplace.biz\\\/ca\\\/producto\\\/projecte-basic-per-a-la-sol%c2%b7licitud-dautoritzacio-ambiental-duna-instal%c2%b7lacio-de-generacio-termica-a-partir-de-biomassa-forestal\\\/#primaryimage\",\"url\":\"https:\\\/\\\/bioplace.biz\\\/wp-content\\\/uploads\\\/2024\\\/11\\\/Engineering-NEW.jpg\",\"contentUrl\":\"https:\\\/\\\/bioplace.biz\\\/wp-content\\\/uploads\\\/2024\\\/11\\\/Engineering-NEW.jpg\",\"width\":800,\"height\":600},{\"@type\":\"BreadcrumbList\",\"@id\":\"https:\\\/\\\/bioplace.biz\\\/ca\\\/producto\\\/projecte-basic-per-a-la-sol%c2%b7licitud-dautoritzacio-ambiental-duna-instal%c2%b7lacio-de-generacio-termica-a-partir-de-biomassa-forestal\\\/#breadcrumb\",\"itemListElement\":[{\"@type\":\"ListItem\",\"position\":1,\"name\":\"Casa\",\"item\":\"https:\\\/\\\/bioplace.biz\\\/ca\\\/\"},{\"@type\":\"ListItem\",\"position\":2,\"name\":\"Botiga\",\"item\":\"https:\\\/\\\/bioplace.biz\\\/ca\\\/botiga\\\/\"},{\"@type\":\"ListItem\",\"position\":3,\"name\":\"PROJECTE B\u00c0SIC PER A LA SOL\u00b7LICITUD D&#8217;AUTORITZACI\u00d3 AMBIENTAL D&#8217;UNA INSTAL\u00b7LACI\u00d3 DE GENERACI\u00d3 T\u00c8RMICA A PARTIR DE BIOMASSA FORESTAL\"}]},{\"@type\":\"WebSite\",\"@id\":\"https:\\\/\\\/bioplace.biz\\\/ca\\\/#website\",\"url\":\"https:\\\/\\\/bioplace.biz\\\/ca\\\/\",\"name\":\"BioPlace\",\"description\":\"Bioenergy Products\u00a0Marketplace\",\"publisher\":{\"@id\":\"https:\\\/\\\/bioplace.biz\\\/ca\\\/#organization\"},\"potentialAction\":[{\"@type\":\"SearchAction\",\"target\":{\"@type\":\"EntryPoint\",\"urlTemplate\":\"https:\\\/\\\/bioplace.biz\\\/ca\\\/?s={search_term_string}\"},\"query-input\":{\"@type\":\"PropertyValueSpecification\",\"valueRequired\":true,\"valueName\":\"search_term_string\"}}],\"inLanguage\":\"ca\"},{\"@type\":\"Organization\",\"@id\":\"https:\\\/\\\/bioplace.biz\\\/ca\\\/#organization\",\"name\":\"BioPlace\",\"url\":\"https:\\\/\\\/bioplace.biz\\\/ca\\\/\",\"logo\":{\"@type\":\"ImageObject\",\"inLanguage\":\"ca\",\"@id\":\"https:\\\/\\\/bioplace.biz\\\/ca\\\/#\\\/schema\\\/logo\\\/image\\\/\",\"url\":\"https:\\\/\\\/bioplace.biz\\\/wp-content\\\/uploads\\\/2024\\\/09\\\/Logo-Biohome_1.webp\",\"contentUrl\":\"https:\\\/\\\/bioplace.biz\\\/wp-content\\\/uploads\\\/2024\\\/09\\\/Logo-Biohome_1.webp\",\"width\":435,\"height\":60,\"caption\":\"BioPlace\"},\"image\":{\"@id\":\"https:\\\/\\\/bioplace.biz\\\/ca\\\/#\\\/schema\\\/logo\\\/image\\\/\"}}]}<\/script>\n<!-- \/ Yoast SEO plugin. -->","yoast_head_json":{"title":"PROJECTE B\u00c0SIC PER A LA SOL\u00b7LICITUD D'AUTORITZACI\u00d3 AMBIENTAL D'UNA INSTAL\u00b7LACI\u00d3 DE GENERACI\u00d3 T\u00c8RMICA A PARTIR DE BIOMASSA FORESTAL - BioPlace","robots":{"index":"index","follow":"follow","max-snippet":"max-snippet:-1","max-image-preview":"max-image-preview:large","max-video-preview":"max-video-preview:-1"},"canonical":"https:\/\/bioplace.biz\/ca\/producto\/projecte-basic-per-a-la-sol%c2%b7licitud-dautoritzacio-ambiental-duna-instal%c2%b7lacio-de-generacio-termica-a-partir-de-biomassa-forestal\/","og_locale":"ca_ES","og_type":"article","og_title":"PROJECTE B\u00c0SIC PER A LA SOL\u00b7LICITUD D'AUTORITZACI\u00d3 AMBIENTAL D'UNA INSTAL\u00b7LACI\u00d3 DE GENERACI\u00d3 T\u00c8RMICA A PARTIR DE BIOMASSA FORESTAL - BioPlace","og_description":"Descripci\u00f3 general del projecte amb abast b\u00e0sic de l'equipament, sistema d'emmagatzematge i transport de biomassa i interconnexions electromec\u00e0niques","og_url":"https:\/\/bioplace.biz\/ca\/producto\/projecte-basic-per-a-la-sol%c2%b7licitud-dautoritzacio-ambiental-duna-instal%c2%b7lacio-de-generacio-termica-a-partir-de-biomassa-forestal\/","og_site_name":"BioPlace","og_image":[{"width":800,"height":600,"url":"https:\/\/bioplace.biz\/wp-content\/uploads\/2024\/11\/Engineering-NEW.jpg","type":"image\/jpeg"}],"twitter_card":"summary_large_image","twitter_misc":{"Temps estimat de lectura":"1 minut"},"schema":{"@context":"https:\/\/schema.org","@graph":[{"@type":"WebPage","@id":"https:\/\/bioplace.biz\/ca\/producto\/projecte-basic-per-a-la-sol%c2%b7licitud-dautoritzacio-ambiental-duna-instal%c2%b7lacio-de-generacio-termica-a-partir-de-biomassa-forestal\/","url":"https:\/\/bioplace.biz\/ca\/producto\/projecte-basic-per-a-la-sol%c2%b7licitud-dautoritzacio-ambiental-duna-instal%c2%b7lacio-de-generacio-termica-a-partir-de-biomassa-forestal\/","name":"PROJECTE B\u00c0SIC PER A LA SOL\u00b7LICITUD D'AUTORITZACI\u00d3 AMBIENTAL D'UNA INSTAL\u00b7LACI\u00d3 DE GENERACI\u00d3 T\u00c8RMICA A PARTIR DE BIOMASSA FORESTAL - BioPlace","isPartOf":{"@id":"https:\/\/bioplace.biz\/ca\/#website"},"primaryImageOfPage":{"@id":"https:\/\/bioplace.biz\/ca\/producto\/projecte-basic-per-a-la-sol%c2%b7licitud-dautoritzacio-ambiental-duna-instal%c2%b7lacio-de-generacio-termica-a-partir-de-biomassa-forestal\/#primaryimage"},"image":{"@id":"https:\/\/bioplace.biz\/ca\/producto\/projecte-basic-per-a-la-sol%c2%b7licitud-dautoritzacio-ambiental-duna-instal%c2%b7lacio-de-generacio-termica-a-partir-de-biomassa-forestal\/#primaryimage"},"thumbnailUrl":"https:\/\/bioplace.biz\/wp-content\/uploads\/2024\/11\/Engineering-NEW.jpg","datePublished":"2024-11-25T20:00:21+00:00","breadcrumb":{"@id":"https:\/\/bioplace.biz\/ca\/producto\/projecte-basic-per-a-la-sol%c2%b7licitud-dautoritzacio-ambiental-duna-instal%c2%b7lacio-de-generacio-termica-a-partir-de-biomassa-forestal\/#breadcrumb"},"inLanguage":"ca","potentialAction":[{"@type":"ReadAction","target":["https:\/\/bioplace.biz\/ca\/producto\/projecte-basic-per-a-la-sol%c2%b7licitud-dautoritzacio-ambiental-duna-instal%c2%b7lacio-de-generacio-termica-a-partir-de-biomassa-forestal\/"]}]},{"@type":"ImageObject","inLanguage":"ca","@id":"https:\/\/bioplace.biz\/ca\/producto\/projecte-basic-per-a-la-sol%c2%b7licitud-dautoritzacio-ambiental-duna-instal%c2%b7lacio-de-generacio-termica-a-partir-de-biomassa-forestal\/#primaryimage","url":"https:\/\/bioplace.biz\/wp-content\/uploads\/2024\/11\/Engineering-NEW.jpg","contentUrl":"https:\/\/bioplace.biz\/wp-content\/uploads\/2024\/11\/Engineering-NEW.jpg","width":800,"height":600},{"@type":"BreadcrumbList","@id":"https:\/\/bioplace.biz\/ca\/producto\/projecte-basic-per-a-la-sol%c2%b7licitud-dautoritzacio-ambiental-duna-instal%c2%b7lacio-de-generacio-termica-a-partir-de-biomassa-forestal\/#breadcrumb","itemListElement":[{"@type":"ListItem","position":1,"name":"Casa","item":"https:\/\/bioplace.biz\/ca\/"},{"@type":"ListItem","position":2,"name":"Botiga","item":"https:\/\/bioplace.biz\/ca\/botiga\/"},{"@type":"ListItem","position":3,"name":"PROJECTE B\u00c0SIC PER A LA SOL\u00b7LICITUD D&#8217;AUTORITZACI\u00d3 AMBIENTAL D&#8217;UNA INSTAL\u00b7LACI\u00d3 DE GENERACI\u00d3 T\u00c8RMICA A PARTIR DE BIOMASSA FORESTAL"}]},{"@type":"WebSite","@id":"https:\/\/bioplace.biz\/ca\/#website","url":"https:\/\/bioplace.biz\/ca\/","name":"BioPlace","description":"Bioenergy Products\u00a0Marketplace","publisher":{"@id":"https:\/\/bioplace.biz\/ca\/#organization"},"potentialAction":[{"@type":"SearchAction","target":{"@type":"EntryPoint","urlTemplate":"https:\/\/bioplace.biz\/ca\/?s={search_term_string}"},"query-input":{"@type":"PropertyValueSpecification","valueRequired":true,"valueName":"search_term_string"}}],"inLanguage":"ca"},{"@type":"Organization","@id":"https:\/\/bioplace.biz\/ca\/#organization","name":"BioPlace","url":"https:\/\/bioplace.biz\/ca\/","logo":{"@type":"ImageObject","inLanguage":"ca","@id":"https:\/\/bioplace.biz\/ca\/#\/schema\/logo\/image\/","url":"https:\/\/bioplace.biz\/wp-content\/uploads\/2024\/09\/Logo-Biohome_1.webp","contentUrl":"https:\/\/bioplace.biz\/wp-content\/uploads\/2024\/09\/Logo-Biohome_1.webp","width":435,"height":60,"caption":"BioPlace"},"image":{"@id":"https:\/\/bioplace.biz\/ca\/#\/schema\/logo\/image\/"}}]}},"_links":{"self":[{"href":"https:\/\/bioplace.biz\/ca\/wp-json\/wp\/v2\/product\/5538","targetHints":{"allow":["GET"]}}],"collection":[{"href":"https:\/\/bioplace.biz\/ca\/wp-json\/wp\/v2\/product"}],"about":[{"href":"https:\/\/bioplace.biz\/ca\/wp-json\/wp\/v2\/types\/product"}],"replies":[{"embeddable":true,"href":"https:\/\/bioplace.biz\/ca\/wp-json\/wp\/v2\/comments?post=5538"}],"version-history":[{"count":0,"href":"https:\/\/bioplace.biz\/ca\/wp-json\/wp\/v2\/product\/5538\/revisions"}],"wp:featuredmedia":[{"embeddable":true,"href":"https:\/\/bioplace.biz\/ca\/wp-json\/wp\/v2\/media\/1134"}],"wp:attachment":[{"href":"https:\/\/bioplace.biz\/ca\/wp-json\/wp\/v2\/media?parent=5538"}],"wp:term":[{"taxonomy":"product_brand","embeddable":true,"href":"https:\/\/bioplace.biz\/ca\/wp-json\/wp\/v2\/product_brand?post=5538"},{"taxonomy":"product_cat","embeddable":true,"href":"https:\/\/bioplace.biz\/ca\/wp-json\/wp\/v2\/product_cat?post=5538"},{"taxonomy":"product_tag","embeddable":true,"href":"https:\/\/bioplace.biz\/ca\/wp-json\/wp\/v2\/product_tag?post=5538"}],"curies":[{"name":"wp","href":"https:\/\/api.w.org\/{rel}","templated":true}]}}