{"id":5535,"date":"2024-11-22T13:33:28","date_gmt":"2024-11-22T13:33:28","guid":{"rendered":"https:\/\/bioplace.biz\/product\/estudi-per-a-una-instal%c2%b7lacio-de-generacio-termica-a-partir-de-biomassa-forestal\/"},"modified":"2024-11-22T13:33:28","modified_gmt":"2024-11-22T12:33:28","slug":"estudi-per-a-una-instal%c2%b7lacio-de-generacio-termica-a-partir-de-biomassa-forestal","status":"publish","type":"product","link":"https:\/\/bioplace.biz\/ca\/producto\/estudi-per-a-una-instal%c2%b7lacio-de-generacio-termica-a-partir-de-biomassa-forestal\/","title":{"rendered":"ESTUDI PER A UNA INSTAL\u00b7LACI\u00d3 DE GENERACI\u00d3 T\u00c8RMICA A PARTIR DE BIOMASSA FORESTAL"},"content":{"rendered":"<p>Recull de criteris i objectius del projecte<\/p>\n<p>Revisi\u00f3 i modelitzaci\u00f3 de les demandes t\u00e8rmiques<\/p>\n<p>Dimensionament \u00f2ptim de la instal\u00b7laci\u00f3 de generaci\u00f3 de vapor de biomassa<\/p>\n<p>Balan\u00e7os energ\u00e8tics i ambientals<\/p>\n<p>Serveis requerits i serveis disponibles<\/p>\n<p>Selecci\u00f3 d&#8217;\u00e0rees disponibles per a la implementaci\u00f3<\/p>\n<p>Zona de calderes d&#8217;instal\u00b7laci\u00f3 pr\u00e8via, sitges d&#8217;emmagatzematge, zones de maniobra, etc.<\/p>\n<p>Prec\u00e0lcul d&#8217;elements mec\u00e0nics, el\u00e8ctrics i civils<\/p>\n<p>Descripci\u00f3 dels sup\u00f2sits del projecte que condicionen les instal\u00b7lacions i les obres (administratives, t\u00e8cniques, de seguretat&#8230;)<\/p>\n<p>Estat d&#8217;amidaci\u00f3 preliminar<\/p>\n<p>Pressupost CAPEX i OPEX<\/p>\n<p>An\u00e0lisi preliminar del risc<\/p>\n<p>Viabilitat t\u00e8cnica, econ\u00f2mica i administrativa<\/p>\n","protected":false},"excerpt":{"rendered":"<p>Recull de criteris i objectius del projecte<\/p>\n","protected":false},"featured_media":1138,"comment_status":"open","ping_status":"closed","template":"","meta":{"_acf_changed":false},"product_brand":[],"product_cat":[331,339],"product_tag":[345],"class_list":{"0":"post-5535","1":"product","2":"type-product","3":"status-publish","4":"has-post-thumbnail","6":"product_cat-serveis","7":"product_cat-serveis-denginyeria","8":"product_tag-iso-9001-ca","10":"first","11":"instock","12":"virtual","13":"taxable","14":"purchasable","15":"product-type-simple"},"acf":[],"yoast_head":"<!-- This site is optimized with the Yoast SEO plugin v27.3 - https:\/\/yoast.com\/product\/yoast-seo-wordpress\/ -->\n<title>ESTUDI PER A UNA INSTAL\u00b7LACI\u00d3 DE GENERACI\u00d3 T\u00c8RMICA A PARTIR DE BIOMASSA FORESTAL - BioPlace<\/title>\n<meta name=\"robots\" content=\"index, follow, max-snippet:-1, max-image-preview:large, max-video-preview:-1\" \/>\n<link rel=\"canonical\" href=\"https:\/\/bioplace.biz\/ca\/producto\/estudi-per-a-una-instal%c2%b7lacio-de-generacio-termica-a-partir-de-biomassa-forestal\/\" \/>\n<meta property=\"og:locale\" content=\"ca_ES\" \/>\n<meta property=\"og:type\" content=\"article\" \/>\n<meta property=\"og:title\" content=\"ESTUDI PER A UNA INSTAL\u00b7LACI\u00d3 DE GENERACI\u00d3 T\u00c8RMICA A PARTIR DE BIOMASSA FORESTAL - BioPlace\" \/>\n<meta property=\"og:description\" content=\"Recull de criteris i objectius del projecte\" \/>\n<meta property=\"og:url\" content=\"https:\/\/bioplace.biz\/ca\/producto\/estudi-per-a-una-instal%c2%b7lacio-de-generacio-termica-a-partir-de-biomassa-forestal\/\" \/>\n<meta property=\"og:site_name\" content=\"BioPlace\" \/>\n<meta property=\"og:image\" content=\"https:\/\/bioplace.biz\/wp-content\/uploads\/2024\/11\/ORC-plant-based-on-biomass-combustion.png\" \/>\n\t<meta property=\"og:image:width\" content=\"850\" \/>\n\t<meta property=\"og:image:height\" content=\"525\" \/>\n\t<meta property=\"og:image:type\" content=\"image\/png\" \/>\n<meta name=\"twitter:card\" content=\"summary_large_image\" \/>\n<meta name=\"twitter:label1\" content=\"Temps estimat de lectura\" \/>\n\t<meta name=\"twitter:data1\" content=\"1 minut\" \/>\n<script type=\"application\/ld+json\" class=\"yoast-schema-graph\">{\"@context\":\"https:\\\/\\\/schema.org\",\"@graph\":[{\"@type\":\"WebPage\",\"@id\":\"https:\\\/\\\/bioplace.biz\\\/ca\\\/producto\\\/estudi-per-a-una-instal%c2%b7lacio-de-generacio-termica-a-partir-de-biomassa-forestal\\\/\",\"url\":\"https:\\\/\\\/bioplace.biz\\\/ca\\\/producto\\\/estudi-per-a-una-instal%c2%b7lacio-de-generacio-termica-a-partir-de-biomassa-forestal\\\/\",\"name\":\"ESTUDI PER A UNA INSTAL\u00b7LACI\u00d3 DE GENERACI\u00d3 T\u00c8RMICA A PARTIR DE BIOMASSA FORESTAL - BioPlace\",\"isPartOf\":{\"@id\":\"https:\\\/\\\/bioplace.biz\\\/ca\\\/#website\"},\"primaryImageOfPage\":{\"@id\":\"https:\\\/\\\/bioplace.biz\\\/ca\\\/producto\\\/estudi-per-a-una-instal%c2%b7lacio-de-generacio-termica-a-partir-de-biomassa-forestal\\\/#primaryimage\"},\"image\":{\"@id\":\"https:\\\/\\\/bioplace.biz\\\/ca\\\/producto\\\/estudi-per-a-una-instal%c2%b7lacio-de-generacio-termica-a-partir-de-biomassa-forestal\\\/#primaryimage\"},\"thumbnailUrl\":\"https:\\\/\\\/bioplace.biz\\\/wp-content\\\/uploads\\\/2024\\\/11\\\/ORC-plant-based-on-biomass-combustion.png\",\"datePublished\":\"2024-11-22T13:33:28+00:00\",\"breadcrumb\":{\"@id\":\"https:\\\/\\\/bioplace.biz\\\/ca\\\/producto\\\/estudi-per-a-una-instal%c2%b7lacio-de-generacio-termica-a-partir-de-biomassa-forestal\\\/#breadcrumb\"},\"inLanguage\":\"ca\",\"potentialAction\":[{\"@type\":\"ReadAction\",\"target\":[\"https:\\\/\\\/bioplace.biz\\\/ca\\\/producto\\\/estudi-per-a-una-instal%c2%b7lacio-de-generacio-termica-a-partir-de-biomassa-forestal\\\/\"]}]},{\"@type\":\"ImageObject\",\"inLanguage\":\"ca\",\"@id\":\"https:\\\/\\\/bioplace.biz\\\/ca\\\/producto\\\/estudi-per-a-una-instal%c2%b7lacio-de-generacio-termica-a-partir-de-biomassa-forestal\\\/#primaryimage\",\"url\":\"https:\\\/\\\/bioplace.biz\\\/wp-content\\\/uploads\\\/2024\\\/11\\\/ORC-plant-based-on-biomass-combustion.png\",\"contentUrl\":\"https:\\\/\\\/bioplace.biz\\\/wp-content\\\/uploads\\\/2024\\\/11\\\/ORC-plant-based-on-biomass-combustion.png\",\"width\":850,\"height\":525},{\"@type\":\"BreadcrumbList\",\"@id\":\"https:\\\/\\\/bioplace.biz\\\/ca\\\/producto\\\/estudi-per-a-una-instal%c2%b7lacio-de-generacio-termica-a-partir-de-biomassa-forestal\\\/#breadcrumb\",\"itemListElement\":[{\"@type\":\"ListItem\",\"position\":1,\"name\":\"Casa\",\"item\":\"https:\\\/\\\/bioplace.biz\\\/ca\\\/\"},{\"@type\":\"ListItem\",\"position\":2,\"name\":\"Botiga\",\"item\":\"https:\\\/\\\/bioplace.biz\\\/ca\\\/botiga\\\/\"},{\"@type\":\"ListItem\",\"position\":3,\"name\":\"ESTUDI PER A UNA INSTAL\u00b7LACI\u00d3 DE GENERACI\u00d3 T\u00c8RMICA A PARTIR DE BIOMASSA FORESTAL\"}]},{\"@type\":\"WebSite\",\"@id\":\"https:\\\/\\\/bioplace.biz\\\/ca\\\/#website\",\"url\":\"https:\\\/\\\/bioplace.biz\\\/ca\\\/\",\"name\":\"BioPlace\",\"description\":\"Bioenergy Products\u00a0Marketplace\",\"publisher\":{\"@id\":\"https:\\\/\\\/bioplace.biz\\\/ca\\\/#organization\"},\"potentialAction\":[{\"@type\":\"SearchAction\",\"target\":{\"@type\":\"EntryPoint\",\"urlTemplate\":\"https:\\\/\\\/bioplace.biz\\\/ca\\\/?s={search_term_string}\"},\"query-input\":{\"@type\":\"PropertyValueSpecification\",\"valueRequired\":true,\"valueName\":\"search_term_string\"}}],\"inLanguage\":\"ca\"},{\"@type\":\"Organization\",\"@id\":\"https:\\\/\\\/bioplace.biz\\\/ca\\\/#organization\",\"name\":\"BioPlace\",\"url\":\"https:\\\/\\\/bioplace.biz\\\/ca\\\/\",\"logo\":{\"@type\":\"ImageObject\",\"inLanguage\":\"ca\",\"@id\":\"https:\\\/\\\/bioplace.biz\\\/ca\\\/#\\\/schema\\\/logo\\\/image\\\/\",\"url\":\"https:\\\/\\\/bioplace.biz\\\/wp-content\\\/uploads\\\/2024\\\/09\\\/Logo-Biohome_1.webp\",\"contentUrl\":\"https:\\\/\\\/bioplace.biz\\\/wp-content\\\/uploads\\\/2024\\\/09\\\/Logo-Biohome_1.webp\",\"width\":435,\"height\":60,\"caption\":\"BioPlace\"},\"image\":{\"@id\":\"https:\\\/\\\/bioplace.biz\\\/ca\\\/#\\\/schema\\\/logo\\\/image\\\/\"}}]}<\/script>\n<!-- \/ Yoast SEO plugin. -->","yoast_head_json":{"title":"ESTUDI PER A UNA INSTAL\u00b7LACI\u00d3 DE GENERACI\u00d3 T\u00c8RMICA A PARTIR DE BIOMASSA FORESTAL - BioPlace","robots":{"index":"index","follow":"follow","max-snippet":"max-snippet:-1","max-image-preview":"max-image-preview:large","max-video-preview":"max-video-preview:-1"},"canonical":"https:\/\/bioplace.biz\/ca\/producto\/estudi-per-a-una-instal%c2%b7lacio-de-generacio-termica-a-partir-de-biomassa-forestal\/","og_locale":"ca_ES","og_type":"article","og_title":"ESTUDI PER A UNA INSTAL\u00b7LACI\u00d3 DE GENERACI\u00d3 T\u00c8RMICA A PARTIR DE BIOMASSA FORESTAL - BioPlace","og_description":"Recull de criteris i objectius del projecte","og_url":"https:\/\/bioplace.biz\/ca\/producto\/estudi-per-a-una-instal%c2%b7lacio-de-generacio-termica-a-partir-de-biomassa-forestal\/","og_site_name":"BioPlace","og_image":[{"width":850,"height":525,"url":"https:\/\/bioplace.biz\/wp-content\/uploads\/2024\/11\/ORC-plant-based-on-biomass-combustion.png","type":"image\/png"}],"twitter_card":"summary_large_image","twitter_misc":{"Temps estimat de lectura":"1 minut"},"schema":{"@context":"https:\/\/schema.org","@graph":[{"@type":"WebPage","@id":"https:\/\/bioplace.biz\/ca\/producto\/estudi-per-a-una-instal%c2%b7lacio-de-generacio-termica-a-partir-de-biomassa-forestal\/","url":"https:\/\/bioplace.biz\/ca\/producto\/estudi-per-a-una-instal%c2%b7lacio-de-generacio-termica-a-partir-de-biomassa-forestal\/","name":"ESTUDI PER A UNA INSTAL\u00b7LACI\u00d3 DE GENERACI\u00d3 T\u00c8RMICA A PARTIR DE BIOMASSA FORESTAL - BioPlace","isPartOf":{"@id":"https:\/\/bioplace.biz\/ca\/#website"},"primaryImageOfPage":{"@id":"https:\/\/bioplace.biz\/ca\/producto\/estudi-per-a-una-instal%c2%b7lacio-de-generacio-termica-a-partir-de-biomassa-forestal\/#primaryimage"},"image":{"@id":"https:\/\/bioplace.biz\/ca\/producto\/estudi-per-a-una-instal%c2%b7lacio-de-generacio-termica-a-partir-de-biomassa-forestal\/#primaryimage"},"thumbnailUrl":"https:\/\/bioplace.biz\/wp-content\/uploads\/2024\/11\/ORC-plant-based-on-biomass-combustion.png","datePublished":"2024-11-22T13:33:28+00:00","breadcrumb":{"@id":"https:\/\/bioplace.biz\/ca\/producto\/estudi-per-a-una-instal%c2%b7lacio-de-generacio-termica-a-partir-de-biomassa-forestal\/#breadcrumb"},"inLanguage":"ca","potentialAction":[{"@type":"ReadAction","target":["https:\/\/bioplace.biz\/ca\/producto\/estudi-per-a-una-instal%c2%b7lacio-de-generacio-termica-a-partir-de-biomassa-forestal\/"]}]},{"@type":"ImageObject","inLanguage":"ca","@id":"https:\/\/bioplace.biz\/ca\/producto\/estudi-per-a-una-instal%c2%b7lacio-de-generacio-termica-a-partir-de-biomassa-forestal\/#primaryimage","url":"https:\/\/bioplace.biz\/wp-content\/uploads\/2024\/11\/ORC-plant-based-on-biomass-combustion.png","contentUrl":"https:\/\/bioplace.biz\/wp-content\/uploads\/2024\/11\/ORC-plant-based-on-biomass-combustion.png","width":850,"height":525},{"@type":"BreadcrumbList","@id":"https:\/\/bioplace.biz\/ca\/producto\/estudi-per-a-una-instal%c2%b7lacio-de-generacio-termica-a-partir-de-biomassa-forestal\/#breadcrumb","itemListElement":[{"@type":"ListItem","position":1,"name":"Casa","item":"https:\/\/bioplace.biz\/ca\/"},{"@type":"ListItem","position":2,"name":"Botiga","item":"https:\/\/bioplace.biz\/ca\/botiga\/"},{"@type":"ListItem","position":3,"name":"ESTUDI PER A UNA INSTAL\u00b7LACI\u00d3 DE GENERACI\u00d3 T\u00c8RMICA A PARTIR DE BIOMASSA FORESTAL"}]},{"@type":"WebSite","@id":"https:\/\/bioplace.biz\/ca\/#website","url":"https:\/\/bioplace.biz\/ca\/","name":"BioPlace","description":"Bioenergy Products\u00a0Marketplace","publisher":{"@id":"https:\/\/bioplace.biz\/ca\/#organization"},"potentialAction":[{"@type":"SearchAction","target":{"@type":"EntryPoint","urlTemplate":"https:\/\/bioplace.biz\/ca\/?s={search_term_string}"},"query-input":{"@type":"PropertyValueSpecification","valueRequired":true,"valueName":"search_term_string"}}],"inLanguage":"ca"},{"@type":"Organization","@id":"https:\/\/bioplace.biz\/ca\/#organization","name":"BioPlace","url":"https:\/\/bioplace.biz\/ca\/","logo":{"@type":"ImageObject","inLanguage":"ca","@id":"https:\/\/bioplace.biz\/ca\/#\/schema\/logo\/image\/","url":"https:\/\/bioplace.biz\/wp-content\/uploads\/2024\/09\/Logo-Biohome_1.webp","contentUrl":"https:\/\/bioplace.biz\/wp-content\/uploads\/2024\/09\/Logo-Biohome_1.webp","width":435,"height":60,"caption":"BioPlace"},"image":{"@id":"https:\/\/bioplace.biz\/ca\/#\/schema\/logo\/image\/"}}]}},"_links":{"self":[{"href":"https:\/\/bioplace.biz\/ca\/wp-json\/wp\/v2\/product\/5535","targetHints":{"allow":["GET"]}}],"collection":[{"href":"https:\/\/bioplace.biz\/ca\/wp-json\/wp\/v2\/product"}],"about":[{"href":"https:\/\/bioplace.biz\/ca\/wp-json\/wp\/v2\/types\/product"}],"replies":[{"embeddable":true,"href":"https:\/\/bioplace.biz\/ca\/wp-json\/wp\/v2\/comments?post=5535"}],"version-history":[{"count":0,"href":"https:\/\/bioplace.biz\/ca\/wp-json\/wp\/v2\/product\/5535\/revisions"}],"wp:featuredmedia":[{"embeddable":true,"href":"https:\/\/bioplace.biz\/ca\/wp-json\/wp\/v2\/media\/1138"}],"wp:attachment":[{"href":"https:\/\/bioplace.biz\/ca\/wp-json\/wp\/v2\/media?parent=5535"}],"wp:term":[{"taxonomy":"product_brand","embeddable":true,"href":"https:\/\/bioplace.biz\/ca\/wp-json\/wp\/v2\/product_brand?post=5535"},{"taxonomy":"product_cat","embeddable":true,"href":"https:\/\/bioplace.biz\/ca\/wp-json\/wp\/v2\/product_cat?post=5535"},{"taxonomy":"product_tag","embeddable":true,"href":"https:\/\/bioplace.biz\/ca\/wp-json\/wp\/v2\/product_tag?post=5535"}],"curies":[{"name":"wp","href":"https:\/\/api.w.org\/{rel}","templated":true}]}}