{"id":5516,"date":"2024-10-18T09:27:31","date_gmt":"2024-10-18T07:27:31","guid":{"rendered":"https:\/\/bioplace.biz\/product\/smart-meter-4g-per-a-sitges-aeries-de-pellets-en-edificis\/"},"modified":"2024-10-18T09:27:31","modified_gmt":"2024-10-18T07:27:31","slug":"smart-meter-4g-per-a-sitges-aeries-de-pellets-en-edificis","status":"publish","type":"product","link":"https:\/\/bioplace.biz\/ca\/producto\/smart-meter-4g-per-a-sitges-aeries-de-pellets-en-edificis\/","title":{"rendered":"Smart-Meter 4G per a sitges a\u00e8ries de pellets en edificis"},"content":{"rendered":"<p>Un comptador intel\u00b7ligent senzill d&#8217;utilitzar que us ajudar\u00e0 a gestionar les vostres c\u00e0rregues, consums i rec\u00e0rregues de pellets a la vostra sitja del vostre edifici o local. Us ajudar\u00e0 a controlar les vostres c\u00e0rregues existents evitant l&#8217;escassetat d&#8217;energia, predir el vostre consum futur segons les vostres prediccions meteorol\u00f2giques locals i el vostre perfil de consumidor, i automatitzar els vostres lliuraments i pagaments. <\/p>\n<p>Consta d&#8217;un sensor de c\u00e0rrega pesada de fins a 10Tn de capacitat de sitja, una connexi\u00f3 a Internet (Wifi o Ethernet per cable) i una unitat de connexi\u00f3 remota de dades 4G i una plataforma digital per gestionar totes les transaccions (gratu\u00efta per als usuaris b\u00e0sics).<\/p>\n<p>El producte ha estat dissenyat per bricolatge perqu\u00e8 qualsevol pugui instal\u00b7lar-lo (cal una sitja buida), connectar-lo i configurar-lo amb el vostre tel\u00e8fon intel\u00b7ligent (iPhone o Android).<\/p>\n<p id=\"stock-info\" class=\"stock-class\"><strong>Stock del MarketPlace 0<\/strong><\/p>\n","protected":false},"excerpt":{"rendered":"<p>Comptador intel\u00b7ligent de gran resist\u00e8ncia 4G per a lliuraments automatitzats de pellets de biomassa en sitges a\u00e8ries per escalfar edificis. Assequible, f\u00e0cil d&#8217;utilitzar i d&#8217;instal\u00b7lar amb la m\u00e0xima tecnologia <\/p>\n<p><img fetchpriority=\"high\" decoding=\"async\" class=\"alignnone size-medium wp-image-576\" src=\"https:\/\/bioplace.biz\/wp-content\/uploads\/2024\/10\/P2100270-300x225.jpeg\" alt=\"\" width=\"300\" height=\"225\" srcset=\"https:\/\/bioplace.biz\/wp-content\/uploads\/2024\/10\/P2100270-300x225.jpeg 300w, https:\/\/bioplace.biz\/wp-content\/uploads\/2024\/10\/P2100270-1024x768.jpeg 1024w, https:\/\/bioplace.biz\/wp-content\/uploads\/2024\/10\/P2100270-768x576.jpeg 768w, https:\/\/bioplace.biz\/wp-content\/uploads\/2024\/10\/P2100270-1536x1152.jpeg 1536w, https:\/\/bioplace.biz\/wp-content\/uploads\/2024\/10\/P2100270-2048x1536.jpeg 2048w, https:\/\/bioplace.biz\/wp-content\/uploads\/2024\/10\/P2100270-600x450.jpeg 600w\" sizes=\"(max-width: 300px) 100vw, 300px\" \/><\/p>\n","protected":false},"featured_media":576,"comment_status":"open","ping_status":"closed","template":"","meta":{"_acf_changed":false},"product_brand":[],"product_cat":[328,337,338],"product_tag":[344,341,342,343,340],"class_list":{"0":"post-5516","1":"product","2":"type-product","3":"status-publish","4":"has-post-thumbnail","6":"product_cat-equipaments-i-accessoris","7":"product_cat-sensoritzacio-i-monitoritzacio","8":"product_cat-sensors-i-comptadors-intelligents","9":"product_tag-iot-4g-ca","10":"product_tag-iot-wifi-ethernet-ca","11":"product_tag-lliuraments-automatitzats","12":"product_tag-pagaments-automatitzats","13":"product_tag-plataforma-digital","15":"first","16":"outofstock","17":"featured","18":"taxable","19":"shipping-taxable","20":"purchasable","21":"product-type-simple"},"acf":[],"yoast_head":"<!-- This site is optimized with the Yoast SEO plugin v27.3 - https:\/\/yoast.com\/product\/yoast-seo-wordpress\/ -->\n<title>Smart-Meter 4G per a sitges a\u00e8ries de pellets en edificis - BioPlace<\/title>\n<meta name=\"robots\" content=\"index, follow, max-snippet:-1, max-image-preview:large, max-video-preview:-1\" \/>\n<link rel=\"canonical\" href=\"https:\/\/bioplace.biz\/ca\/producto\/smart-meter-4g-per-a-sitges-aeries-de-pellets-en-edificis\/\" \/>\n<meta property=\"og:locale\" content=\"ca_ES\" \/>\n<meta property=\"og:type\" content=\"article\" \/>\n<meta property=\"og:title\" content=\"Smart-Meter 4G per a sitges a\u00e8ries de pellets en edificis - BioPlace\" \/>\n<meta property=\"og:description\" content=\"Comptador intel\u00b7ligent de gran resist\u00e8ncia 4G per a lliuraments automatitzats de pellets de biomassa en sitges a\u00e8ries per escalfar edificis. Assequible, f\u00e0cil d&#039;utilitzar i d&#039;instal\u00b7lar amb la m\u00e0xima tecnologia\" \/>\n<meta property=\"og:url\" content=\"https:\/\/bioplace.biz\/ca\/producto\/smart-meter-4g-per-a-sitges-aeries-de-pellets-en-edificis\/\" \/>\n<meta property=\"og:site_name\" content=\"BioPlace\" \/>\n<meta property=\"og:image\" content=\"https:\/\/bioplace.biz\/wp-content\/uploads\/2024\/10\/P2100270-scaled.jpeg\" \/>\n\t<meta property=\"og:image:width\" content=\"2560\" \/>\n\t<meta property=\"og:image:height\" content=\"1920\" \/>\n\t<meta property=\"og:image:type\" content=\"image\/jpeg\" \/>\n<meta name=\"twitter:card\" content=\"summary_large_image\" \/>\n<meta name=\"twitter:label1\" content=\"Temps estimat de lectura\" \/>\n\t<meta name=\"twitter:data1\" content=\"1 minut\" \/>\n<script type=\"application\/ld+json\" class=\"yoast-schema-graph\">{\"@context\":\"https:\\\/\\\/schema.org\",\"@graph\":[{\"@type\":\"WebPage\",\"@id\":\"https:\\\/\\\/bioplace.biz\\\/ca\\\/producto\\\/smart-meter-4g-per-a-sitges-aeries-de-pellets-en-edificis\\\/\",\"url\":\"https:\\\/\\\/bioplace.biz\\\/ca\\\/producto\\\/smart-meter-4g-per-a-sitges-aeries-de-pellets-en-edificis\\\/\",\"name\":\"Smart-Meter 4G per a sitges a\u00e8ries de pellets en edificis - BioPlace\",\"isPartOf\":{\"@id\":\"https:\\\/\\\/bioplace.biz\\\/ca\\\/#website\"},\"primaryImageOfPage\":{\"@id\":\"https:\\\/\\\/bioplace.biz\\\/ca\\\/producto\\\/smart-meter-4g-per-a-sitges-aeries-de-pellets-en-edificis\\\/#primaryimage\"},\"image\":{\"@id\":\"https:\\\/\\\/bioplace.biz\\\/ca\\\/producto\\\/smart-meter-4g-per-a-sitges-aeries-de-pellets-en-edificis\\\/#primaryimage\"},\"thumbnailUrl\":\"https:\\\/\\\/bioplace.biz\\\/wp-content\\\/uploads\\\/2024\\\/10\\\/P2100270-scaled.jpeg\",\"datePublished\":\"2024-10-18T07:27:31+00:00\",\"breadcrumb\":{\"@id\":\"https:\\\/\\\/bioplace.biz\\\/ca\\\/producto\\\/smart-meter-4g-per-a-sitges-aeries-de-pellets-en-edificis\\\/#breadcrumb\"},\"inLanguage\":\"ca\",\"potentialAction\":[{\"@type\":\"ReadAction\",\"target\":[\"https:\\\/\\\/bioplace.biz\\\/ca\\\/producto\\\/smart-meter-4g-per-a-sitges-aeries-de-pellets-en-edificis\\\/\"]}]},{\"@type\":\"ImageObject\",\"inLanguage\":\"ca\",\"@id\":\"https:\\\/\\\/bioplace.biz\\\/ca\\\/producto\\\/smart-meter-4g-per-a-sitges-aeries-de-pellets-en-edificis\\\/#primaryimage\",\"url\":\"https:\\\/\\\/bioplace.biz\\\/wp-content\\\/uploads\\\/2024\\\/10\\\/P2100270-scaled.jpeg\",\"contentUrl\":\"https:\\\/\\\/bioplace.biz\\\/wp-content\\\/uploads\\\/2024\\\/10\\\/P2100270-scaled.jpeg\",\"width\":2560,\"height\":1920},{\"@type\":\"BreadcrumbList\",\"@id\":\"https:\\\/\\\/bioplace.biz\\\/ca\\\/producto\\\/smart-meter-4g-per-a-sitges-aeries-de-pellets-en-edificis\\\/#breadcrumb\",\"itemListElement\":[{\"@type\":\"ListItem\",\"position\":1,\"name\":\"Casa\",\"item\":\"https:\\\/\\\/bioplace.biz\\\/ca\\\/\"},{\"@type\":\"ListItem\",\"position\":2,\"name\":\"Botiga\",\"item\":\"https:\\\/\\\/bioplace.biz\\\/ca\\\/botiga\\\/\"},{\"@type\":\"ListItem\",\"position\":3,\"name\":\"Smart-Meter 4G per a sitges a\u00e8ries de pellets en edificis\"}]},{\"@type\":\"WebSite\",\"@id\":\"https:\\\/\\\/bioplace.biz\\\/ca\\\/#website\",\"url\":\"https:\\\/\\\/bioplace.biz\\\/ca\\\/\",\"name\":\"BioPlace\",\"description\":\"Bioenergy Products\u00a0Marketplace\",\"publisher\":{\"@id\":\"https:\\\/\\\/bioplace.biz\\\/ca\\\/#organization\"},\"potentialAction\":[{\"@type\":\"SearchAction\",\"target\":{\"@type\":\"EntryPoint\",\"urlTemplate\":\"https:\\\/\\\/bioplace.biz\\\/ca\\\/?s={search_term_string}\"},\"query-input\":{\"@type\":\"PropertyValueSpecification\",\"valueRequired\":true,\"valueName\":\"search_term_string\"}}],\"inLanguage\":\"ca\"},{\"@type\":\"Organization\",\"@id\":\"https:\\\/\\\/bioplace.biz\\\/ca\\\/#organization\",\"name\":\"BioPlace\",\"url\":\"https:\\\/\\\/bioplace.biz\\\/ca\\\/\",\"logo\":{\"@type\":\"ImageObject\",\"inLanguage\":\"ca\",\"@id\":\"https:\\\/\\\/bioplace.biz\\\/ca\\\/#\\\/schema\\\/logo\\\/image\\\/\",\"url\":\"https:\\\/\\\/bioplace.biz\\\/wp-content\\\/uploads\\\/2024\\\/09\\\/Logo-Biohome_1.webp\",\"contentUrl\":\"https:\\\/\\\/bioplace.biz\\\/wp-content\\\/uploads\\\/2024\\\/09\\\/Logo-Biohome_1.webp\",\"width\":435,\"height\":60,\"caption\":\"BioPlace\"},\"image\":{\"@id\":\"https:\\\/\\\/bioplace.biz\\\/ca\\\/#\\\/schema\\\/logo\\\/image\\\/\"}}]}<\/script>\n<!-- \/ Yoast SEO plugin. -->","yoast_head_json":{"title":"Smart-Meter 4G per a sitges a\u00e8ries de pellets en edificis - BioPlace","robots":{"index":"index","follow":"follow","max-snippet":"max-snippet:-1","max-image-preview":"max-image-preview:large","max-video-preview":"max-video-preview:-1"},"canonical":"https:\/\/bioplace.biz\/ca\/producto\/smart-meter-4g-per-a-sitges-aeries-de-pellets-en-edificis\/","og_locale":"ca_ES","og_type":"article","og_title":"Smart-Meter 4G per a sitges a\u00e8ries de pellets en edificis - BioPlace","og_description":"Comptador intel\u00b7ligent de gran resist\u00e8ncia 4G per a lliuraments automatitzats de pellets de biomassa en sitges a\u00e8ries per escalfar edificis. Assequible, f\u00e0cil d'utilitzar i d'instal\u00b7lar amb la m\u00e0xima tecnologia","og_url":"https:\/\/bioplace.biz\/ca\/producto\/smart-meter-4g-per-a-sitges-aeries-de-pellets-en-edificis\/","og_site_name":"BioPlace","og_image":[{"width":2560,"height":1920,"url":"https:\/\/bioplace.biz\/wp-content\/uploads\/2024\/10\/P2100270-scaled.jpeg","type":"image\/jpeg"}],"twitter_card":"summary_large_image","twitter_misc":{"Temps estimat de lectura":"1 minut"},"schema":{"@context":"https:\/\/schema.org","@graph":[{"@type":"WebPage","@id":"https:\/\/bioplace.biz\/ca\/producto\/smart-meter-4g-per-a-sitges-aeries-de-pellets-en-edificis\/","url":"https:\/\/bioplace.biz\/ca\/producto\/smart-meter-4g-per-a-sitges-aeries-de-pellets-en-edificis\/","name":"Smart-Meter 4G per a sitges a\u00e8ries de pellets en edificis - BioPlace","isPartOf":{"@id":"https:\/\/bioplace.biz\/ca\/#website"},"primaryImageOfPage":{"@id":"https:\/\/bioplace.biz\/ca\/producto\/smart-meter-4g-per-a-sitges-aeries-de-pellets-en-edificis\/#primaryimage"},"image":{"@id":"https:\/\/bioplace.biz\/ca\/producto\/smart-meter-4g-per-a-sitges-aeries-de-pellets-en-edificis\/#primaryimage"},"thumbnailUrl":"https:\/\/bioplace.biz\/wp-content\/uploads\/2024\/10\/P2100270-scaled.jpeg","datePublished":"2024-10-18T07:27:31+00:00","breadcrumb":{"@id":"https:\/\/bioplace.biz\/ca\/producto\/smart-meter-4g-per-a-sitges-aeries-de-pellets-en-edificis\/#breadcrumb"},"inLanguage":"ca","potentialAction":[{"@type":"ReadAction","target":["https:\/\/bioplace.biz\/ca\/producto\/smart-meter-4g-per-a-sitges-aeries-de-pellets-en-edificis\/"]}]},{"@type":"ImageObject","inLanguage":"ca","@id":"https:\/\/bioplace.biz\/ca\/producto\/smart-meter-4g-per-a-sitges-aeries-de-pellets-en-edificis\/#primaryimage","url":"https:\/\/bioplace.biz\/wp-content\/uploads\/2024\/10\/P2100270-scaled.jpeg","contentUrl":"https:\/\/bioplace.biz\/wp-content\/uploads\/2024\/10\/P2100270-scaled.jpeg","width":2560,"height":1920},{"@type":"BreadcrumbList","@id":"https:\/\/bioplace.biz\/ca\/producto\/smart-meter-4g-per-a-sitges-aeries-de-pellets-en-edificis\/#breadcrumb","itemListElement":[{"@type":"ListItem","position":1,"name":"Casa","item":"https:\/\/bioplace.biz\/ca\/"},{"@type":"ListItem","position":2,"name":"Botiga","item":"https:\/\/bioplace.biz\/ca\/botiga\/"},{"@type":"ListItem","position":3,"name":"Smart-Meter 4G per a sitges a\u00e8ries de pellets en edificis"}]},{"@type":"WebSite","@id":"https:\/\/bioplace.biz\/ca\/#website","url":"https:\/\/bioplace.biz\/ca\/","name":"BioPlace","description":"Bioenergy Products\u00a0Marketplace","publisher":{"@id":"https:\/\/bioplace.biz\/ca\/#organization"},"potentialAction":[{"@type":"SearchAction","target":{"@type":"EntryPoint","urlTemplate":"https:\/\/bioplace.biz\/ca\/?s={search_term_string}"},"query-input":{"@type":"PropertyValueSpecification","valueRequired":true,"valueName":"search_term_string"}}],"inLanguage":"ca"},{"@type":"Organization","@id":"https:\/\/bioplace.biz\/ca\/#organization","name":"BioPlace","url":"https:\/\/bioplace.biz\/ca\/","logo":{"@type":"ImageObject","inLanguage":"ca","@id":"https:\/\/bioplace.biz\/ca\/#\/schema\/logo\/image\/","url":"https:\/\/bioplace.biz\/wp-content\/uploads\/2024\/09\/Logo-Biohome_1.webp","contentUrl":"https:\/\/bioplace.biz\/wp-content\/uploads\/2024\/09\/Logo-Biohome_1.webp","width":435,"height":60,"caption":"BioPlace"},"image":{"@id":"https:\/\/bioplace.biz\/ca\/#\/schema\/logo\/image\/"}}]}},"_links":{"self":[{"href":"https:\/\/bioplace.biz\/ca\/wp-json\/wp\/v2\/product\/5516","targetHints":{"allow":["GET"]}}],"collection":[{"href":"https:\/\/bioplace.biz\/ca\/wp-json\/wp\/v2\/product"}],"about":[{"href":"https:\/\/bioplace.biz\/ca\/wp-json\/wp\/v2\/types\/product"}],"replies":[{"embeddable":true,"href":"https:\/\/bioplace.biz\/ca\/wp-json\/wp\/v2\/comments?post=5516"}],"version-history":[{"count":0,"href":"https:\/\/bioplace.biz\/ca\/wp-json\/wp\/v2\/product\/5516\/revisions"}],"wp:featuredmedia":[{"embeddable":true,"href":"https:\/\/bioplace.biz\/ca\/wp-json\/wp\/v2\/media\/576"}],"wp:attachment":[{"href":"https:\/\/bioplace.biz\/ca\/wp-json\/wp\/v2\/media?parent=5516"}],"wp:term":[{"taxonomy":"product_brand","embeddable":true,"href":"https:\/\/bioplace.biz\/ca\/wp-json\/wp\/v2\/product_brand?post=5516"},{"taxonomy":"product_cat","embeddable":true,"href":"https:\/\/bioplace.biz\/ca\/wp-json\/wp\/v2\/product_cat?post=5516"},{"taxonomy":"product_tag","embeddable":true,"href":"https:\/\/bioplace.biz\/ca\/wp-json\/wp\/v2\/product_tag?post=5516"}],"curies":[{"name":"wp","href":"https:\/\/api.w.org\/{rel}","templated":true}]}}