{"id":3207,"date":"2024-11-14T13:36:49","date_gmt":"2024-11-14T12:36:49","guid":{"rendered":"https:\/\/bioplace.biz\/product\/5-anys-de-garantia-per-a-una-renovacio-del-diposit-de-fins-a-10-000-litres-de-capacitat\/"},"modified":"2025-10-02T18:12:08","modified_gmt":"2025-10-02T16:12:08","slug":"5-anys-de-garantia-per-a-una-renovacio-del-diposit-de-fins-a-10-000-litres-de-capacitat","status":"publish","type":"product","link":"https:\/\/bioplace.biz\/ca\/producto\/5-anys-de-garantia-per-a-una-renovacio-del-diposit-de-fins-a-10-000-litres-de-capacitat\/","title":{"rendered":"5 anys de garantia per a una renovaci\u00f3 del dip\u00f2sit de fins a 10.000 litres de capacitat"},"content":{"rendered":"<p>El pagament d&#8217;una tarifa \u00fanica per cada dip\u00f2sit de combustible registrat d&#8217;un m\u00e0xim de 10 metres c\u00fabics que es modernitzi a la unitat d&#8217;emmagatzematge de pellets d&#8217;acord amb les especificacions t\u00e9 una garantia de 5 anys.<\/p>\n<p class=\"p1\">La taxa inclou el registre del projecte de validaci\u00f3 de la nova instal\u00b7laci\u00f3 d&#8217;energia s\u00f2lida i un llistat d&#8217;empreses de certificaci\u00f3 per a la descontaminaci\u00f3 de dip\u00f2sits de combustible a Espanya per comunitats aut\u00f2nomes.<\/p>\n<p id=\"stock-info\" class=\"stock-class\"><strong>Stock del MarketPlace 0<\/strong><\/p>\n","protected":false},"excerpt":{"rendered":"<p>5 anys de garantia de regal per a un reacondicionament del dip\u00f2sit de 10.000 L<\/p>\n","protected":false},"featured_media":994,"comment_status":"open","ping_status":"closed","template":"","meta":{"_acf_changed":false},"product_brand":[],"product_cat":[334],"product_tag":[],"class_list":{"0":"post-3207","1":"product","2":"type-product","3":"status-publish","4":"has-post-thumbnail","6":"product_cat-reparacions-i-transformacions","8":"first","9":"onbackorder","10":"downloadable","11":"virtual","12":"taxable","13":"purchasable","14":"product-type-simple"},"acf":[],"yoast_head":"<!-- This site is optimized with the Yoast SEO plugin v27.3 - https:\/\/yoast.com\/product\/yoast-seo-wordpress\/ -->\n<title>5 anys de garantia per a una renovaci\u00f3 del dip\u00f2sit de fins a 10.000 litres de capacitat -<\/title>\n<meta name=\"robots\" content=\"index, follow, max-snippet:-1, max-image-preview:large, max-video-preview:-1\" \/>\n<link rel=\"canonical\" href=\"https:\/\/bioplace.biz\/ca\/producto\/5-anys-de-garantia-per-a-una-renovacio-del-diposit-de-fins-a-10-000-litres-de-capacitat\/\" \/>\n<meta property=\"og:locale\" content=\"ca_ES\" \/>\n<meta property=\"og:type\" content=\"article\" \/>\n<meta property=\"og:title\" content=\"5 anys de garantia per a una renovaci\u00f3 del dip\u00f2sit de fins a 10.000 litres de capacitat -\" \/>\n<meta property=\"og:description\" content=\"5 anys de garantia de regal per a un reacondicionament del dip\u00f2sit de 10.000 L\" \/>\n<meta property=\"og:url\" content=\"https:\/\/bioplace.biz\/ca\/producto\/5-anys-de-garantia-per-a-una-renovacio-del-diposit-de-fins-a-10-000-litres-de-capacitat\/\" \/>\n<meta property=\"og:site_name\" content=\"BioPlace\" \/>\n<meta property=\"article:modified_time\" content=\"2025-10-02T16:12:08+00:00\" \/>\n<meta property=\"og:image\" content=\"https:\/\/bioplace.biz\/wp-content\/uploads\/2024\/11\/5-year-guarantee-badge-guarantee-certificate-5-year-guarantee-logo-year-guarantee-logo-vector-p_526569-801.png\" \/>\n\t<meta property=\"og:image:width\" content=\"626\" \/>\n\t<meta property=\"og:image:height\" content=\"626\" \/>\n\t<meta property=\"og:image:type\" content=\"image\/png\" \/>\n<meta name=\"twitter:card\" content=\"summary_large_image\" \/>\n<script type=\"application\/ld+json\" class=\"yoast-schema-graph\">{\"@context\":\"https:\\\/\\\/schema.org\",\"@graph\":[{\"@type\":\"WebPage\",\"@id\":\"https:\\\/\\\/bioplace.biz\\\/ca\\\/producto\\\/5-anys-de-garantia-per-a-una-renovacio-del-diposit-de-fins-a-10-000-litres-de-capacitat\\\/\",\"url\":\"https:\\\/\\\/bioplace.biz\\\/ca\\\/producto\\\/5-anys-de-garantia-per-a-una-renovacio-del-diposit-de-fins-a-10-000-litres-de-capacitat\\\/\",\"name\":\"5 anys de garantia per a una renovaci\u00f3 del dip\u00f2sit de fins a 10.000 litres de capacitat -\",\"isPartOf\":{\"@id\":\"https:\\\/\\\/bioplace.biz\\\/ca\\\/#website\"},\"primaryImageOfPage\":{\"@id\":\"https:\\\/\\\/bioplace.biz\\\/ca\\\/producto\\\/5-anys-de-garantia-per-a-una-renovacio-del-diposit-de-fins-a-10-000-litres-de-capacitat\\\/#primaryimage\"},\"image\":{\"@id\":\"https:\\\/\\\/bioplace.biz\\\/ca\\\/producto\\\/5-anys-de-garantia-per-a-una-renovacio-del-diposit-de-fins-a-10-000-litres-de-capacitat\\\/#primaryimage\"},\"thumbnailUrl\":\"https:\\\/\\\/bioplace.biz\\\/wp-content\\\/uploads\\\/2024\\\/11\\\/5-year-guarantee-badge-guarantee-certificate-5-year-guarantee-logo-year-guarantee-logo-vector-p_526569-801.png\",\"datePublished\":\"2024-11-14T12:36:49+00:00\",\"dateModified\":\"2025-10-02T16:12:08+00:00\",\"breadcrumb\":{\"@id\":\"https:\\\/\\\/bioplace.biz\\\/ca\\\/producto\\\/5-anys-de-garantia-per-a-una-renovacio-del-diposit-de-fins-a-10-000-litres-de-capacitat\\\/#breadcrumb\"},\"inLanguage\":\"ca\",\"potentialAction\":[{\"@type\":\"ReadAction\",\"target\":[\"https:\\\/\\\/bioplace.biz\\\/ca\\\/producto\\\/5-anys-de-garantia-per-a-una-renovacio-del-diposit-de-fins-a-10-000-litres-de-capacitat\\\/\"]}]},{\"@type\":\"ImageObject\",\"inLanguage\":\"ca\",\"@id\":\"https:\\\/\\\/bioplace.biz\\\/ca\\\/producto\\\/5-anys-de-garantia-per-a-una-renovacio-del-diposit-de-fins-a-10-000-litres-de-capacitat\\\/#primaryimage\",\"url\":\"https:\\\/\\\/bioplace.biz\\\/wp-content\\\/uploads\\\/2024\\\/11\\\/5-year-guarantee-badge-guarantee-certificate-5-year-guarantee-logo-year-guarantee-logo-vector-p_526569-801.png\",\"contentUrl\":\"https:\\\/\\\/bioplace.biz\\\/wp-content\\\/uploads\\\/2024\\\/11\\\/5-year-guarantee-badge-guarantee-certificate-5-year-guarantee-logo-year-guarantee-logo-vector-p_526569-801.png\",\"width\":626,\"height\":626},{\"@type\":\"BreadcrumbList\",\"@id\":\"https:\\\/\\\/bioplace.biz\\\/ca\\\/producto\\\/5-anys-de-garantia-per-a-una-renovacio-del-diposit-de-fins-a-10-000-litres-de-capacitat\\\/#breadcrumb\",\"itemListElement\":[{\"@type\":\"ListItem\",\"position\":1,\"name\":\"Casa\",\"item\":\"https:\\\/\\\/bioplace.biz\\\/ca\\\/\"},{\"@type\":\"ListItem\",\"position\":2,\"name\":\"Botiga\",\"item\":\"https:\\\/\\\/bioplace.biz\\\/ca\\\/botiga\\\/\"},{\"@type\":\"ListItem\",\"position\":3,\"name\":\"5 anys de garantia per a una renovaci\u00f3 del dip\u00f2sit de fins a 10.000 litres de capacitat\"}]},{\"@type\":\"WebSite\",\"@id\":\"https:\\\/\\\/bioplace.biz\\\/ca\\\/#website\",\"url\":\"https:\\\/\\\/bioplace.biz\\\/ca\\\/\",\"name\":\"BioPlace\",\"description\":\"Bioenergy Products\u00a0Marketplace\",\"publisher\":{\"@id\":\"https:\\\/\\\/bioplace.biz\\\/ca\\\/#organization\"},\"potentialAction\":[{\"@type\":\"SearchAction\",\"target\":{\"@type\":\"EntryPoint\",\"urlTemplate\":\"https:\\\/\\\/bioplace.biz\\\/ca\\\/?s={search_term_string}\"},\"query-input\":{\"@type\":\"PropertyValueSpecification\",\"valueRequired\":true,\"valueName\":\"search_term_string\"}}],\"inLanguage\":\"ca\"},{\"@type\":\"Organization\",\"@id\":\"https:\\\/\\\/bioplace.biz\\\/ca\\\/#organization\",\"name\":\"BioPlace\",\"url\":\"https:\\\/\\\/bioplace.biz\\\/ca\\\/\",\"logo\":{\"@type\":\"ImageObject\",\"inLanguage\":\"ca\",\"@id\":\"https:\\\/\\\/bioplace.biz\\\/ca\\\/#\\\/schema\\\/logo\\\/image\\\/\",\"url\":\"https:\\\/\\\/bioplace.biz\\\/wp-content\\\/uploads\\\/2024\\\/09\\\/Logo-Biohome_1.webp\",\"contentUrl\":\"https:\\\/\\\/bioplace.biz\\\/wp-content\\\/uploads\\\/2024\\\/09\\\/Logo-Biohome_1.webp\",\"width\":435,\"height\":60,\"caption\":\"BioPlace\"},\"image\":{\"@id\":\"https:\\\/\\\/bioplace.biz\\\/ca\\\/#\\\/schema\\\/logo\\\/image\\\/\"}}]}<\/script>\n<!-- \/ Yoast SEO plugin. -->","yoast_head_json":{"title":"5 anys de garantia per a una renovaci\u00f3 del dip\u00f2sit de fins a 10.000 litres de capacitat -","robots":{"index":"index","follow":"follow","max-snippet":"max-snippet:-1","max-image-preview":"max-image-preview:large","max-video-preview":"max-video-preview:-1"},"canonical":"https:\/\/bioplace.biz\/ca\/producto\/5-anys-de-garantia-per-a-una-renovacio-del-diposit-de-fins-a-10-000-litres-de-capacitat\/","og_locale":"ca_ES","og_type":"article","og_title":"5 anys de garantia per a una renovaci\u00f3 del dip\u00f2sit de fins a 10.000 litres de capacitat -","og_description":"5 anys de garantia de regal per a un reacondicionament del dip\u00f2sit de 10.000 L","og_url":"https:\/\/bioplace.biz\/ca\/producto\/5-anys-de-garantia-per-a-una-renovacio-del-diposit-de-fins-a-10-000-litres-de-capacitat\/","og_site_name":"BioPlace","article_modified_time":"2025-10-02T16:12:08+00:00","og_image":[{"width":626,"height":626,"url":"https:\/\/bioplace.biz\/wp-content\/uploads\/2024\/11\/5-year-guarantee-badge-guarantee-certificate-5-year-guarantee-logo-year-guarantee-logo-vector-p_526569-801.png","type":"image\/png"}],"twitter_card":"summary_large_image","schema":{"@context":"https:\/\/schema.org","@graph":[{"@type":"WebPage","@id":"https:\/\/bioplace.biz\/ca\/producto\/5-anys-de-garantia-per-a-una-renovacio-del-diposit-de-fins-a-10-000-litres-de-capacitat\/","url":"https:\/\/bioplace.biz\/ca\/producto\/5-anys-de-garantia-per-a-una-renovacio-del-diposit-de-fins-a-10-000-litres-de-capacitat\/","name":"5 anys de garantia per a una renovaci\u00f3 del dip\u00f2sit de fins a 10.000 litres de capacitat -","isPartOf":{"@id":"https:\/\/bioplace.biz\/ca\/#website"},"primaryImageOfPage":{"@id":"https:\/\/bioplace.biz\/ca\/producto\/5-anys-de-garantia-per-a-una-renovacio-del-diposit-de-fins-a-10-000-litres-de-capacitat\/#primaryimage"},"image":{"@id":"https:\/\/bioplace.biz\/ca\/producto\/5-anys-de-garantia-per-a-una-renovacio-del-diposit-de-fins-a-10-000-litres-de-capacitat\/#primaryimage"},"thumbnailUrl":"https:\/\/bioplace.biz\/wp-content\/uploads\/2024\/11\/5-year-guarantee-badge-guarantee-certificate-5-year-guarantee-logo-year-guarantee-logo-vector-p_526569-801.png","datePublished":"2024-11-14T12:36:49+00:00","dateModified":"2025-10-02T16:12:08+00:00","breadcrumb":{"@id":"https:\/\/bioplace.biz\/ca\/producto\/5-anys-de-garantia-per-a-una-renovacio-del-diposit-de-fins-a-10-000-litres-de-capacitat\/#breadcrumb"},"inLanguage":"ca","potentialAction":[{"@type":"ReadAction","target":["https:\/\/bioplace.biz\/ca\/producto\/5-anys-de-garantia-per-a-una-renovacio-del-diposit-de-fins-a-10-000-litres-de-capacitat\/"]}]},{"@type":"ImageObject","inLanguage":"ca","@id":"https:\/\/bioplace.biz\/ca\/producto\/5-anys-de-garantia-per-a-una-renovacio-del-diposit-de-fins-a-10-000-litres-de-capacitat\/#primaryimage","url":"https:\/\/bioplace.biz\/wp-content\/uploads\/2024\/11\/5-year-guarantee-badge-guarantee-certificate-5-year-guarantee-logo-year-guarantee-logo-vector-p_526569-801.png","contentUrl":"https:\/\/bioplace.biz\/wp-content\/uploads\/2024\/11\/5-year-guarantee-badge-guarantee-certificate-5-year-guarantee-logo-year-guarantee-logo-vector-p_526569-801.png","width":626,"height":626},{"@type":"BreadcrumbList","@id":"https:\/\/bioplace.biz\/ca\/producto\/5-anys-de-garantia-per-a-una-renovacio-del-diposit-de-fins-a-10-000-litres-de-capacitat\/#breadcrumb","itemListElement":[{"@type":"ListItem","position":1,"name":"Casa","item":"https:\/\/bioplace.biz\/ca\/"},{"@type":"ListItem","position":2,"name":"Botiga","item":"https:\/\/bioplace.biz\/ca\/botiga\/"},{"@type":"ListItem","position":3,"name":"5 anys de garantia per a una renovaci\u00f3 del dip\u00f2sit de fins a 10.000 litres de capacitat"}]},{"@type":"WebSite","@id":"https:\/\/bioplace.biz\/ca\/#website","url":"https:\/\/bioplace.biz\/ca\/","name":"BioPlace","description":"Bioenergy Products\u00a0Marketplace","publisher":{"@id":"https:\/\/bioplace.biz\/ca\/#organization"},"potentialAction":[{"@type":"SearchAction","target":{"@type":"EntryPoint","urlTemplate":"https:\/\/bioplace.biz\/ca\/?s={search_term_string}"},"query-input":{"@type":"PropertyValueSpecification","valueRequired":true,"valueName":"search_term_string"}}],"inLanguage":"ca"},{"@type":"Organization","@id":"https:\/\/bioplace.biz\/ca\/#organization","name":"BioPlace","url":"https:\/\/bioplace.biz\/ca\/","logo":{"@type":"ImageObject","inLanguage":"ca","@id":"https:\/\/bioplace.biz\/ca\/#\/schema\/logo\/image\/","url":"https:\/\/bioplace.biz\/wp-content\/uploads\/2024\/09\/Logo-Biohome_1.webp","contentUrl":"https:\/\/bioplace.biz\/wp-content\/uploads\/2024\/09\/Logo-Biohome_1.webp","width":435,"height":60,"caption":"BioPlace"},"image":{"@id":"https:\/\/bioplace.biz\/ca\/#\/schema\/logo\/image\/"}}]}},"_links":{"self":[{"href":"https:\/\/bioplace.biz\/ca\/wp-json\/wp\/v2\/product\/3207","targetHints":{"allow":["GET"]}}],"collection":[{"href":"https:\/\/bioplace.biz\/ca\/wp-json\/wp\/v2\/product"}],"about":[{"href":"https:\/\/bioplace.biz\/ca\/wp-json\/wp\/v2\/types\/product"}],"replies":[{"embeddable":true,"href":"https:\/\/bioplace.biz\/ca\/wp-json\/wp\/v2\/comments?post=3207"}],"version-history":[{"count":0,"href":"https:\/\/bioplace.biz\/ca\/wp-json\/wp\/v2\/product\/3207\/revisions"}],"wp:featuredmedia":[{"embeddable":true,"href":"https:\/\/bioplace.biz\/ca\/wp-json\/wp\/v2\/media\/994"}],"wp:attachment":[{"href":"https:\/\/bioplace.biz\/ca\/wp-json\/wp\/v2\/media?parent=3207"}],"wp:term":[{"taxonomy":"product_brand","embeddable":true,"href":"https:\/\/bioplace.biz\/ca\/wp-json\/wp\/v2\/product_brand?post=3207"},{"taxonomy":"product_cat","embeddable":true,"href":"https:\/\/bioplace.biz\/ca\/wp-json\/wp\/v2\/product_cat?post=3207"},{"taxonomy":"product_tag","embeddable":true,"href":"https:\/\/bioplace.biz\/ca\/wp-json\/wp\/v2\/product_tag?post=3207"}],"curies":[{"name":"wp","href":"https:\/\/api.w.org\/{rel}","templated":true}]}}