{"id":3191,"date":"2024-11-23T17:13:42","date_gmt":"2024-11-23T17:13:42","guid":{"rendered":"https:\/\/bioplace.biz\/product\/pellet-elegancia\/"},"modified":"2025-10-02T18:13:12","modified_gmt":"2025-10-02T16:13:12","slug":"pellet-elegancia","status":"publish","type":"product","link":"https:\/\/bioplace.biz\/ca\/producto\/pellet-elegancia\/","title":{"rendered":"Pellet Eleg\u00e0ncia"},"content":{"rendered":"<p><strong>Caldera de pellets per sistema d&#8217;aspiraci\u00f3:<\/strong><\/p>\n<p>Caldera de pellets disposada en m\u00f2duls amb regulaci\u00f3 de pot\u00e8ncia i regulaci\u00f3 t\u00e8cnica de calefacci\u00f3 i sonda lambda. Tecnologia de combusti\u00f3 pionera amb baixes emissions gr\u00e0cies a la combusti\u00f3 descendent i la cambra de combusti\u00f3 feta de material refractari i d&#8217;alta temperatura. Encesa autom\u00e0tica mitjan\u00e7ant vareta cer\u00e0mica incandescent, neteja autom\u00e0tica de l&#8217;intercanviador de calor amb escariador patentat i extracci\u00f3 autom\u00e0tica de cendres a caixa. Es pot ampliar si es desitja per a un funcionament independent de l&#8217;aire ambient.   <\/p>\n<p><strong>Distribu\u00efdor de pellets amb turbina d&#8217;aspiraci\u00f3 integrada<\/strong><\/p>\n<p>El bloqueig de roda cel\u00b7lular patentat d&#8217;un sol eix dosifica els pellets i garanteix una retirada absoluta de la flama.<\/p>\n<p><strong>Sistema hidr\u00e0ulic integrat<\/strong><\/p>\n<p>Elevador de retorn integrat amb bomba HE i motor de mescla per carregar el dip\u00f2sit d&#8217;amortiment o el dip\u00f2sit d&#8217;aigua potable, incl. grup de seguretat de la caldera sense vas d&#8217;expansi\u00f3, opcionalment es poden integrar fins a dos grups de bombes de circuit de calefacci\u00f3 addicionals al costat de la caldera. Tubs d&#8217;acer inoxidable amb femelles d&#8217;uni\u00f3 i a\u00efllament. Totes les connexions (1&#8243; RI) funcionen cap amunt.   <\/p>\n<p><strong>Control<\/strong> t\u00e0ctil <strong>Eco<\/strong> <sup><br \/>\n  <em>manager<\/em><br \/>\n<\/sup><\/p>\n<p>Amb pantalla t\u00e0ctil de 7&#8243;, incl\u00f2s controlador de circuit de calefacci\u00f3 adaptat a la meteorologia amb funci\u00f3 de previsi\u00f3 meteorol\u00f2gica, 1 circuit de c\u00e0rrega d&#8217;aigua dol\u00e7a i 1 controlador de c\u00e0rrega de tancs d&#8217;amortiment incl\u00f2s sensors. Ampliable a 8 circuits de calefacci\u00f3, 4 dip\u00f2sits d&#8217;amortiment, 4 dip\u00f2sits d&#8217;ACS, 4 m\u00f2duls d&#8217;ACS amb recirculaci\u00f3, control diferencial i fins a 2 possibles 2 displays triples per tel\u00e8fon intel\u00b7ligent, circuits solars i APP. SOLARFOCUS- Connect o VNC Amb la interf\u00edcie Modbus TCP, la integraci\u00f3 al sistema d&#8217;automatitzaci\u00f3 de la llar intel\u00b7ligent \u00e9s possible amb l&#8217;\u00fas d&#8217;un convertidor, la integraci\u00f3 en un sistema de control KNX.     <\/p>\n<p>&nbsp;<\/p>\n","protected":false},"excerpt":{"rendered":"<p>Caldera de pellets disposada en m\u00f2duls amb regulaci\u00f3 de pot\u00e8ncia i regulaci\u00f3 t\u00e8cnica de calefacci\u00f3 i sonda lambda. Tecnologia de combusti\u00f3 pionera amb baixes emissions. <\/p>\n","protected":false},"featured_media":5668,"comment_status":"open","ping_status":"closed","template":"","meta":{"_acf_changed":false},"product_brand":[285],"product_cat":[330,329,328],"product_tag":[],"class_list":{"0":"post-3191","1":"product","2":"type-product","3":"status-publish","4":"has-post-thumbnail","6":"product_brand-solarfocus","7":"product_cat-calderes-de-biomassa","8":"product_cat-calderes-i-estufes","9":"product_cat-equipaments-i-accessoris","10":"pa_brand-focus-solar","12":"first","13":"onbackorder","14":"taxable","15":"shipping-taxable","16":"purchasable","17":"product-type-simple"},"acf":[],"yoast_head":"<!-- This site is optimized with the Yoast SEO plugin v27.3 - https:\/\/yoast.com\/product\/yoast-seo-wordpress\/ -->\n<title>Pellet Eleg\u00e0ncia - BioPlace<\/title>\n<meta name=\"robots\" content=\"index, follow, max-snippet:-1, max-image-preview:large, max-video-preview:-1\" \/>\n<link rel=\"canonical\" href=\"https:\/\/bioplace.biz\/ca\/producto\/pellet-elegancia\/\" \/>\n<meta property=\"og:locale\" content=\"ca_ES\" \/>\n<meta property=\"og:type\" content=\"article\" \/>\n<meta property=\"og:title\" content=\"Pellet Eleg\u00e0ncia - BioPlace\" \/>\n<meta property=\"og:description\" content=\"Caldera de pellets disposada en m\u00f2duls amb regulaci\u00f3 de pot\u00e8ncia i regulaci\u00f3 t\u00e8cnica de calefacci\u00f3 i sonda lambda. Tecnologia de combusti\u00f3 pionera amb baixes emissions.\" \/>\n<meta property=\"og:url\" content=\"https:\/\/bioplace.biz\/ca\/producto\/pellet-elegancia\/\" \/>\n<meta property=\"og:site_name\" content=\"BioPlace\" \/>\n<meta property=\"article:modified_time\" content=\"2025-10-02T16:13:12+00:00\" \/>\n<meta property=\"og:image\" content=\"https:\/\/bioplace.biz\/wp-content\/uploads\/2024\/11\/pelletelegance_beide_fg_1.webp\" \/>\n\t<meta property=\"og:image:width\" content=\"370\" \/>\n\t<meta property=\"og:image:height\" content=\"270\" \/>\n\t<meta property=\"og:image:type\" content=\"image\/webp\" \/>\n<meta name=\"twitter:card\" content=\"summary_large_image\" \/>\n<meta name=\"twitter:label1\" content=\"Temps estimat de lectura\" \/>\n\t<meta name=\"twitter:data1\" content=\"2 minuts\" \/>\n<script type=\"application\/ld+json\" class=\"yoast-schema-graph\">{\"@context\":\"https:\\\/\\\/schema.org\",\"@graph\":[{\"@type\":\"WebPage\",\"@id\":\"https:\\\/\\\/bioplace.biz\\\/ca\\\/producto\\\/pellet-elegancia\\\/\",\"url\":\"https:\\\/\\\/bioplace.biz\\\/ca\\\/producto\\\/pellet-elegancia\\\/\",\"name\":\"Pellet Eleg\u00e0ncia - BioPlace\",\"isPartOf\":{\"@id\":\"https:\\\/\\\/bioplace.biz\\\/ca\\\/#website\"},\"primaryImageOfPage\":{\"@id\":\"https:\\\/\\\/bioplace.biz\\\/ca\\\/producto\\\/pellet-elegancia\\\/#primaryimage\"},\"image\":{\"@id\":\"https:\\\/\\\/bioplace.biz\\\/ca\\\/producto\\\/pellet-elegancia\\\/#primaryimage\"},\"thumbnailUrl\":\"https:\\\/\\\/bioplace.biz\\\/wp-content\\\/uploads\\\/2024\\\/11\\\/pelletelegance_beide_fg_1.webp\",\"datePublished\":\"2024-11-23T17:13:42+00:00\",\"dateModified\":\"2025-10-02T16:13:12+00:00\",\"breadcrumb\":{\"@id\":\"https:\\\/\\\/bioplace.biz\\\/ca\\\/producto\\\/pellet-elegancia\\\/#breadcrumb\"},\"inLanguage\":\"ca\",\"potentialAction\":[{\"@type\":\"ReadAction\",\"target\":[\"https:\\\/\\\/bioplace.biz\\\/ca\\\/producto\\\/pellet-elegancia\\\/\"]}]},{\"@type\":\"ImageObject\",\"inLanguage\":\"ca\",\"@id\":\"https:\\\/\\\/bioplace.biz\\\/ca\\\/producto\\\/pellet-elegancia\\\/#primaryimage\",\"url\":\"https:\\\/\\\/bioplace.biz\\\/wp-content\\\/uploads\\\/2024\\\/11\\\/pelletelegance_beide_fg_1.webp\",\"contentUrl\":\"https:\\\/\\\/bioplace.biz\\\/wp-content\\\/uploads\\\/2024\\\/11\\\/pelletelegance_beide_fg_1.webp\",\"width\":370,\"height\":270},{\"@type\":\"BreadcrumbList\",\"@id\":\"https:\\\/\\\/bioplace.biz\\\/ca\\\/producto\\\/pellet-elegancia\\\/#breadcrumb\",\"itemListElement\":[{\"@type\":\"ListItem\",\"position\":1,\"name\":\"Casa\",\"item\":\"https:\\\/\\\/bioplace.biz\\\/ca\\\/\"},{\"@type\":\"ListItem\",\"position\":2,\"name\":\"Botiga\",\"item\":\"https:\\\/\\\/bioplace.biz\\\/ca\\\/botiga\\\/\"},{\"@type\":\"ListItem\",\"position\":3,\"name\":\"Pellet Eleg\u00e0ncia\"}]},{\"@type\":\"WebSite\",\"@id\":\"https:\\\/\\\/bioplace.biz\\\/ca\\\/#website\",\"url\":\"https:\\\/\\\/bioplace.biz\\\/ca\\\/\",\"name\":\"BioPlace\",\"description\":\"Bioenergy Products\u00a0Marketplace\",\"publisher\":{\"@id\":\"https:\\\/\\\/bioplace.biz\\\/ca\\\/#organization\"},\"potentialAction\":[{\"@type\":\"SearchAction\",\"target\":{\"@type\":\"EntryPoint\",\"urlTemplate\":\"https:\\\/\\\/bioplace.biz\\\/ca\\\/?s={search_term_string}\"},\"query-input\":{\"@type\":\"PropertyValueSpecification\",\"valueRequired\":true,\"valueName\":\"search_term_string\"}}],\"inLanguage\":\"ca\"},{\"@type\":\"Organization\",\"@id\":\"https:\\\/\\\/bioplace.biz\\\/ca\\\/#organization\",\"name\":\"BioPlace\",\"url\":\"https:\\\/\\\/bioplace.biz\\\/ca\\\/\",\"logo\":{\"@type\":\"ImageObject\",\"inLanguage\":\"ca\",\"@id\":\"https:\\\/\\\/bioplace.biz\\\/ca\\\/#\\\/schema\\\/logo\\\/image\\\/\",\"url\":\"https:\\\/\\\/bioplace.biz\\\/wp-content\\\/uploads\\\/2024\\\/09\\\/Logo-Biohome_1.webp\",\"contentUrl\":\"https:\\\/\\\/bioplace.biz\\\/wp-content\\\/uploads\\\/2024\\\/09\\\/Logo-Biohome_1.webp\",\"width\":435,\"height\":60,\"caption\":\"BioPlace\"},\"image\":{\"@id\":\"https:\\\/\\\/bioplace.biz\\\/ca\\\/#\\\/schema\\\/logo\\\/image\\\/\"}}]}<\/script>\n<!-- \/ Yoast SEO plugin. -->","yoast_head_json":{"title":"Pellet Eleg\u00e0ncia - BioPlace","robots":{"index":"index","follow":"follow","max-snippet":"max-snippet:-1","max-image-preview":"max-image-preview:large","max-video-preview":"max-video-preview:-1"},"canonical":"https:\/\/bioplace.biz\/ca\/producto\/pellet-elegancia\/","og_locale":"ca_ES","og_type":"article","og_title":"Pellet Eleg\u00e0ncia - BioPlace","og_description":"Caldera de pellets disposada en m\u00f2duls amb regulaci\u00f3 de pot\u00e8ncia i regulaci\u00f3 t\u00e8cnica de calefacci\u00f3 i sonda lambda. Tecnologia de combusti\u00f3 pionera amb baixes emissions.","og_url":"https:\/\/bioplace.biz\/ca\/producto\/pellet-elegancia\/","og_site_name":"BioPlace","article_modified_time":"2025-10-02T16:13:12+00:00","og_image":[{"width":370,"height":270,"url":"https:\/\/bioplace.biz\/wp-content\/uploads\/2024\/11\/pelletelegance_beide_fg_1.webp","type":"image\/webp"}],"twitter_card":"summary_large_image","twitter_misc":{"Temps estimat de lectura":"2 minuts"},"schema":{"@context":"https:\/\/schema.org","@graph":[{"@type":"WebPage","@id":"https:\/\/bioplace.biz\/ca\/producto\/pellet-elegancia\/","url":"https:\/\/bioplace.biz\/ca\/producto\/pellet-elegancia\/","name":"Pellet Eleg\u00e0ncia - BioPlace","isPartOf":{"@id":"https:\/\/bioplace.biz\/ca\/#website"},"primaryImageOfPage":{"@id":"https:\/\/bioplace.biz\/ca\/producto\/pellet-elegancia\/#primaryimage"},"image":{"@id":"https:\/\/bioplace.biz\/ca\/producto\/pellet-elegancia\/#primaryimage"},"thumbnailUrl":"https:\/\/bioplace.biz\/wp-content\/uploads\/2024\/11\/pelletelegance_beide_fg_1.webp","datePublished":"2024-11-23T17:13:42+00:00","dateModified":"2025-10-02T16:13:12+00:00","breadcrumb":{"@id":"https:\/\/bioplace.biz\/ca\/producto\/pellet-elegancia\/#breadcrumb"},"inLanguage":"ca","potentialAction":[{"@type":"ReadAction","target":["https:\/\/bioplace.biz\/ca\/producto\/pellet-elegancia\/"]}]},{"@type":"ImageObject","inLanguage":"ca","@id":"https:\/\/bioplace.biz\/ca\/producto\/pellet-elegancia\/#primaryimage","url":"https:\/\/bioplace.biz\/wp-content\/uploads\/2024\/11\/pelletelegance_beide_fg_1.webp","contentUrl":"https:\/\/bioplace.biz\/wp-content\/uploads\/2024\/11\/pelletelegance_beide_fg_1.webp","width":370,"height":270},{"@type":"BreadcrumbList","@id":"https:\/\/bioplace.biz\/ca\/producto\/pellet-elegancia\/#breadcrumb","itemListElement":[{"@type":"ListItem","position":1,"name":"Casa","item":"https:\/\/bioplace.biz\/ca\/"},{"@type":"ListItem","position":2,"name":"Botiga","item":"https:\/\/bioplace.biz\/ca\/botiga\/"},{"@type":"ListItem","position":3,"name":"Pellet Eleg\u00e0ncia"}]},{"@type":"WebSite","@id":"https:\/\/bioplace.biz\/ca\/#website","url":"https:\/\/bioplace.biz\/ca\/","name":"BioPlace","description":"Bioenergy Products\u00a0Marketplace","publisher":{"@id":"https:\/\/bioplace.biz\/ca\/#organization"},"potentialAction":[{"@type":"SearchAction","target":{"@type":"EntryPoint","urlTemplate":"https:\/\/bioplace.biz\/ca\/?s={search_term_string}"},"query-input":{"@type":"PropertyValueSpecification","valueRequired":true,"valueName":"search_term_string"}}],"inLanguage":"ca"},{"@type":"Organization","@id":"https:\/\/bioplace.biz\/ca\/#organization","name":"BioPlace","url":"https:\/\/bioplace.biz\/ca\/","logo":{"@type":"ImageObject","inLanguage":"ca","@id":"https:\/\/bioplace.biz\/ca\/#\/schema\/logo\/image\/","url":"https:\/\/bioplace.biz\/wp-content\/uploads\/2024\/09\/Logo-Biohome_1.webp","contentUrl":"https:\/\/bioplace.biz\/wp-content\/uploads\/2024\/09\/Logo-Biohome_1.webp","width":435,"height":60,"caption":"BioPlace"},"image":{"@id":"https:\/\/bioplace.biz\/ca\/#\/schema\/logo\/image\/"}}]}},"_links":{"self":[{"href":"https:\/\/bioplace.biz\/ca\/wp-json\/wp\/v2\/product\/3191","targetHints":{"allow":["GET"]}}],"collection":[{"href":"https:\/\/bioplace.biz\/ca\/wp-json\/wp\/v2\/product"}],"about":[{"href":"https:\/\/bioplace.biz\/ca\/wp-json\/wp\/v2\/types\/product"}],"replies":[{"embeddable":true,"href":"https:\/\/bioplace.biz\/ca\/wp-json\/wp\/v2\/comments?post=3191"}],"version-history":[{"count":0,"href":"https:\/\/bioplace.biz\/ca\/wp-json\/wp\/v2\/product\/3191\/revisions"}],"wp:featuredmedia":[{"embeddable":true,"href":"https:\/\/bioplace.biz\/ca\/wp-json\/wp\/v2\/media\/5668"}],"wp:attachment":[{"href":"https:\/\/bioplace.biz\/ca\/wp-json\/wp\/v2\/media?parent=3191"}],"wp:term":[{"taxonomy":"product_brand","embeddable":true,"href":"https:\/\/bioplace.biz\/ca\/wp-json\/wp\/v2\/product_brand?post=3191"},{"taxonomy":"product_cat","embeddable":true,"href":"https:\/\/bioplace.biz\/ca\/wp-json\/wp\/v2\/product_cat?post=3191"},{"taxonomy":"product_tag","embeddable":true,"href":"https:\/\/bioplace.biz\/ca\/wp-json\/wp\/v2\/product_tag?post=3191"}],"curies":[{"name":"wp","href":"https:\/\/api.w.org\/{rel}","templated":true}]}}