{"id":3189,"date":"2024-11-23T17:16:04","date_gmt":"2024-11-23T17:16:04","guid":{"rendered":"https:\/\/bioplace.biz\/product\/maxim\/"},"modified":"2025-10-02T18:09:48","modified_gmt":"2025-10-02T16:09:48","slug":"maxim","status":"publish","type":"product","link":"https:\/\/bioplace.biz\/ca\/producto\/maxim\/","title":{"rendered":"M\u00e0xim"},"content":{"rendered":"<p>Caldera <strong>maxi<\/strong> <sup>mus gran<\/sup> <strong>M i maxi<\/strong> <sup>mus<\/sup> <strong>L<\/strong><\/p>\n<p>Caldera gran per cremar estelles o pellets amb filtre electrost\u00e0tic de pols fina integrat. La recirculaci\u00f3 integrada dels gasos d&#8217;escapament de s\u00e8rie garanteix una combusti\u00f3 estable i amigable amb els materials fins i tot amb productes molt secs i contraresta l&#8217;esc\u00f2ria del combustible. Unitat d&#8217;intercanviador de calor amb tubs llisos verticals, escariadors totalment autonetejables i plaques de desviaci\u00f3 de flux optimitzades per a la m\u00e0xima efici\u00e8ncia. El ventilador amb tecnologia de motor CE en combinaci\u00f3 amb la sonda lambda garanteix una combusti\u00f3 neta i eficient fins i tot en diferents rangs de rendiment. Un filtre electrost\u00e0tic de pols fina amb neteja c\u00edclica autom\u00e0tica recull les \u00faltimes part\u00edcules de pols fines dels gasos d&#8217;escapament. La cendra es transporta autom\u00e0ticament a un gran contenidor de cendres per a una f\u00e0cil eliminaci\u00f3. Opcionalment amb desc\u00e0rrega autom\u00e0tica de cendres en un contenidor est\u00e0ndard de 240 l o contenidor inclinat de 600 l. M\u00e0xima protecci\u00f3 contra el retroc\u00e9s gr\u00e0cies a la v\u00e0lvula rotativa d&#8217;un sol eix i una c\u00e0mera.       <\/p>\n<p><strong>Control<\/strong> t\u00e0ctil <strong>Eco<\/strong> <sup><br \/>\n  <em>manager<\/em><br \/>\n<\/sup><\/p>\n<p>Complet amb pantalla t\u00e0ctil a color de 7&#8243;, ampliable fins a un m\u00e0xim de 8 circuits de calefacci\u00f3, 4 buffers i 4 dip\u00f2sits d&#8217;aigua calenta, 4 m\u00f2duls d&#8217;aigua dol\u00e7a amb recirculaci\u00f3, regulaci\u00f3 diferencial i fins a 2 circuits solars triples. Visualitzaci\u00f3 en tel\u00e8fon intel\u00b7ligent, PC i tauleta possible mitjan\u00e7ant l&#8217;aplicaci\u00f3 SOLARFOCUS o VNC. La interf\u00edcie Modbus TCP disponible permet la integraci\u00f3, p. tamb\u00e9 \u00e9s possible utilitzar un convertidor.   <\/p>\n","protected":false},"excerpt":{"rendered":"<p>Caldera gran per cremar estelles o pellets amb filtre electrost\u00e0tic de pols fina integrat<\/p>\n","protected":false},"featured_media":1148,"comment_status":"open","ping_status":"closed","template":"","meta":{"_acf_changed":false},"product_brand":[285],"product_cat":[330,329,328],"product_tag":[],"class_list":{"0":"post-3189","1":"product","2":"type-product","3":"status-publish","4":"has-post-thumbnail","6":"product_brand-solarfocus","7":"product_cat-calderes-de-biomassa","8":"product_cat-calderes-i-estufes","9":"product_cat-equipaments-i-accessoris","10":"pa_brand-solarfocus-ca","11":"pa_woodtype-estelles-ca","12":"pa_woodtype-pellet-ca","14":"first","15":"onbackorder","16":"taxable","17":"shipping-taxable","18":"purchasable","19":"product-type-simple"},"acf":[],"yoast_head":"<!-- This site is optimized with the Yoast SEO plugin v27.3 - https:\/\/yoast.com\/product\/yoast-seo-wordpress\/ -->\n<title>M\u00e0xim - BioPlace<\/title>\n<meta name=\"robots\" content=\"index, follow, max-snippet:-1, max-image-preview:large, max-video-preview:-1\" \/>\n<link rel=\"canonical\" href=\"https:\/\/bioplace.biz\/ca\/producto\/maxim\/\" \/>\n<meta property=\"og:locale\" content=\"ca_ES\" \/>\n<meta property=\"og:type\" content=\"article\" \/>\n<meta property=\"og:title\" content=\"M\u00e0xim - BioPlace\" \/>\n<meta property=\"og:description\" content=\"Caldera gran per cremar estelles o pellets amb filtre electrost\u00e0tic de pols fina integrat\" \/>\n<meta property=\"og:url\" content=\"https:\/\/bioplace.biz\/ca\/producto\/maxim\/\" \/>\n<meta property=\"og:site_name\" content=\"BioPlace\" \/>\n<meta property=\"article:modified_time\" content=\"2025-10-02T16:09:48+00:00\" \/>\n<meta property=\"og:image\" content=\"https:\/\/bioplace.biz\/wp-content\/uploads\/2024\/11\/maximus_2021.webp\" \/>\n\t<meta property=\"og:image:width\" content=\"370\" \/>\n\t<meta property=\"og:image:height\" content=\"270\" \/>\n\t<meta property=\"og:image:type\" content=\"image\/webp\" \/>\n<meta name=\"twitter:card\" content=\"summary_large_image\" \/>\n<meta name=\"twitter:label1\" content=\"Temps estimat de lectura\" \/>\n\t<meta name=\"twitter:data1\" content=\"1 minut\" \/>\n<script type=\"application\/ld+json\" class=\"yoast-schema-graph\">{\"@context\":\"https:\\\/\\\/schema.org\",\"@graph\":[{\"@type\":\"WebPage\",\"@id\":\"https:\\\/\\\/bioplace.biz\\\/ca\\\/producto\\\/maxim\\\/\",\"url\":\"https:\\\/\\\/bioplace.biz\\\/ca\\\/producto\\\/maxim\\\/\",\"name\":\"M\u00e0xim - BioPlace\",\"isPartOf\":{\"@id\":\"https:\\\/\\\/bioplace.biz\\\/ca\\\/#website\"},\"primaryImageOfPage\":{\"@id\":\"https:\\\/\\\/bioplace.biz\\\/ca\\\/producto\\\/maxim\\\/#primaryimage\"},\"image\":{\"@id\":\"https:\\\/\\\/bioplace.biz\\\/ca\\\/producto\\\/maxim\\\/#primaryimage\"},\"thumbnailUrl\":\"https:\\\/\\\/bioplace.biz\\\/wp-content\\\/uploads\\\/2024\\\/11\\\/maximus_2021.webp\",\"datePublished\":\"2024-11-23T17:16:04+00:00\",\"dateModified\":\"2025-10-02T16:09:48+00:00\",\"breadcrumb\":{\"@id\":\"https:\\\/\\\/bioplace.biz\\\/ca\\\/producto\\\/maxim\\\/#breadcrumb\"},\"inLanguage\":\"ca\",\"potentialAction\":[{\"@type\":\"ReadAction\",\"target\":[\"https:\\\/\\\/bioplace.biz\\\/ca\\\/producto\\\/maxim\\\/\"]}]},{\"@type\":\"ImageObject\",\"inLanguage\":\"ca\",\"@id\":\"https:\\\/\\\/bioplace.biz\\\/ca\\\/producto\\\/maxim\\\/#primaryimage\",\"url\":\"https:\\\/\\\/bioplace.biz\\\/wp-content\\\/uploads\\\/2024\\\/11\\\/maximus_2021.webp\",\"contentUrl\":\"https:\\\/\\\/bioplace.biz\\\/wp-content\\\/uploads\\\/2024\\\/11\\\/maximus_2021.webp\",\"width\":370,\"height\":270},{\"@type\":\"BreadcrumbList\",\"@id\":\"https:\\\/\\\/bioplace.biz\\\/ca\\\/producto\\\/maxim\\\/#breadcrumb\",\"itemListElement\":[{\"@type\":\"ListItem\",\"position\":1,\"name\":\"Casa\",\"item\":\"https:\\\/\\\/bioplace.biz\\\/ca\\\/\"},{\"@type\":\"ListItem\",\"position\":2,\"name\":\"Botiga\",\"item\":\"https:\\\/\\\/bioplace.biz\\\/ca\\\/botiga\\\/\"},{\"@type\":\"ListItem\",\"position\":3,\"name\":\"M\u00e0xim\"}]},{\"@type\":\"WebSite\",\"@id\":\"https:\\\/\\\/bioplace.biz\\\/ca\\\/#website\",\"url\":\"https:\\\/\\\/bioplace.biz\\\/ca\\\/\",\"name\":\"BioPlace\",\"description\":\"Bioenergy Products\u00a0Marketplace\",\"publisher\":{\"@id\":\"https:\\\/\\\/bioplace.biz\\\/ca\\\/#organization\"},\"potentialAction\":[{\"@type\":\"SearchAction\",\"target\":{\"@type\":\"EntryPoint\",\"urlTemplate\":\"https:\\\/\\\/bioplace.biz\\\/ca\\\/?s={search_term_string}\"},\"query-input\":{\"@type\":\"PropertyValueSpecification\",\"valueRequired\":true,\"valueName\":\"search_term_string\"}}],\"inLanguage\":\"ca\"},{\"@type\":\"Organization\",\"@id\":\"https:\\\/\\\/bioplace.biz\\\/ca\\\/#organization\",\"name\":\"BioPlace\",\"url\":\"https:\\\/\\\/bioplace.biz\\\/ca\\\/\",\"logo\":{\"@type\":\"ImageObject\",\"inLanguage\":\"ca\",\"@id\":\"https:\\\/\\\/bioplace.biz\\\/ca\\\/#\\\/schema\\\/logo\\\/image\\\/\",\"url\":\"https:\\\/\\\/bioplace.biz\\\/wp-content\\\/uploads\\\/2024\\\/09\\\/Logo-Biohome_1.webp\",\"contentUrl\":\"https:\\\/\\\/bioplace.biz\\\/wp-content\\\/uploads\\\/2024\\\/09\\\/Logo-Biohome_1.webp\",\"width\":435,\"height\":60,\"caption\":\"BioPlace\"},\"image\":{\"@id\":\"https:\\\/\\\/bioplace.biz\\\/ca\\\/#\\\/schema\\\/logo\\\/image\\\/\"}}]}<\/script>\n<!-- \/ Yoast SEO plugin. -->","yoast_head_json":{"title":"M\u00e0xim - BioPlace","robots":{"index":"index","follow":"follow","max-snippet":"max-snippet:-1","max-image-preview":"max-image-preview:large","max-video-preview":"max-video-preview:-1"},"canonical":"https:\/\/bioplace.biz\/ca\/producto\/maxim\/","og_locale":"ca_ES","og_type":"article","og_title":"M\u00e0xim - BioPlace","og_description":"Caldera gran per cremar estelles o pellets amb filtre electrost\u00e0tic de pols fina integrat","og_url":"https:\/\/bioplace.biz\/ca\/producto\/maxim\/","og_site_name":"BioPlace","article_modified_time":"2025-10-02T16:09:48+00:00","og_image":[{"width":370,"height":270,"url":"https:\/\/bioplace.biz\/wp-content\/uploads\/2024\/11\/maximus_2021.webp","type":"image\/webp"}],"twitter_card":"summary_large_image","twitter_misc":{"Temps estimat de lectura":"1 minut"},"schema":{"@context":"https:\/\/schema.org","@graph":[{"@type":"WebPage","@id":"https:\/\/bioplace.biz\/ca\/producto\/maxim\/","url":"https:\/\/bioplace.biz\/ca\/producto\/maxim\/","name":"M\u00e0xim - BioPlace","isPartOf":{"@id":"https:\/\/bioplace.biz\/ca\/#website"},"primaryImageOfPage":{"@id":"https:\/\/bioplace.biz\/ca\/producto\/maxim\/#primaryimage"},"image":{"@id":"https:\/\/bioplace.biz\/ca\/producto\/maxim\/#primaryimage"},"thumbnailUrl":"https:\/\/bioplace.biz\/wp-content\/uploads\/2024\/11\/maximus_2021.webp","datePublished":"2024-11-23T17:16:04+00:00","dateModified":"2025-10-02T16:09:48+00:00","breadcrumb":{"@id":"https:\/\/bioplace.biz\/ca\/producto\/maxim\/#breadcrumb"},"inLanguage":"ca","potentialAction":[{"@type":"ReadAction","target":["https:\/\/bioplace.biz\/ca\/producto\/maxim\/"]}]},{"@type":"ImageObject","inLanguage":"ca","@id":"https:\/\/bioplace.biz\/ca\/producto\/maxim\/#primaryimage","url":"https:\/\/bioplace.biz\/wp-content\/uploads\/2024\/11\/maximus_2021.webp","contentUrl":"https:\/\/bioplace.biz\/wp-content\/uploads\/2024\/11\/maximus_2021.webp","width":370,"height":270},{"@type":"BreadcrumbList","@id":"https:\/\/bioplace.biz\/ca\/producto\/maxim\/#breadcrumb","itemListElement":[{"@type":"ListItem","position":1,"name":"Casa","item":"https:\/\/bioplace.biz\/ca\/"},{"@type":"ListItem","position":2,"name":"Botiga","item":"https:\/\/bioplace.biz\/ca\/botiga\/"},{"@type":"ListItem","position":3,"name":"M\u00e0xim"}]},{"@type":"WebSite","@id":"https:\/\/bioplace.biz\/ca\/#website","url":"https:\/\/bioplace.biz\/ca\/","name":"BioPlace","description":"Bioenergy Products\u00a0Marketplace","publisher":{"@id":"https:\/\/bioplace.biz\/ca\/#organization"},"potentialAction":[{"@type":"SearchAction","target":{"@type":"EntryPoint","urlTemplate":"https:\/\/bioplace.biz\/ca\/?s={search_term_string}"},"query-input":{"@type":"PropertyValueSpecification","valueRequired":true,"valueName":"search_term_string"}}],"inLanguage":"ca"},{"@type":"Organization","@id":"https:\/\/bioplace.biz\/ca\/#organization","name":"BioPlace","url":"https:\/\/bioplace.biz\/ca\/","logo":{"@type":"ImageObject","inLanguage":"ca","@id":"https:\/\/bioplace.biz\/ca\/#\/schema\/logo\/image\/","url":"https:\/\/bioplace.biz\/wp-content\/uploads\/2024\/09\/Logo-Biohome_1.webp","contentUrl":"https:\/\/bioplace.biz\/wp-content\/uploads\/2024\/09\/Logo-Biohome_1.webp","width":435,"height":60,"caption":"BioPlace"},"image":{"@id":"https:\/\/bioplace.biz\/ca\/#\/schema\/logo\/image\/"}}]}},"_links":{"self":[{"href":"https:\/\/bioplace.biz\/ca\/wp-json\/wp\/v2\/product\/3189","targetHints":{"allow":["GET"]}}],"collection":[{"href":"https:\/\/bioplace.biz\/ca\/wp-json\/wp\/v2\/product"}],"about":[{"href":"https:\/\/bioplace.biz\/ca\/wp-json\/wp\/v2\/types\/product"}],"replies":[{"embeddable":true,"href":"https:\/\/bioplace.biz\/ca\/wp-json\/wp\/v2\/comments?post=3189"}],"version-history":[{"count":0,"href":"https:\/\/bioplace.biz\/ca\/wp-json\/wp\/v2\/product\/3189\/revisions"}],"wp:featuredmedia":[{"embeddable":true,"href":"https:\/\/bioplace.biz\/ca\/wp-json\/wp\/v2\/media\/1148"}],"wp:attachment":[{"href":"https:\/\/bioplace.biz\/ca\/wp-json\/wp\/v2\/media?parent=3189"}],"wp:term":[{"taxonomy":"product_brand","embeddable":true,"href":"https:\/\/bioplace.biz\/ca\/wp-json\/wp\/v2\/product_brand?post=3189"},{"taxonomy":"product_cat","embeddable":true,"href":"https:\/\/bioplace.biz\/ca\/wp-json\/wp\/v2\/product_cat?post=3189"},{"taxonomy":"product_tag","embeddable":true,"href":"https:\/\/bioplace.biz\/ca\/wp-json\/wp\/v2\/product_tag?post=3189"}],"curies":[{"name":"wp","href":"https:\/\/api.w.org\/{rel}","templated":true}]}}